{"id":9981,"date":"2025-05-22T18:30:23","date_gmt":"2025-05-22T18:30:23","guid":{"rendered":"https:\/\/grkfasteners.ca\/?post_type=product&#038;p=9981"},"modified":"2025-06-09T16:48:39","modified_gmt":"2025-06-09T16:48:39","slug":"rondelles-architechturales-grk","status":"publish","type":"product","link":"https:\/\/grkfasteners.ca\/fr\/produit\/rondelles-architechturales-grk\/","title":{"rendered":"RONDELLES ARCHITECHTURALES GRK"},"content":{"rendered":"<ul>\n<li>Appariement aux vis RSS noires de 5\/16 po (8 mm ) et 3\/8 po (9,5 mm)<\/li>\n<li>Faciles \u00e0 installer<\/li>\n<li>Approuv\u00e9es pour l\u2019ext\u00e9rieur<\/li>\n<li>Rev\u00eatement noir pour un aspect d\u00e9coratif<\/li>\n<li>Largeur : 1-1\/ 2 po (38 mm)<\/li>\n<li>Approuv\u00e9es pour utilisation int\u00e9rieure et ext\u00e9rieure sur bois trait\u00e9<\/li>\n<\/ul>\n<p>&nbsp;<\/p>\n<p><strong>ID\u00c9ALES POUR :<\/strong><\/p>\n<ul>\n<li>Pergolas<\/li>\n<li>Finitions architecturales<\/li>\n<li>Bases de poteaux, sangles en T et en L, \u00e9querres<\/li>\n<\/ul>\n","protected":false},"excerpt":{"rendered":"<p>Utilis\u00e9es avec les vis \u00e0 t\u00eate hexagonale GRK RSS noires, les rondelles architecturales offrent l\u2019aspect d\u00e9coratif d\u2019un assemblage par boulon avec la facilit\u00e9 d\u2019utilisation des GRK RSS. Con\u00e7ues exclusivement pour s\u2019adapter aux vis RSS de 5\/16 po (8 mm) et de 3\/8 po (9,5 mm) pour fixer les bases de poteaux, les sangles en T et en L, et les angles dans les pergolas et les finitions architecturales.<\/p>\n","protected":false},"featured_media":9967,"template":"","meta":{"_acf_changed":false,"inline_featured_image":false},"product_brand":[],"product_cat":[],"product_tag":[],"class_list":{"0":"post-9981","1":"product","2":"type-product","3":"status-publish","4":"has-post-thumbnail","7":"first","8":"instock","9":"shipping-taxable","10":"product-type-simple"},"acf":[],"yoast_head":"<!-- This site is optimized with the Yoast SEO plugin v27.2 - https:\/\/yoast.com\/product\/yoast-seo-wordpress\/ -->\n<title>RONDELLES ARCHITECHTURALES GRK - GRK Fasteners<\/title>\n<meta name=\"robots\" content=\"index, follow, max-snippet:-1, max-image-preview:large, max-video-preview:-1\" \/>\n<link rel=\"canonical\" href=\"https:\/\/grkfasteners.ca\/fr\/produit\/rondelles-architechturales-grk\/\" \/>\n<meta property=\"og:locale\" content=\"fr_FR\" \/>\n<meta property=\"og:type\" content=\"article\" \/>\n<meta property=\"og:title\" content=\"RONDELLES ARCHITECHTURALES GRK - GRK Fasteners\" \/>\n<meta property=\"og:description\" content=\"Utilis\u00e9es avec les vis \u00e0 t\u00eate hexagonale GRK RSS noires, les rondelles architecturales offrent l\u2019aspect d\u00e9coratif d\u2019un assemblage par boulon avec la facilit\u00e9 d\u2019utilisation des GRK RSS. Con\u00e7ues exclusivement pour s\u2019adapter aux vis RSS de 5\/16 po (8 mm) et de 3\/8 po (9,5 mm) pour fixer les bases de poteaux, les sangles en T et en L, et les angles dans les pergolas et les finitions architecturales.\" \/>\n<meta property=\"og:url\" content=\"https:\/\/grkfasteners.ca\/fr\/produit\/rondelles-architechturales-grk\/\" \/>\n<meta property=\"og:site_name\" content=\"GRK Fasteners\" \/>\n<meta property=\"article:modified_time\" content=\"2025-06-09T16:48:39+00:00\" \/>\n<meta property=\"og:image\" content=\"https:\/\/grkfasteners.ca\/wp-content\/uploads\/sites\/4\/2025\/05\/Black_Washer-Head-3.5inch-screw-angled.jpg\" \/>\n\t<meta property=\"og:image:width\" content=\"1000\" \/>\n\t<meta property=\"og:image:height\" content=\"1000\" \/>\n\t<meta property=\"og:image:type\" content=\"image\/jpeg\" \/>\n<meta name=\"twitter:card\" content=\"summary_large_image\" \/>\n<meta name=\"twitter:label1\" content=\"Dur\u00e9e de lecture estim\u00e9e\" \/>\n\t<meta name=\"twitter:data1\" content=\"1 minute\" \/>\n<script type=\"application\/ld+json\" class=\"yoast-schema-graph\">{\"@context\":\"https:\/\/schema.org\",\"@graph\":[{\"@type\":\"WebPage\",\"@id\":\"https:\/\/grkfasteners.ca\/fr\/produit\/rondelles-architechturales-grk\/\",\"url\":\"https:\/\/grkfasteners.ca\/fr\/produit\/rondelles-architechturales-grk\/\",\"name\":\"RONDELLES ARCHITECHTURALES GRK - GRK Fasteners\",\"isPartOf\":{\"@id\":\"https:\/\/grkfasteners.ca\/fr\/#website\"},\"primaryImageOfPage\":{\"@id\":\"https:\/\/grkfasteners.ca\/fr\/produit\/rondelles-architechturales-grk\/#primaryimage\"},\"image\":{\"@id\":\"https:\/\/grkfasteners.ca\/fr\/produit\/rondelles-architechturales-grk\/#primaryimage\"},\"thumbnailUrl\":\"https:\/\/grkfasteners.ca\/wp-content\/uploads\/sites\/4\/2025\/05\/Black_Washer-Head-3.5inch-screw-angled.jpg\",\"datePublished\":\"2025-05-22T18:30:23+00:00\",\"dateModified\":\"2025-06-09T16:48:39+00:00\",\"breadcrumb\":{\"@id\":\"https:\/\/grkfasteners.ca\/fr\/produit\/rondelles-architechturales-grk\/#breadcrumb\"},\"inLanguage\":\"fr-FR\",\"potentialAction\":[{\"@type\":\"ReadAction\",\"target\":[\"https:\/\/grkfasteners.ca\/fr\/produit\/rondelles-architechturales-grk\/\"]}]},{\"@type\":\"ImageObject\",\"inLanguage\":\"fr-FR\",\"@id\":\"https:\/\/grkfasteners.ca\/fr\/produit\/rondelles-architechturales-grk\/#primaryimage\",\"url\":\"https:\/\/grkfasteners.ca\/wp-content\/uploads\/sites\/4\/2025\/05\/Black_Washer-Head-3.5inch-screw-angled.jpg\",\"contentUrl\":\"https:\/\/grkfasteners.ca\/wp-content\/uploads\/sites\/4\/2025\/05\/Black_Washer-Head-3.5inch-screw-angled.jpg\",\"width\":1000,\"height\":1000},{\"@type\":\"BreadcrumbList\",\"@id\":\"https:\/\/grkfasteners.ca\/fr\/produit\/rondelles-architechturales-grk\/#breadcrumb\",\"itemListElement\":[{\"@type\":\"ListItem\",\"position\":1,\"name\":\"Home\",\"item\":\"https:\/\/grkfasteners.ca\/fr\/\"},{\"@type\":\"ListItem\",\"position\":2,\"name\":\"Boutique\",\"item\":\"https:\/\/grkfasteners.ca\/fr\/boutique\/\"},{\"@type\":\"ListItem\",\"position\":3,\"name\":\"RONDELLES ARCHITECHTURALES GRK\"}]},{\"@type\":\"WebSite\",\"@id\":\"https:\/\/grkfasteners.ca\/fr\/#website\",\"url\":\"https:\/\/grkfasteners.ca\/fr\/\",\"name\":\"GRK Fasteners\",\"description\":\"Drive with Speed, Quality and Confidence\",\"potentialAction\":[{\"@type\":\"SearchAction\",\"target\":{\"@type\":\"EntryPoint\",\"urlTemplate\":\"https:\/\/grkfasteners.ca\/fr\/?s={search_term_string}\"},\"query-input\":{\"@type\":\"PropertyValueSpecification\",\"valueRequired\":true,\"valueName\":\"search_term_string\"}}],\"inLanguage\":\"fr-FR\"}]}<\/script>\n<!-- \/ Yoast SEO plugin. -->","yoast_head_json":{"title":"RONDELLES ARCHITECHTURALES GRK - GRK Fasteners","robots":{"index":"index","follow":"follow","max-snippet":"max-snippet:-1","max-image-preview":"max-image-preview:large","max-video-preview":"max-video-preview:-1"},"canonical":"https:\/\/grkfasteners.ca\/fr\/produit\/rondelles-architechturales-grk\/","og_locale":"fr_FR","og_type":"article","og_title":"RONDELLES ARCHITECHTURALES GRK - GRK Fasteners","og_description":"Utilis\u00e9es avec les vis \u00e0 t\u00eate hexagonale GRK RSS noires, les rondelles architecturales offrent l\u2019aspect d\u00e9coratif d\u2019un assemblage par boulon avec la facilit\u00e9 d\u2019utilisation des GRK RSS. Con\u00e7ues exclusivement pour s\u2019adapter aux vis RSS de 5\/16 po (8 mm) et de 3\/8 po (9,5 mm) pour fixer les bases de poteaux, les sangles en T et en L, et les angles dans les pergolas et les finitions architecturales.","og_url":"https:\/\/grkfasteners.ca\/fr\/produit\/rondelles-architechturales-grk\/","og_site_name":"GRK Fasteners","article_modified_time":"2025-06-09T16:48:39+00:00","og_image":[{"width":1000,"height":1000,"url":"https:\/\/grkfasteners.ca\/wp-content\/uploads\/sites\/4\/2025\/05\/Black_Washer-Head-3.5inch-screw-angled.jpg","type":"image\/jpeg"}],"twitter_card":"summary_large_image","twitter_misc":{"Dur\u00e9e de lecture estim\u00e9e":"1 minute"},"schema":{"@context":"https:\/\/schema.org","@graph":[{"@type":"WebPage","@id":"https:\/\/grkfasteners.ca\/fr\/produit\/rondelles-architechturales-grk\/","url":"https:\/\/grkfasteners.ca\/fr\/produit\/rondelles-architechturales-grk\/","name":"RONDELLES ARCHITECHTURALES GRK - GRK Fasteners","isPartOf":{"@id":"https:\/\/grkfasteners.ca\/fr\/#website"},"primaryImageOfPage":{"@id":"https:\/\/grkfasteners.ca\/fr\/produit\/rondelles-architechturales-grk\/#primaryimage"},"image":{"@id":"https:\/\/grkfasteners.ca\/fr\/produit\/rondelles-architechturales-grk\/#primaryimage"},"thumbnailUrl":"https:\/\/grkfasteners.ca\/wp-content\/uploads\/sites\/4\/2025\/05\/Black_Washer-Head-3.5inch-screw-angled.jpg","datePublished":"2025-05-22T18:30:23+00:00","dateModified":"2025-06-09T16:48:39+00:00","breadcrumb":{"@id":"https:\/\/grkfasteners.ca\/fr\/produit\/rondelles-architechturales-grk\/#breadcrumb"},"inLanguage":"fr-FR","potentialAction":[{"@type":"ReadAction","target":["https:\/\/grkfasteners.ca\/fr\/produit\/rondelles-architechturales-grk\/"]}]},{"@type":"ImageObject","inLanguage":"fr-FR","@id":"https:\/\/grkfasteners.ca\/fr\/produit\/rondelles-architechturales-grk\/#primaryimage","url":"https:\/\/grkfasteners.ca\/wp-content\/uploads\/sites\/4\/2025\/05\/Black_Washer-Head-3.5inch-screw-angled.jpg","contentUrl":"https:\/\/grkfasteners.ca\/wp-content\/uploads\/sites\/4\/2025\/05\/Black_Washer-Head-3.5inch-screw-angled.jpg","width":1000,"height":1000},{"@type":"BreadcrumbList","@id":"https:\/\/grkfasteners.ca\/fr\/produit\/rondelles-architechturales-grk\/#breadcrumb","itemListElement":[{"@type":"ListItem","position":1,"name":"Home","item":"https:\/\/grkfasteners.ca\/fr\/"},{"@type":"ListItem","position":2,"name":"Boutique","item":"https:\/\/grkfasteners.ca\/fr\/boutique\/"},{"@type":"ListItem","position":3,"name":"RONDELLES ARCHITECHTURALES GRK"}]},{"@type":"WebSite","@id":"https:\/\/grkfasteners.ca\/fr\/#website","url":"https:\/\/grkfasteners.ca\/fr\/","name":"GRK Fasteners","description":"Drive with Speed, Quality and Confidence","potentialAction":[{"@type":"SearchAction","target":{"@type":"EntryPoint","urlTemplate":"https:\/\/grkfasteners.ca\/fr\/?s={search_term_string}"},"query-input":{"@type":"PropertyValueSpecification","valueRequired":true,"valueName":"search_term_string"}}],"inLanguage":"fr-FR"}]}},"_links":{"self":[{"href":"https:\/\/grkfasteners.ca\/fr\/wp-json\/wp\/v2\/product\/9981","targetHints":{"allow":["GET"]}}],"collection":[{"href":"https:\/\/grkfasteners.ca\/fr\/wp-json\/wp\/v2\/product"}],"about":[{"href":"https:\/\/grkfasteners.ca\/fr\/wp-json\/wp\/v2\/types\/product"}],"wp:featuredmedia":[{"embeddable":true,"href":"https:\/\/grkfasteners.ca\/fr\/wp-json\/wp\/v2\/media\/9967"}],"wp:attachment":[{"href":"https:\/\/grkfasteners.ca\/fr\/wp-json\/wp\/v2\/media?parent=9981"}],"wp:term":[{"taxonomy":"product_brand","embeddable":true,"href":"https:\/\/grkfasteners.ca\/fr\/wp-json\/wp\/v2\/product_brand?post=9981"},{"taxonomy":"product_cat","embeddable":true,"href":"https:\/\/grkfasteners.ca\/fr\/wp-json\/wp\/v2\/product_cat?post=9981"},{"taxonomy":"product_tag","embeddable":true,"href":"https:\/\/grkfasteners.ca\/fr\/wp-json\/wp\/v2\/product_tag?post=9981"}],"curies":[{"name":"wp","href":"https:\/\/api.w.org\/{rel}","templated":true}]}}