{"id":7522,"date":"2020-09-04T20:24:03","date_gmt":"2020-09-04T20:24:03","guid":{"rendered":"https:\/\/grkfasteners.ca\/product\/star-drive-bits\/"},"modified":"2021-02-11T04:00:27","modified_gmt":"2021-02-11T04:00:27","slug":"star-drive-bits","status":"publish","type":"product","link":"https:\/\/grkfasteners.ca\/fr\/produit\/star-drive-bits\/","title":{"rendered":"M\u00e8ches Star Drive"},"content":{"rendered":"<p>&nbsp;<\/p>\n<table style=\"height: 640px\" width=\"642\">\n<tbody>\n<tr>\n<td style=\"text-align: center\" width=\"312\">&nbsp;<\/p>\n<p style=\"text-align: left\"><strong><img loading=\"lazy\" decoding=\"async\" class=\"size-full wp-image-7091 alignleft\" src=\"http:\/\/grkfasteners.ca\/wp-content\/uploads\/sites\/4\/2020\/09\/T10.jpg\" alt=\"\" width=\"137\" height=\"126\" \/><\/strong><\/p>\n<p><strong>M\u00c8CHE\u00a0<\/strong><strong>T-10<\/strong><\/p>\n<p><strong>STAR DRIVE <\/strong><br \/>\nCompatible\u00a0:<br \/>\n&#8211; Trim<sup>MC<\/sup> T\u00eate n<sup>o<\/sup> 8<\/td>\n<td width=\"312\">&nbsp;<\/p>\n<p style=\"text-align: left\"><strong><img loading=\"lazy\" decoding=\"async\" class=\"size-full wp-image-7092 alignleft\" src=\"http:\/\/grkfasteners.ca\/wp-content\/uploads\/sites\/4\/2020\/09\/T15.jpg\" alt=\"\" width=\"139\" height=\"123\" \/>M\u00c8CHE\u00a0T-15<\/strong><\/p>\n<p style=\"text-align: left\"><strong>STAR DRIVE <\/strong><br \/>\nCompatible\u00a0:<br \/>\n\u2013\u00a0Vis R4<sup>MC<\/sup> n<sup>o<\/sup>\u00a06 et n<sup>o<\/sup>\u00a08<br \/>\n\u2013\u00a0Trim<sup>MC<\/sup> T\u00eate n<sup>o<\/sup> 9<br \/>\n\u2013 Vis Cabinet<sup>MC<\/sup><strong><br \/>\n<\/strong><\/p>\n<p>&nbsp;<\/td>\n<\/tr>\n<tr>\n<td style=\"text-align: left\" width=\"312\"><strong><strong><img loading=\"lazy\" decoding=\"async\" class=\"size-full wp-image-7093 alignleft\" src=\"http:\/\/grkfasteners.ca\/wp-content\/uploads\/sites\/4\/2020\/09\/T20.jpg\" alt=\"\" width=\"139\" height=\"123\" \/><\/strong><\/strong><strong>M\u00c8CHE\u00a0<\/strong><strong>T-20<\/strong><\/p>\n<p><strong>STAR DRIVE <\/strong><br \/>\nCompatible\u00a0:<br \/>\n\u2013\u00a0Vis Kameleon<\/td>\n<td style=\"text-align: left\" width=\"312\"><strong><img loading=\"lazy\" decoding=\"async\" class=\"size-full wp-image-7094 alignleft\" src=\"http:\/\/grkfasteners.ca\/wp-content\/uploads\/sites\/4\/2020\/09\/T25.jpg\" alt=\"\" width=\"139\" height=\"123\" \/>M\u00c8CHE\u00a0T-25<\/strong><\/p>\n<p><strong>STAR DRIVE<br \/>\n<\/strong>Compatible\u00a0:<br \/>\n\u2013 R4<sup>MC<\/sup> n<sup>o<\/sup> 9, n<sup>o<\/sup> 10, n<sup>o<\/sup> 12<br \/>\n\u2013 RSS<sup>MC<\/sup> n<sup>o<\/sup> 10 et 1\/4 po<br \/>\n\u2013 Caliburn<sup>MC<\/sup> et Caliburn PH<sup>MC<\/sup><\/td>\n<\/tr>\n<tr>\n<td style=\"text-align: left\" width=\"312\"><strong><strong><img loading=\"lazy\" decoding=\"async\" class=\"size-full wp-image-7095 alignleft\" src=\"http:\/\/grkfasteners.ca\/wp-content\/uploads\/sites\/4\/2020\/09\/T30.jpg\" alt=\"\" width=\"139\" height=\"123\" \/><\/strong><\/strong><strong>M\u00c8CHE\u00a0<\/strong><strong>T-30 <\/strong><\/p>\n<p><strong>STAR DRIVE <\/strong><br \/>\nCompatible\u00a0:<br \/>\n\u2013\u00a0RSS<sup>MC<\/sup> 5\/16 po et 3\/8 po<br \/>\n\u2013 Caliburn<sup>MC<\/sup> et Caliburn PH<sup>MC<\/sup><\/td>\n<td style=\"text-align: left\" width=\"312\"><strong><strong><img loading=\"lazy\" decoding=\"async\" class=\"size-full wp-image-7096 alignleft\" src=\"http:\/\/grkfasteners.ca\/wp-content\/uploads\/sites\/4\/2020\/09\/T40.jpg\" alt=\"\" width=\"139\" height=\"105\" \/><\/strong><\/strong><strong>M\u00c8CHE\u00a0<\/strong><strong>T-40<\/strong><\/p>\n<p><strong>STAR DRIVE <\/strong><br \/>\nCompatible\u00a0:<br \/>\n&#8211; Caliburn XL<sup>MC<\/sup><br \/>\n\u2013\u00a0RSS<sup>MC<\/sup> 3\/8 po<\/td>\n<\/tr>\n<tr>\n<td style=\"text-align: left\" width=\"312\"><strong><strong><img loading=\"lazy\" decoding=\"async\" class=\"size-full wp-image-7097 alignleft\" src=\"http:\/\/grkfasteners.ca\/wp-content\/uploads\/sites\/4\/2020\/09\/TopStar.jpg\" alt=\"\" width=\"199\" height=\"115\" \/><\/strong><\/strong><strong>COURONNE\/M\u00c8CHE<\/strong><\/p>\n<p><strong>TOP STAR<sup>MC<\/sup> <\/strong><br \/>\nCompatible\u00a0:<br \/>\n&#8211; Top Star<sup>MC<\/sup><\/td>\n<td width=\"312\"><\/td>\n<\/tr>\n<\/tbody>\n<\/table>\n<p>&nbsp;<\/p>\n","protected":false},"excerpt":{"rendered":"<p>Les m\u00e8ches GRK Star Drive offrent six points de contact avec nos vis \u00e0 empreinte hexalobulaire. La m\u00e8che aide \u00e0 \u00e9liminer le d\u00e9nudage, pour une productivit\u00e9 accrue.<br \/>\nLa plupart des m\u00e8ches sont offertes en longueur de 2\u00a0po et de 3\u00a0po.<\/p>\n","protected":false},"featured_media":7476,"template":"","meta":{"_acf_changed":false,"inline_featured_image":false},"product_brand":[],"product_cat":[159],"product_tag":[],"class_list":{"0":"post-7522","1":"product","2":"type-product","3":"status-publish","4":"has-post-thumbnail","6":"product_cat-bits-fr","8":"first","9":"instock","10":"product-type-simple"},"acf":[],"yoast_head":"<!-- This site is optimized with the Yoast SEO plugin v27.2 - https:\/\/yoast.com\/product\/yoast-seo-wordpress\/ -->\n<title>M\u00e8ches Star Drive - GRK Fasteners<\/title>\n<meta name=\"robots\" content=\"index, follow, max-snippet:-1, max-image-preview:large, max-video-preview:-1\" \/>\n<link rel=\"canonical\" href=\"https:\/\/grkfasteners.ca\/fr\/produit\/star-drive-bits\/\" \/>\n<meta property=\"og:locale\" content=\"fr_FR\" \/>\n<meta property=\"og:type\" content=\"article\" \/>\n<meta property=\"og:title\" content=\"M\u00e8ches Star Drive - GRK Fasteners\" \/>\n<meta property=\"og:description\" content=\"Les m\u00e8ches GRK Star Drive offrent six points de contact avec nos vis \u00e0 empreinte hexalobulaire. La m\u00e8che aide \u00e0 \u00e9liminer le d\u00e9nudage, pour une productivit\u00e9 accrue. La plupart des m\u00e8ches sont offertes en longueur de 2\u00a0po et de 3\u00a0po.\" \/>\n<meta property=\"og:url\" content=\"https:\/\/grkfasteners.ca\/fr\/produit\/star-drive-bits\/\" \/>\n<meta property=\"og:site_name\" content=\"GRK Fasteners\" \/>\n<meta property=\"article:modified_time\" content=\"2021-02-11T04:00:27+00:00\" \/>\n<meta property=\"og:image\" content=\"https:\/\/grkfasteners.ca\/wp-content\/uploads\/sites\/4\/2020\/09\/GRK_Bits_87419-Package.png\" \/>\n\t<meta property=\"og:image:width\" content=\"453\" \/>\n\t<meta property=\"og:image:height\" content=\"453\" \/>\n\t<meta property=\"og:image:type\" content=\"image\/png\" \/>\n<meta name=\"twitter:card\" content=\"summary_large_image\" \/>\n<script type=\"application\/ld+json\" class=\"yoast-schema-graph\">{\"@context\":\"https:\/\/schema.org\",\"@graph\":[{\"@type\":\"WebPage\",\"@id\":\"https:\/\/grkfasteners.ca\/fr\/produit\/star-drive-bits\/\",\"url\":\"https:\/\/grkfasteners.ca\/fr\/produit\/star-drive-bits\/\",\"name\":\"M\u00e8ches Star Drive - GRK Fasteners\",\"isPartOf\":{\"@id\":\"https:\/\/grkfasteners.ca\/fr\/#website\"},\"primaryImageOfPage\":{\"@id\":\"https:\/\/grkfasteners.ca\/fr\/produit\/star-drive-bits\/#primaryimage\"},\"image\":{\"@id\":\"https:\/\/grkfasteners.ca\/fr\/produit\/star-drive-bits\/#primaryimage\"},\"thumbnailUrl\":\"https:\/\/grkfasteners.ca\/wp-content\/uploads\/sites\/4\/2020\/09\/GRK_Bits_87419-Package.png\",\"datePublished\":\"2020-09-04T20:24:03+00:00\",\"dateModified\":\"2021-02-11T04:00:27+00:00\",\"breadcrumb\":{\"@id\":\"https:\/\/grkfasteners.ca\/fr\/produit\/star-drive-bits\/#breadcrumb\"},\"inLanguage\":\"fr-FR\",\"potentialAction\":[{\"@type\":\"ReadAction\",\"target\":[\"https:\/\/grkfasteners.ca\/fr\/produit\/star-drive-bits\/\"]}]},{\"@type\":\"ImageObject\",\"inLanguage\":\"fr-FR\",\"@id\":\"https:\/\/grkfasteners.ca\/fr\/produit\/star-drive-bits\/#primaryimage\",\"url\":\"https:\/\/grkfasteners.ca\/wp-content\/uploads\/sites\/4\/2020\/09\/GRK_Bits_87419-Package.png\",\"contentUrl\":\"https:\/\/grkfasteners.ca\/wp-content\/uploads\/sites\/4\/2020\/09\/GRK_Bits_87419-Package.png\",\"width\":453,\"height\":453},{\"@type\":\"BreadcrumbList\",\"@id\":\"https:\/\/grkfasteners.ca\/fr\/produit\/star-drive-bits\/#breadcrumb\",\"itemListElement\":[{\"@type\":\"ListItem\",\"position\":1,\"name\":\"Home\",\"item\":\"https:\/\/grkfasteners.ca\/fr\/\"},{\"@type\":\"ListItem\",\"position\":2,\"name\":\"Boutique\",\"item\":\"https:\/\/grkfasteners.ca\/fr\/boutique\/\"},{\"@type\":\"ListItem\",\"position\":3,\"name\":\"M\u00e8ches Star Drive\"}]},{\"@type\":\"WebSite\",\"@id\":\"https:\/\/grkfasteners.ca\/fr\/#website\",\"url\":\"https:\/\/grkfasteners.ca\/fr\/\",\"name\":\"GRK Fasteners\",\"description\":\"Drive with Speed, Quality and Confidence\",\"potentialAction\":[{\"@type\":\"SearchAction\",\"target\":{\"@type\":\"EntryPoint\",\"urlTemplate\":\"https:\/\/grkfasteners.ca\/fr\/?s={search_term_string}\"},\"query-input\":{\"@type\":\"PropertyValueSpecification\",\"valueRequired\":true,\"valueName\":\"search_term_string\"}}],\"inLanguage\":\"fr-FR\"}]}<\/script>\n<!-- \/ Yoast SEO plugin. -->","yoast_head_json":{"title":"M\u00e8ches Star Drive - GRK Fasteners","robots":{"index":"index","follow":"follow","max-snippet":"max-snippet:-1","max-image-preview":"max-image-preview:large","max-video-preview":"max-video-preview:-1"},"canonical":"https:\/\/grkfasteners.ca\/fr\/produit\/star-drive-bits\/","og_locale":"fr_FR","og_type":"article","og_title":"M\u00e8ches Star Drive - GRK Fasteners","og_description":"Les m\u00e8ches GRK Star Drive offrent six points de contact avec nos vis \u00e0 empreinte hexalobulaire. La m\u00e8che aide \u00e0 \u00e9liminer le d\u00e9nudage, pour une productivit\u00e9 accrue. La plupart des m\u00e8ches sont offertes en longueur de 2\u00a0po et de 3\u00a0po.","og_url":"https:\/\/grkfasteners.ca\/fr\/produit\/star-drive-bits\/","og_site_name":"GRK Fasteners","article_modified_time":"2021-02-11T04:00:27+00:00","og_image":[{"width":453,"height":453,"url":"https:\/\/grkfasteners.ca\/wp-content\/uploads\/sites\/4\/2020\/09\/GRK_Bits_87419-Package.png","type":"image\/png"}],"twitter_card":"summary_large_image","schema":{"@context":"https:\/\/schema.org","@graph":[{"@type":"WebPage","@id":"https:\/\/grkfasteners.ca\/fr\/produit\/star-drive-bits\/","url":"https:\/\/grkfasteners.ca\/fr\/produit\/star-drive-bits\/","name":"M\u00e8ches Star Drive - GRK Fasteners","isPartOf":{"@id":"https:\/\/grkfasteners.ca\/fr\/#website"},"primaryImageOfPage":{"@id":"https:\/\/grkfasteners.ca\/fr\/produit\/star-drive-bits\/#primaryimage"},"image":{"@id":"https:\/\/grkfasteners.ca\/fr\/produit\/star-drive-bits\/#primaryimage"},"thumbnailUrl":"https:\/\/grkfasteners.ca\/wp-content\/uploads\/sites\/4\/2020\/09\/GRK_Bits_87419-Package.png","datePublished":"2020-09-04T20:24:03+00:00","dateModified":"2021-02-11T04:00:27+00:00","breadcrumb":{"@id":"https:\/\/grkfasteners.ca\/fr\/produit\/star-drive-bits\/#breadcrumb"},"inLanguage":"fr-FR","potentialAction":[{"@type":"ReadAction","target":["https:\/\/grkfasteners.ca\/fr\/produit\/star-drive-bits\/"]}]},{"@type":"ImageObject","inLanguage":"fr-FR","@id":"https:\/\/grkfasteners.ca\/fr\/produit\/star-drive-bits\/#primaryimage","url":"https:\/\/grkfasteners.ca\/wp-content\/uploads\/sites\/4\/2020\/09\/GRK_Bits_87419-Package.png","contentUrl":"https:\/\/grkfasteners.ca\/wp-content\/uploads\/sites\/4\/2020\/09\/GRK_Bits_87419-Package.png","width":453,"height":453},{"@type":"BreadcrumbList","@id":"https:\/\/grkfasteners.ca\/fr\/produit\/star-drive-bits\/#breadcrumb","itemListElement":[{"@type":"ListItem","position":1,"name":"Home","item":"https:\/\/grkfasteners.ca\/fr\/"},{"@type":"ListItem","position":2,"name":"Boutique","item":"https:\/\/grkfasteners.ca\/fr\/boutique\/"},{"@type":"ListItem","position":3,"name":"M\u00e8ches Star Drive"}]},{"@type":"WebSite","@id":"https:\/\/grkfasteners.ca\/fr\/#website","url":"https:\/\/grkfasteners.ca\/fr\/","name":"GRK Fasteners","description":"Drive with Speed, Quality and Confidence","potentialAction":[{"@type":"SearchAction","target":{"@type":"EntryPoint","urlTemplate":"https:\/\/grkfasteners.ca\/fr\/?s={search_term_string}"},"query-input":{"@type":"PropertyValueSpecification","valueRequired":true,"valueName":"search_term_string"}}],"inLanguage":"fr-FR"}]}},"_links":{"self":[{"href":"https:\/\/grkfasteners.ca\/fr\/wp-json\/wp\/v2\/product\/7522","targetHints":{"allow":["GET"]}}],"collection":[{"href":"https:\/\/grkfasteners.ca\/fr\/wp-json\/wp\/v2\/product"}],"about":[{"href":"https:\/\/grkfasteners.ca\/fr\/wp-json\/wp\/v2\/types\/product"}],"wp:featuredmedia":[{"embeddable":true,"href":"https:\/\/grkfasteners.ca\/fr\/wp-json\/wp\/v2\/media\/7476"}],"wp:attachment":[{"href":"https:\/\/grkfasteners.ca\/fr\/wp-json\/wp\/v2\/media?parent=7522"}],"wp:term":[{"taxonomy":"product_brand","embeddable":true,"href":"https:\/\/grkfasteners.ca\/fr\/wp-json\/wp\/v2\/product_brand?post=7522"},{"taxonomy":"product_cat","embeddable":true,"href":"https:\/\/grkfasteners.ca\/fr\/wp-json\/wp\/v2\/product_cat?post=7522"},{"taxonomy":"product_tag","embeddable":true,"href":"https:\/\/grkfasteners.ca\/fr\/wp-json\/wp\/v2\/product_tag?post=7522"}],"curies":[{"name":"wp","href":"https:\/\/api.w.org\/{rel}","templated":true}]}}