{"id":7521,"date":"2020-09-04T20:24:03","date_gmt":"2020-09-04T20:24:03","guid":{"rendered":"https:\/\/grkfasteners.ca\/product\/top-star-adjustable-shim-screw\/"},"modified":"2021-06-09T19:32:03","modified_gmt":"2021-06-09T19:32:03","slug":"vis-dajustement-top-star","status":"publish","type":"product","link":"https:\/\/grkfasteners.ca\/fr\/produit\/vis-dajustement-top-star\/","title":{"rendered":"Vis d\u2019ajustement Top Star"},"content":{"rendered":"<h4><strong>Pour l\u2019installation au niveau de portes et fen\u00eatres de bois.<\/strong><\/h4>\n<p>Le produit est pr\u00e9par\u00e9 pour satisfaire aux besoins des entrepreneurs professionnels et des r\u00e9novateurs de fin de semaine pour rendre le travail plus facile pour une seule personne. Il suffit de visser pour faire les ajustements fins, m\u00eame apr\u00e8s des ann\u00e9es d\u2019utilisation et d\u2019affaissement.<\/p>\n<h2><strong>AVANTAGES<\/strong><\/h2>\n<ul>\n<li><strong>Empreinte hexalobulaire encastr\u00e9e\u00a0: <\/strong>aucun d\u00e9nudage, avec six (6) points de contact.<\/li>\n<li><strong>Un manchon filet\u00e9 de 3\/8 pouce de diam\u00e8tre \u00e0 quatre pointes<\/strong> offre une prise solide dans l\u2019encadrement de bois.<\/li>\n<li>Les <strong>micro-ajustements <\/strong>permettent une installation r\u00e9ellement de niveau.<\/li>\n<li>\u00c0 utiliser avec le syst\u00e8me de <strong>couronne Top Star<sup>MC<\/sup> <\/strong>et le <strong>syst\u00e8me de m\u00e8che hexalobulaire T-15<\/strong>.<\/li>\n<li><strong>Fini zingu\u00e9 <\/strong>pour une durabilit\u00e9 prolong\u00e9e.<\/li>\n<li><strong>Pour une installation sans cales<\/strong> de portes en bois, de fen\u00eatres, de mat\u00e9riaux isolants, de lambris, de modules encastr\u00e9s et d\u2019armoires.<\/li>\n<li>Inclut (1) couronne\/m\u00e8che pour chacune<\/li>\n<\/ul>\n<h2><strong>TABLEAU DE S\u00c9LECTION<\/strong><\/h2>\n\n<table id=\"tablepress-21\" class=\"tablepress tablepress-id-21 tablepress-responsive\">\n<thead>\n<tr class=\"row-1\">\n\t<th class=\"column-1\"><strong>DIM. IMP\u00c9R. (NORM.)<br \/>\n(DIA.X LONG.)<\/strong><\/th><th class=\"column-2\"><strong>DIM. M\u00c9TRIQUE<br \/>\n(DIA.X LONG.)<\/strong><\/th><th class=\"column-3\"><strong>NO DE PI\u00c8CE,<br \/>\nEN VRAC<\/strong><\/th><th class=\"column-4\"><strong>VRAC<br \/>\nQT\u00c9\/BO\u00ceTE.<\/strong><\/th><th class=\"column-5\"><strong>NO DE PI\u00c8CE,<br \/>\nBLISTER-PAK<\/strong><\/th><th class=\"column-6\"><strong>BLISTER-PAK<br \/>\nQT\u00c9<\/strong><\/th>\n<\/tr>\n<\/thead>\n<tbody class=\"row-striping row-hover\">\n<tr class=\"row-2\">\n\t<td class=\"column-1\">3\/8\" x 2-1\/2 po<\/td><td class=\"column-2\">6,0 x 63<\/td><td class=\"column-3\">20157<\/td><td class=\"column-4\">100<\/td><td class=\"column-5\">24050<\/td><td class=\"column-6\">6<\/td>\n<\/tr>\n<tr class=\"row-3\">\n\t<td class=\"column-1\">3\/8\" x 3-1\/8 po<\/td><td class=\"column-2\">6,0 x 80<\/td><td class=\"column-3\">20161<\/td><td class=\"column-4\">100<\/td><td class=\"column-5\">24100<\/td><td class=\"column-6\">6<\/td>\n<\/tr>\n<\/tbody>\n<\/table>\n<!-- #tablepress-21 from cache -->\n","protected":false},"excerpt":{"rendered":"<p>La vis d\u2019ajustement TOP STAR<sup>MC<\/sup> de GRK est en fait une vis dans une vis qui vous permet d\u2019installer des portes et des fen\u00eatres en bois sans l\u2019utilisation de cales. Le syst\u00e8me rapide et facile r\u00e9duit le travail et permet des ajustements sans probl\u00e8me pour des installations au niveau.<\/p>\n","protected":false},"featured_media":7474,"template":"","meta":{"_acf_changed":false,"inline_featured_image":false},"product_brand":[],"product_cat":[158],"product_tag":[],"class_list":{"0":"post-7521","1":"product","2":"type-product","3":"status-publish","4":"has-post-thumbnail","6":"product_cat-screws-fr","8":"first","9":"instock","10":"product-type-simple"},"acf":[],"yoast_head":"<!-- This site is optimized with the Yoast SEO plugin v27.2 - https:\/\/yoast.com\/product\/yoast-seo-wordpress\/ -->\n<title>Vis d\u2019ajustement Top Star - GRK Fasteners<\/title>\n<meta name=\"robots\" content=\"index, follow, max-snippet:-1, max-image-preview:large, max-video-preview:-1\" \/>\n<link rel=\"canonical\" href=\"https:\/\/grkfasteners.ca\/fr\/produit\/vis-dajustement-top-star\/\" \/>\n<meta property=\"og:locale\" content=\"fr_FR\" \/>\n<meta property=\"og:type\" content=\"article\" \/>\n<meta property=\"og:title\" content=\"Vis d\u2019ajustement Top Star - GRK Fasteners\" \/>\n<meta property=\"og:description\" content=\"La vis d\u2019ajustement TOP STARMC de GRK est en fait une vis dans une vis qui vous permet d\u2019installer des portes et des fen\u00eatres en bois sans l\u2019utilisation de cales. Le syst\u00e8me rapide et facile r\u00e9duit le travail et permet des ajustements sans probl\u00e8me pour des installations au niveau.\" \/>\n<meta property=\"og:url\" content=\"https:\/\/grkfasteners.ca\/fr\/produit\/vis-dajustement-top-star\/\" \/>\n<meta property=\"og:site_name\" content=\"GRK Fasteners\" \/>\n<meta property=\"article:modified_time\" content=\"2021-06-09T19:32:03+00:00\" \/>\n<meta property=\"og:image\" content=\"https:\/\/grkfasteners.ca\/wp-content\/uploads\/sites\/4\/2020\/09\/Crown-Bit-Red.png\" \/>\n\t<meta property=\"og:image:width\" content=\"1000\" \/>\n\t<meta property=\"og:image:height\" content=\"1000\" \/>\n\t<meta property=\"og:image:type\" content=\"image\/png\" \/>\n<meta name=\"twitter:card\" content=\"summary_large_image\" \/>\n<meta name=\"twitter:label1\" content=\"Dur\u00e9e de lecture estim\u00e9e\" \/>\n\t<meta name=\"twitter:data1\" content=\"1 minute\" \/>\n<script type=\"application\/ld+json\" class=\"yoast-schema-graph\">{\"@context\":\"https:\/\/schema.org\",\"@graph\":[{\"@type\":\"WebPage\",\"@id\":\"https:\/\/grkfasteners.ca\/fr\/produit\/vis-dajustement-top-star\/\",\"url\":\"https:\/\/grkfasteners.ca\/fr\/produit\/vis-dajustement-top-star\/\",\"name\":\"Vis d\u2019ajustement Top Star - GRK Fasteners\",\"isPartOf\":{\"@id\":\"https:\/\/grkfasteners.ca\/fr\/#website\"},\"primaryImageOfPage\":{\"@id\":\"https:\/\/grkfasteners.ca\/fr\/produit\/vis-dajustement-top-star\/#primaryimage\"},\"image\":{\"@id\":\"https:\/\/grkfasteners.ca\/fr\/produit\/vis-dajustement-top-star\/#primaryimage\"},\"thumbnailUrl\":\"https:\/\/grkfasteners.ca\/wp-content\/uploads\/sites\/4\/2020\/09\/Crown-Bit-Red.png\",\"datePublished\":\"2020-09-04T20:24:03+00:00\",\"dateModified\":\"2021-06-09T19:32:03+00:00\",\"breadcrumb\":{\"@id\":\"https:\/\/grkfasteners.ca\/fr\/produit\/vis-dajustement-top-star\/#breadcrumb\"},\"inLanguage\":\"fr-FR\",\"potentialAction\":[{\"@type\":\"ReadAction\",\"target\":[\"https:\/\/grkfasteners.ca\/fr\/produit\/vis-dajustement-top-star\/\"]}]},{\"@type\":\"ImageObject\",\"inLanguage\":\"fr-FR\",\"@id\":\"https:\/\/grkfasteners.ca\/fr\/produit\/vis-dajustement-top-star\/#primaryimage\",\"url\":\"https:\/\/grkfasteners.ca\/wp-content\/uploads\/sites\/4\/2020\/09\/Crown-Bit-Red.png\",\"contentUrl\":\"https:\/\/grkfasteners.ca\/wp-content\/uploads\/sites\/4\/2020\/09\/Crown-Bit-Red.png\",\"width\":1000,\"height\":1000},{\"@type\":\"BreadcrumbList\",\"@id\":\"https:\/\/grkfasteners.ca\/fr\/produit\/vis-dajustement-top-star\/#breadcrumb\",\"itemListElement\":[{\"@type\":\"ListItem\",\"position\":1,\"name\":\"Home\",\"item\":\"https:\/\/grkfasteners.ca\/fr\/\"},{\"@type\":\"ListItem\",\"position\":2,\"name\":\"Boutique\",\"item\":\"https:\/\/grkfasteners.ca\/fr\/boutique\/\"},{\"@type\":\"ListItem\",\"position\":3,\"name\":\"Vis d\u2019ajustement Top Star\"}]},{\"@type\":\"WebSite\",\"@id\":\"https:\/\/grkfasteners.ca\/fr\/#website\",\"url\":\"https:\/\/grkfasteners.ca\/fr\/\",\"name\":\"GRK Fasteners\",\"description\":\"Drive with Speed, Quality and Confidence\",\"potentialAction\":[{\"@type\":\"SearchAction\",\"target\":{\"@type\":\"EntryPoint\",\"urlTemplate\":\"https:\/\/grkfasteners.ca\/fr\/?s={search_term_string}\"},\"query-input\":{\"@type\":\"PropertyValueSpecification\",\"valueRequired\":true,\"valueName\":\"search_term_string\"}}],\"inLanguage\":\"fr-FR\"}]}<\/script>\n<!-- \/ Yoast SEO plugin. -->","yoast_head_json":{"title":"Vis d\u2019ajustement Top Star - GRK Fasteners","robots":{"index":"index","follow":"follow","max-snippet":"max-snippet:-1","max-image-preview":"max-image-preview:large","max-video-preview":"max-video-preview:-1"},"canonical":"https:\/\/grkfasteners.ca\/fr\/produit\/vis-dajustement-top-star\/","og_locale":"fr_FR","og_type":"article","og_title":"Vis d\u2019ajustement Top Star - GRK Fasteners","og_description":"La vis d\u2019ajustement TOP STARMC de GRK est en fait une vis dans une vis qui vous permet d\u2019installer des portes et des fen\u00eatres en bois sans l\u2019utilisation de cales. Le syst\u00e8me rapide et facile r\u00e9duit le travail et permet des ajustements sans probl\u00e8me pour des installations au niveau.","og_url":"https:\/\/grkfasteners.ca\/fr\/produit\/vis-dajustement-top-star\/","og_site_name":"GRK Fasteners","article_modified_time":"2021-06-09T19:32:03+00:00","og_image":[{"width":1000,"height":1000,"url":"https:\/\/grkfasteners.ca\/wp-content\/uploads\/sites\/4\/2020\/09\/Crown-Bit-Red.png","type":"image\/png"}],"twitter_card":"summary_large_image","twitter_misc":{"Dur\u00e9e de lecture estim\u00e9e":"1 minute"},"schema":{"@context":"https:\/\/schema.org","@graph":[{"@type":"WebPage","@id":"https:\/\/grkfasteners.ca\/fr\/produit\/vis-dajustement-top-star\/","url":"https:\/\/grkfasteners.ca\/fr\/produit\/vis-dajustement-top-star\/","name":"Vis d\u2019ajustement Top Star - GRK Fasteners","isPartOf":{"@id":"https:\/\/grkfasteners.ca\/fr\/#website"},"primaryImageOfPage":{"@id":"https:\/\/grkfasteners.ca\/fr\/produit\/vis-dajustement-top-star\/#primaryimage"},"image":{"@id":"https:\/\/grkfasteners.ca\/fr\/produit\/vis-dajustement-top-star\/#primaryimage"},"thumbnailUrl":"https:\/\/grkfasteners.ca\/wp-content\/uploads\/sites\/4\/2020\/09\/Crown-Bit-Red.png","datePublished":"2020-09-04T20:24:03+00:00","dateModified":"2021-06-09T19:32:03+00:00","breadcrumb":{"@id":"https:\/\/grkfasteners.ca\/fr\/produit\/vis-dajustement-top-star\/#breadcrumb"},"inLanguage":"fr-FR","potentialAction":[{"@type":"ReadAction","target":["https:\/\/grkfasteners.ca\/fr\/produit\/vis-dajustement-top-star\/"]}]},{"@type":"ImageObject","inLanguage":"fr-FR","@id":"https:\/\/grkfasteners.ca\/fr\/produit\/vis-dajustement-top-star\/#primaryimage","url":"https:\/\/grkfasteners.ca\/wp-content\/uploads\/sites\/4\/2020\/09\/Crown-Bit-Red.png","contentUrl":"https:\/\/grkfasteners.ca\/wp-content\/uploads\/sites\/4\/2020\/09\/Crown-Bit-Red.png","width":1000,"height":1000},{"@type":"BreadcrumbList","@id":"https:\/\/grkfasteners.ca\/fr\/produit\/vis-dajustement-top-star\/#breadcrumb","itemListElement":[{"@type":"ListItem","position":1,"name":"Home","item":"https:\/\/grkfasteners.ca\/fr\/"},{"@type":"ListItem","position":2,"name":"Boutique","item":"https:\/\/grkfasteners.ca\/fr\/boutique\/"},{"@type":"ListItem","position":3,"name":"Vis d\u2019ajustement Top Star"}]},{"@type":"WebSite","@id":"https:\/\/grkfasteners.ca\/fr\/#website","url":"https:\/\/grkfasteners.ca\/fr\/","name":"GRK Fasteners","description":"Drive with Speed, Quality and Confidence","potentialAction":[{"@type":"SearchAction","target":{"@type":"EntryPoint","urlTemplate":"https:\/\/grkfasteners.ca\/fr\/?s={search_term_string}"},"query-input":{"@type":"PropertyValueSpecification","valueRequired":true,"valueName":"search_term_string"}}],"inLanguage":"fr-FR"}]}},"_links":{"self":[{"href":"https:\/\/grkfasteners.ca\/fr\/wp-json\/wp\/v2\/product\/7521","targetHints":{"allow":["GET"]}}],"collection":[{"href":"https:\/\/grkfasteners.ca\/fr\/wp-json\/wp\/v2\/product"}],"about":[{"href":"https:\/\/grkfasteners.ca\/fr\/wp-json\/wp\/v2\/types\/product"}],"wp:featuredmedia":[{"embeddable":true,"href":"https:\/\/grkfasteners.ca\/fr\/wp-json\/wp\/v2\/media\/7474"}],"wp:attachment":[{"href":"https:\/\/grkfasteners.ca\/fr\/wp-json\/wp\/v2\/media?parent=7521"}],"wp:term":[{"taxonomy":"product_brand","embeddable":true,"href":"https:\/\/grkfasteners.ca\/fr\/wp-json\/wp\/v2\/product_brand?post=7521"},{"taxonomy":"product_cat","embeddable":true,"href":"https:\/\/grkfasteners.ca\/fr\/wp-json\/wp\/v2\/product_cat?post=7521"},{"taxonomy":"product_tag","embeddable":true,"href":"https:\/\/grkfasteners.ca\/fr\/wp-json\/wp\/v2\/product_tag?post=7521"}],"curies":[{"name":"wp","href":"https:\/\/api.w.org\/{rel}","templated":true}]}}