{"id":7520,"date":"2020-09-04T20:24:03","date_gmt":"2020-09-04T20:24:03","guid":{"rendered":"https:\/\/grkfasteners.ca\/product\/caliburn-concrete-screw\/"},"modified":"2021-06-09T18:10:02","modified_gmt":"2021-06-09T18:10:02","slug":"vis-caliburn-concrete","status":"publish","type":"product","link":"https:\/\/grkfasteners.ca\/fr\/produit\/vis-caliburn-concrete\/","title":{"rendered":"Vis Caliburn Concrete"},"content":{"rendered":"<h4><strong>Attache robuste pour b\u00e9ton et ma\u00e7onnerie<\/strong><\/h4>\n<p>Les vis \u00e0 b\u00e9ton Caliburn<sup>MC<\/sup> sont des attaches sophistiqu\u00e9es avec un filetage brevet\u00e9 qui facilite la p\u00e9n\u00e9tration de la vis dans le b\u00e9ton, et dans le cadre d\u2019autres applications similaires. Les vis sont offertes avec trois mod\u00e8les de t\u00eate diff\u00e9rents pour diverses applications. Les vis Caliburn<sup>MC<\/sup>, Caliburn<sup>MC<\/sup> PH et Caliburn<sup>MC<\/sup>\u00a0XL sont enduites de Climatek<sup>MC<\/sup> pour une r\u00e9sistance \u00e9lev\u00e9e \u00e0 la corrosion. La force incomparable de traction et la grande r\u00e9sistance \u00e0 l\u2019arrachement des vis Caliburn permettent de les utiliser dans les travaux qui exigeaient auparavant un ancrage. Le filetage robuste et novateur permet de retirer et de visser de nouveau la vis dans le m\u00eame avant-trou, \u00e0 plusieurs reprises, sans se soucier d\u2019un bris de vis ou de l\u2019usure du filetage. Offertes en longueurs de 1-3\/4\u00a0po \u00e0 5\u00a0po avec un diam\u00e8tre de 1\/4 po ou de 19\/64 po<\/p>\n<h2><strong>AVANTAGES<\/strong><\/h2>\n<ul>\n<li><strong>Empreinte hexalobulaire encastr\u00e9e\u00a0: <\/strong>aucun d\u00e9nudage, avec six (6) points de contact.<\/li>\n<li><strong>Le filetage novateur \u00e0 usage intensif <\/strong>se bloque dans le b\u00e9ton et peut-\u00eatre retir\u00e9 et viss\u00e9 de nouveau sans endommager la vis.<\/li>\n<li><strong>La vis \u00e0 t\u00eate \u00e9vas\u00e9e chanfrein\u00e9e<\/strong> serre le bois contre le b\u00e9ton pour une installation compl\u00e8te et un ancrage efficace.<\/li>\n<li><strong>Les vis \u00e0 t\u00eate cylindrique Caliburn<sup>MC<\/sup> PH <\/strong>sont parfaites pour un fini apparent qui comprend l\u2019installation de coffrets \u00e9lectriques.<\/li>\n<li><strong>La t\u00eate \u00e0 rondelle Caliburn<sup>MC<\/sup>\u00a0XL <\/strong>pour un maintien sup\u00e9rieur.<\/li>\n<li><strong>L\u2019enduit Climatek<sup>MC<\/sup> est conforme au code\u00a0AC257<\/strong> pour une utilisation avec le bois trait\u00e9.<\/li>\n<li>Parfait pour l\u2019ancrage de b\u00e9ton ou de bois \u00e0 du b\u00e9ton, notamment pour les charpentes de sous-sols et les remises.<\/li>\n<\/ul>\n<h2><strong>Tableau de s\u00e9lection<\/strong><\/h2>\n\n<table id=\"tablepress-16\" class=\"tablepress tablepress-id-16 tablepress-responsive tbody-has-connected-cells\">\n<thead>\n<tr class=\"row-1\">\n\t<th class=\"column-1\"><strong>DIM. IMP\u00c9R. (NORM.)<br \/>\n(DIA.X LONG.)<\/strong><\/th><th class=\"column-2\"><strong>DIM. M\u00c9TRIQUE<br \/>\n(DIA.X LONG.)<\/strong><\/th><th class=\"column-3\"><strong>NO DE PI\u00c8CE,<br \/>\nHANDY-PAK<\/strong><\/th><th class=\"column-4\"><strong>HANDY-PAK<br \/>\nDIM. CONT.\/QT\u00c9<\/strong><\/th>\n<\/tr>\n<\/thead>\n<tbody class=\"row-striping row-hover\">\n<tr class=\"row-2\">\n\t<td class=\"column-1\">N\u00ba 1\/4\" x 1-3\/4 po<\/td><td class=\"column-2\">6,0 x 45<\/td><td class=\"column-3\">57153<\/td><td class=\"column-4\">M\/50<\/td>\n<\/tr>\n<tr class=\"row-3\">\n\t<td class=\"column-1\">N\u00ba 1\/4\" x 2-1\/4 po<\/td><td class=\"column-2\">6,0 x 55<\/td><td class=\"column-3\">57156<\/td><td class=\"column-4\">M\/50<\/td>\n<\/tr>\n<tr class=\"row-4\">\n\t<td class=\"column-1\">N\u00ba 1\/4\" x 2-3\/4 po<\/td><td class=\"column-2\">6,0 x 70<\/td><td class=\"column-3\">57159<\/td><td class=\"column-4\">M\/50<\/td>\n<\/tr>\n<tr class=\"row-5\">\n\t<td class=\"column-1\">N\u00ba 1\/4\" x 3-1\/2 po<\/td><td class=\"column-2\">6,0 x 90<\/td><td class=\"column-3\">57163<\/td><td class=\"column-4\">M\/50<\/td>\n<\/tr>\n<tr class=\"row-6\">\n\t<td colspan=\"4\" class=\"column-1\"><strong>CALIBURN\u2122 PH<\/strong><\/td>\n<\/tr>\n<tr class=\"row-7\">\n\t<td class=\"column-1\">N\u00ba 1\/4\" x 2-1\/4 po<\/td><td class=\"column-2\">6,0 x 55<\/td><td class=\"column-3\">57831<\/td><td class=\"column-4\">M\/50<\/td>\n<\/tr>\n<tr class=\"row-8\">\n\t<td colspan=\"4\" class=\"column-1\"><strong>CALIBURN\u2122 XL<\/strong><\/td>\n<\/tr>\n<tr class=\"row-9\">\n\t<td class=\"column-1\">N\u00ba 19\/64\" x 2-3\/4 po<\/td><td class=\"column-2\">7,5 x 70<\/td><td class=\"column-3\">57774<\/td><td class=\"column-4\">M\/25<\/td>\n<\/tr>\n<tr class=\"row-10\">\n\t<td class=\"column-1\">N\u00ba 19\/64\" x 3-1\/2 po<\/td><td class=\"column-2\">7,5 x 90<\/td><td class=\"column-3\">57778<\/td><td class=\"column-4\">M\/25<\/td>\n<\/tr>\n<tr class=\"row-11\">\n\t<td class=\"column-1\">N\u00ba 19\/64\" x 5 po<\/td><td class=\"column-2\">7,5 x 125<\/td><td class=\"column-3\">57785<\/td><td class=\"column-4\">M\/25<\/td>\n<\/tr>\n<\/tbody>\n<\/table>\n\n<p>&nbsp;<\/p>\n","protected":false},"excerpt":{"rendered":"<p>Attache robuste pour b\u00e9ton et ma\u00e7onnerie<\/p>\n<p>Les vis \u00e0 b\u00e9ton Caliburn<sup>MC<\/sup> sont des attaches sophistiqu\u00e9es avec un filetage brevet\u00e9 qui facilite la p\u00e9n\u00e9tration de la vis dans le b\u00e9ton, et dans le cadre d\u2019autres applications similaires.<\/p>\n","protected":false},"featured_media":7470,"template":"","meta":{"_acf_changed":false,"inline_featured_image":false},"product_brand":[],"product_cat":[158],"product_tag":[],"class_list":{"0":"post-7520","1":"product","2":"type-product","3":"status-publish","4":"has-post-thumbnail","6":"product_cat-screws-fr","8":"first","9":"instock","10":"product-type-simple"},"acf":[],"yoast_head":"<!-- This site is optimized with the Yoast SEO plugin v27.2 - https:\/\/yoast.com\/product\/yoast-seo-wordpress\/ -->\n<title>Vis Caliburn Concrete - GRK Fasteners<\/title>\n<meta name=\"robots\" content=\"index, follow, max-snippet:-1, max-image-preview:large, max-video-preview:-1\" \/>\n<link rel=\"canonical\" href=\"https:\/\/grkfasteners.ca\/fr\/produit\/vis-caliburn-concrete\/\" \/>\n<meta property=\"og:locale\" content=\"fr_FR\" \/>\n<meta property=\"og:type\" content=\"article\" \/>\n<meta property=\"og:title\" content=\"Vis Caliburn Concrete - GRK Fasteners\" \/>\n<meta property=\"og:description\" content=\"Attache robuste pour b\u00e9ton et ma\u00e7onnerie  Les vis \u00e0 b\u00e9ton CaliburnMC sont des attaches sophistiqu\u00e9es avec un filetage brevet\u00e9 qui facilite la p\u00e9n\u00e9tration de la vis dans le b\u00e9ton, et dans le cadre d\u2019autres applications similaires.\" \/>\n<meta property=\"og:url\" content=\"https:\/\/grkfasteners.ca\/fr\/produit\/vis-caliburn-concrete\/\" \/>\n<meta property=\"og:site_name\" content=\"GRK Fasteners\" \/>\n<meta property=\"article:modified_time\" content=\"2021-06-09T18:10:02+00:00\" \/>\n<meta property=\"og:image\" content=\"https:\/\/grkfasteners.ca\/wp-content\/uploads\/sites\/4\/2020\/09\/GRK_Caliburn_Screws.png\" \/>\n\t<meta property=\"og:image:width\" content=\"453\" \/>\n\t<meta property=\"og:image:height\" content=\"453\" \/>\n\t<meta property=\"og:image:type\" content=\"image\/png\" \/>\n<meta name=\"twitter:card\" content=\"summary_large_image\" \/>\n<meta name=\"twitter:label1\" content=\"Dur\u00e9e de lecture estim\u00e9e\" \/>\n\t<meta name=\"twitter:data1\" content=\"1 minute\" \/>\n<script type=\"application\/ld+json\" class=\"yoast-schema-graph\">{\"@context\":\"https:\/\/schema.org\",\"@graph\":[{\"@type\":\"WebPage\",\"@id\":\"https:\/\/grkfasteners.ca\/fr\/produit\/vis-caliburn-concrete\/\",\"url\":\"https:\/\/grkfasteners.ca\/fr\/produit\/vis-caliburn-concrete\/\",\"name\":\"Vis Caliburn Concrete - GRK Fasteners\",\"isPartOf\":{\"@id\":\"https:\/\/grkfasteners.ca\/fr\/#website\"},\"primaryImageOfPage\":{\"@id\":\"https:\/\/grkfasteners.ca\/fr\/produit\/vis-caliburn-concrete\/#primaryimage\"},\"image\":{\"@id\":\"https:\/\/grkfasteners.ca\/fr\/produit\/vis-caliburn-concrete\/#primaryimage\"},\"thumbnailUrl\":\"https:\/\/grkfasteners.ca\/wp-content\/uploads\/sites\/4\/2020\/09\/GRK_Caliburn_Screws.png\",\"datePublished\":\"2020-09-04T20:24:03+00:00\",\"dateModified\":\"2021-06-09T18:10:02+00:00\",\"breadcrumb\":{\"@id\":\"https:\/\/grkfasteners.ca\/fr\/produit\/vis-caliburn-concrete\/#breadcrumb\"},\"inLanguage\":\"fr-FR\",\"potentialAction\":[{\"@type\":\"ReadAction\",\"target\":[\"https:\/\/grkfasteners.ca\/fr\/produit\/vis-caliburn-concrete\/\"]}]},{\"@type\":\"ImageObject\",\"inLanguage\":\"fr-FR\",\"@id\":\"https:\/\/grkfasteners.ca\/fr\/produit\/vis-caliburn-concrete\/#primaryimage\",\"url\":\"https:\/\/grkfasteners.ca\/wp-content\/uploads\/sites\/4\/2020\/09\/GRK_Caliburn_Screws.png\",\"contentUrl\":\"https:\/\/grkfasteners.ca\/wp-content\/uploads\/sites\/4\/2020\/09\/GRK_Caliburn_Screws.png\",\"width\":453,\"height\":453},{\"@type\":\"BreadcrumbList\",\"@id\":\"https:\/\/grkfasteners.ca\/fr\/produit\/vis-caliburn-concrete\/#breadcrumb\",\"itemListElement\":[{\"@type\":\"ListItem\",\"position\":1,\"name\":\"Home\",\"item\":\"https:\/\/grkfasteners.ca\/fr\/\"},{\"@type\":\"ListItem\",\"position\":2,\"name\":\"Boutique\",\"item\":\"https:\/\/grkfasteners.ca\/fr\/boutique\/\"},{\"@type\":\"ListItem\",\"position\":3,\"name\":\"Vis Caliburn Concrete\"}]},{\"@type\":\"WebSite\",\"@id\":\"https:\/\/grkfasteners.ca\/fr\/#website\",\"url\":\"https:\/\/grkfasteners.ca\/fr\/\",\"name\":\"GRK Fasteners\",\"description\":\"Drive with Speed, Quality and Confidence\",\"potentialAction\":[{\"@type\":\"SearchAction\",\"target\":{\"@type\":\"EntryPoint\",\"urlTemplate\":\"https:\/\/grkfasteners.ca\/fr\/?s={search_term_string}\"},\"query-input\":{\"@type\":\"PropertyValueSpecification\",\"valueRequired\":true,\"valueName\":\"search_term_string\"}}],\"inLanguage\":\"fr-FR\"}]}<\/script>\n<!-- \/ Yoast SEO plugin. -->","yoast_head_json":{"title":"Vis Caliburn Concrete - GRK Fasteners","robots":{"index":"index","follow":"follow","max-snippet":"max-snippet:-1","max-image-preview":"max-image-preview:large","max-video-preview":"max-video-preview:-1"},"canonical":"https:\/\/grkfasteners.ca\/fr\/produit\/vis-caliburn-concrete\/","og_locale":"fr_FR","og_type":"article","og_title":"Vis Caliburn Concrete - GRK Fasteners","og_description":"Attache robuste pour b\u00e9ton et ma\u00e7onnerie  Les vis \u00e0 b\u00e9ton CaliburnMC sont des attaches sophistiqu\u00e9es avec un filetage brevet\u00e9 qui facilite la p\u00e9n\u00e9tration de la vis dans le b\u00e9ton, et dans le cadre d\u2019autres applications similaires.","og_url":"https:\/\/grkfasteners.ca\/fr\/produit\/vis-caliburn-concrete\/","og_site_name":"GRK Fasteners","article_modified_time":"2021-06-09T18:10:02+00:00","og_image":[{"width":453,"height":453,"url":"https:\/\/grkfasteners.ca\/wp-content\/uploads\/sites\/4\/2020\/09\/GRK_Caliburn_Screws.png","type":"image\/png"}],"twitter_card":"summary_large_image","twitter_misc":{"Dur\u00e9e de lecture estim\u00e9e":"1 minute"},"schema":{"@context":"https:\/\/schema.org","@graph":[{"@type":"WebPage","@id":"https:\/\/grkfasteners.ca\/fr\/produit\/vis-caliburn-concrete\/","url":"https:\/\/grkfasteners.ca\/fr\/produit\/vis-caliburn-concrete\/","name":"Vis Caliburn Concrete - GRK Fasteners","isPartOf":{"@id":"https:\/\/grkfasteners.ca\/fr\/#website"},"primaryImageOfPage":{"@id":"https:\/\/grkfasteners.ca\/fr\/produit\/vis-caliburn-concrete\/#primaryimage"},"image":{"@id":"https:\/\/grkfasteners.ca\/fr\/produit\/vis-caliburn-concrete\/#primaryimage"},"thumbnailUrl":"https:\/\/grkfasteners.ca\/wp-content\/uploads\/sites\/4\/2020\/09\/GRK_Caliburn_Screws.png","datePublished":"2020-09-04T20:24:03+00:00","dateModified":"2021-06-09T18:10:02+00:00","breadcrumb":{"@id":"https:\/\/grkfasteners.ca\/fr\/produit\/vis-caliburn-concrete\/#breadcrumb"},"inLanguage":"fr-FR","potentialAction":[{"@type":"ReadAction","target":["https:\/\/grkfasteners.ca\/fr\/produit\/vis-caliburn-concrete\/"]}]},{"@type":"ImageObject","inLanguage":"fr-FR","@id":"https:\/\/grkfasteners.ca\/fr\/produit\/vis-caliburn-concrete\/#primaryimage","url":"https:\/\/grkfasteners.ca\/wp-content\/uploads\/sites\/4\/2020\/09\/GRK_Caliburn_Screws.png","contentUrl":"https:\/\/grkfasteners.ca\/wp-content\/uploads\/sites\/4\/2020\/09\/GRK_Caliburn_Screws.png","width":453,"height":453},{"@type":"BreadcrumbList","@id":"https:\/\/grkfasteners.ca\/fr\/produit\/vis-caliburn-concrete\/#breadcrumb","itemListElement":[{"@type":"ListItem","position":1,"name":"Home","item":"https:\/\/grkfasteners.ca\/fr\/"},{"@type":"ListItem","position":2,"name":"Boutique","item":"https:\/\/grkfasteners.ca\/fr\/boutique\/"},{"@type":"ListItem","position":3,"name":"Vis Caliburn Concrete"}]},{"@type":"WebSite","@id":"https:\/\/grkfasteners.ca\/fr\/#website","url":"https:\/\/grkfasteners.ca\/fr\/","name":"GRK Fasteners","description":"Drive with Speed, Quality and Confidence","potentialAction":[{"@type":"SearchAction","target":{"@type":"EntryPoint","urlTemplate":"https:\/\/grkfasteners.ca\/fr\/?s={search_term_string}"},"query-input":{"@type":"PropertyValueSpecification","valueRequired":true,"valueName":"search_term_string"}}],"inLanguage":"fr-FR"}]}},"_links":{"self":[{"href":"https:\/\/grkfasteners.ca\/fr\/wp-json\/wp\/v2\/product\/7520","targetHints":{"allow":["GET"]}}],"collection":[{"href":"https:\/\/grkfasteners.ca\/fr\/wp-json\/wp\/v2\/product"}],"about":[{"href":"https:\/\/grkfasteners.ca\/fr\/wp-json\/wp\/v2\/types\/product"}],"wp:featuredmedia":[{"embeddable":true,"href":"https:\/\/grkfasteners.ca\/fr\/wp-json\/wp\/v2\/media\/7470"}],"wp:attachment":[{"href":"https:\/\/grkfasteners.ca\/fr\/wp-json\/wp\/v2\/media?parent=7520"}],"wp:term":[{"taxonomy":"product_brand","embeddable":true,"href":"https:\/\/grkfasteners.ca\/fr\/wp-json\/wp\/v2\/product_brand?post=7520"},{"taxonomy":"product_cat","embeddable":true,"href":"https:\/\/grkfasteners.ca\/fr\/wp-json\/wp\/v2\/product_cat?post=7520"},{"taxonomy":"product_tag","embeddable":true,"href":"https:\/\/grkfasteners.ca\/fr\/wp-json\/wp\/v2\/product_tag?post=7520"}],"curies":[{"name":"wp","href":"https:\/\/api.w.org\/{rel}","templated":true}]}}