{"id":7519,"date":"2020-09-04T20:24:03","date_gmt":"2020-09-04T20:24:03","guid":{"rendered":"https:\/\/grkfasteners.ca\/product\/kameleon-composite-deck-screw\/"},"modified":"2021-06-09T19:27:35","modified_gmt":"2021-06-09T19:27:35","slug":"vis-kameleon-pour-tablier-de-plancher-composite","status":"publish","type":"product","link":"https:\/\/grkfasteners.ca\/fr\/produit\/vis-kameleon-pour-tablier-de-plancher-composite\/","title":{"rendered":"Vis Kameleon pour tablier de plancher composite"},"content":{"rendered":"<h4><strong>Les t\u00eates s\u2019harmonisent avec les couleurs courantes de terrasses<\/strong><\/h4>\n<p>Les vis Kameleon<sup>MC<\/sup> de GRK sont un excellent choix pour les tabliers de plancher composite et de PVC. La surface d\u2019appui comporte des dents tranchantes (en dents de scie) pour un trou parfaitement net dans le tablier. Les vis Kameleon<sup>MC<\/sup> comportent \u00e9galement de cinq \u00e0 sept anneaux, dot\u00e9s de trois pi\u00e8ges \u00e0 fibre dentel\u00e9s par anneau, pour retenir les fibres et \u00e9liminer le champignonnage.<\/p>\n<p>Elles sont autotaraudeuses, avec anneaux de pi\u00e8ges \u00e0 fibres, et comportent une surface d\u2019appui avec des dents tranchantes, avec filetage CEE Thread<sup>MC<\/sup> et W-Cut<sup>MC<\/sup> pour r\u00e9duire la torsion d\u2019installation, et sont dot\u00e9es de notre enduit Climatek<sup>MC<\/sup> conforme au code\u00a0AC257. Elles sont approuv\u00e9es par le code ESR en vertu du rapport ICC\u00a0ESR-3201.<\/p>\n<p>La caract\u00e9ristique CEE Thread \u00e9largit le trou de la vis permettant au tablier de plancher composite de se stabiliser facilement, d\u2019accro\u00eetre la force de traction de la vis et de r\u00e9duire la friction sur la tige de la vis, ce qui peut r\u00e9duire la torsion dans son ensemble. La vis Kameleon<sup>MC<\/sup> est aussi offerte en diff\u00e9rentes couleurs, dont\u00a0gris, brun et havane.<\/p>\n<h2><strong>AVANTAGES<\/strong><\/h2>\n<ul>\n<li><strong>Empreinte hexalobulaire encastr\u00e9e\u00a0: <\/strong>aucun d\u00e9nudage, avec six (6) points de contact.<\/li>\n<li><strong>CEE Thread<\/strong><strong><sup>MC<\/sup><\/strong><strong>\u00a0: <\/strong>agrandit les trous pour r\u00e9duire les fissures et torsion d\u2019installation.<\/li>\n<li><strong>W-Cut<\/strong><strong><sup>MC<\/sup><\/strong><strong> : <\/strong>entra\u00eenement plus ais\u00e9 \u00e0 faible torsion, moins de fissures.<\/li>\n<li><strong>Zip-Tip<\/strong><strong><sup>MC<\/sup><\/strong><strong> : <\/strong>aucun pr\u00e9-per\u00e7age, p\u00e9n\u00e9tration plus rapide, moins de fissures.<\/li>\n<li><strong>Anneaux de pi\u00e8ge \u00e0 fibre\u00a0: <\/strong>con\u00e7us pour emp\u00eacher le champignonnage et le criblage.<\/li>\n<li><strong>Creux de d\u00e9coupe\u00a0: <\/strong>g\u00e9n\u00e8rent un trou net, r\u00e9duisent les fissures et percent avec pr\u00e9cision.<\/li>\n<li><strong>Approuv\u00e9es dans le rapport\u00a0ESR-3201 <\/strong>pour les usages structuraux.<\/li>\n<li><strong>Acier c\u00e9ment\u00e9\u00a0:<\/strong> pour une r\u00e9sistance tr\u00e8s \u00e9lev\u00e9e \u00e0 la traction, \u00e0 la torsion et au cisaillement.<\/li>\n<li><strong>L\u2019enduit Climatek<sup>MC<\/sup> est conforme au code\u00a0AC257<\/strong> pour une utilisation avec le bois trait\u00e9.<\/li>\n<li>Pour une utilisation int\u00e9rieure\/ext\u00e9rieure pour les tabliers de plancher composite et de PVC.<\/li>\n<\/ul>\n<h2><strong>Tableau de s\u00e9lection<\/strong><\/h2>\n\n<table id=\"tablepress-20\" class=\"tablepress tablepress-id-20 tablepress-responsive\">\n<thead>\n<tr class=\"row-1\">\n\t<th class=\"column-1\"><strong>Color<\/th><th class=\"column-2\"><strong>\u00c9.-U.<br \/>\n(STD.) TAILLE<br \/>\n(DIA. X LONGUEUR)<\/strong><\/th><th class=\"column-3\"><strong>M\u00c9TRIQUE<br \/>\nTAILLE<br \/>\n(DIA. X LONGUEUR)<\/strong><\/th><th class=\"column-4\"><strong>HANDY-PAK<br \/>\nNO DE PI\u00c8CE<\/strong><\/th><th class=\"column-5\"><strong>HANDY-PAK<br \/>\nCARTON<br \/>\nTAILLE \/ QT\u00c9.<\/strong><\/th>\n<\/tr>\n<\/thead>\n<tbody class=\"row-striping row-hover\">\n<tr class=\"row-2\">\n\t<td class=\"column-1\">Gris<\/td><td class=\"column-2\">N\u00ba 9 x 2-1\/2 po<\/td><td class=\"column-3\">4,5 x 63<\/td><td class=\"column-4\">67151<\/td><td class=\"column-5\">M\/100<\/td>\n<\/tr>\n<tr class=\"row-3\">\n\t<td class=\"column-1\">Havane<\/td><td class=\"column-2\">N\u00ba 9 x 2-1\/2 po<\/td><td class=\"column-3\">4,5 x 63<\/td><td class=\"column-4\">67155<\/td><td class=\"column-5\">M\/100<\/td>\n<\/tr>\n<tr class=\"row-4\">\n\t<td class=\"column-1\">Brun<\/td><td class=\"column-2\">N\u00ba 9 x 2-1\/2 po<\/td><td class=\"column-3\">4,5 x 63<\/td><td class=\"column-4\">67158<\/td><td class=\"column-5\">M\/100<\/td>\n<\/tr>\n<\/tbody>\n<\/table>\n\n<p><strong>NOTE:<\/strong> 1&Prime; bits in Handy-Paks.<\/p>\n","protected":false},"excerpt":{"rendered":"<p>Les t\u00eates s\u2019harmonisent avec le plancher sans effet de champignonnage. \u00c0 utiliser pour les planchers de tablier en plastique ou en composite. Ces vis sont offertes en une gamme de couleurs convenant aux terrasses. Notamment, les couleurs gris, brun et havane sont approuv\u00e9es pour l\u2019utilisation avec les planches Trex Select<sup>MC<\/sup>.<\/p>\n","protected":false},"featured_media":7466,"template":"","meta":{"_acf_changed":false,"inline_featured_image":false},"product_brand":[],"product_cat":[158],"product_tag":[],"class_list":{"0":"post-7519","1":"product","2":"type-product","3":"status-publish","4":"has-post-thumbnail","6":"product_cat-screws-fr","8":"first","9":"instock","10":"product-type-simple"},"acf":[],"yoast_head":"<!-- This site is optimized with the Yoast SEO plugin v27.2 - https:\/\/yoast.com\/product\/yoast-seo-wordpress\/ -->\n<title>Vis Kameleon pour tablier de plancher composite - GRK Fasteners<\/title>\n<meta name=\"robots\" content=\"index, follow, max-snippet:-1, max-image-preview:large, max-video-preview:-1\" \/>\n<link rel=\"canonical\" href=\"https:\/\/grkfasteners.ca\/fr\/produit\/vis-kameleon-pour-tablier-de-plancher-composite\/\" \/>\n<meta property=\"og:locale\" content=\"fr_FR\" \/>\n<meta property=\"og:type\" content=\"article\" \/>\n<meta property=\"og:title\" content=\"Vis Kameleon pour tablier de plancher composite - GRK Fasteners\" \/>\n<meta property=\"og:description\" content=\"Les t\u00eates s\u2019harmonisent avec le plancher sans effet de champignonnage. \u00c0 utiliser pour les planchers de tablier en plastique ou en composite. Ces vis sont offertes en une gamme de couleurs convenant aux terrasses. Notamment, les couleurs gris, brun et havane sont approuv\u00e9es pour l\u2019utilisation avec les planches Trex SelectMC.\" \/>\n<meta property=\"og:url\" content=\"https:\/\/grkfasteners.ca\/fr\/produit\/vis-kameleon-pour-tablier-de-plancher-composite\/\" \/>\n<meta property=\"og:site_name\" content=\"GRK Fasteners\" \/>\n<meta property=\"article:modified_time\" content=\"2021-06-09T19:27:35+00:00\" \/>\n<meta property=\"og:image\" content=\"https:\/\/grkfasteners.ca\/wp-content\/uploads\/sites\/4\/2020\/09\/GRK_Kameleon_Screws_1.png\" \/>\n\t<meta property=\"og:image:width\" content=\"453\" \/>\n\t<meta property=\"og:image:height\" content=\"453\" \/>\n\t<meta property=\"og:image:type\" content=\"image\/png\" \/>\n<meta name=\"twitter:card\" content=\"summary_large_image\" \/>\n<meta name=\"twitter:label1\" content=\"Dur\u00e9e de lecture estim\u00e9e\" \/>\n\t<meta name=\"twitter:data1\" content=\"2 minutes\" \/>\n<script type=\"application\/ld+json\" class=\"yoast-schema-graph\">{\"@context\":\"https:\/\/schema.org\",\"@graph\":[{\"@type\":\"WebPage\",\"@id\":\"https:\/\/grkfasteners.ca\/fr\/produit\/vis-kameleon-pour-tablier-de-plancher-composite\/\",\"url\":\"https:\/\/grkfasteners.ca\/fr\/produit\/vis-kameleon-pour-tablier-de-plancher-composite\/\",\"name\":\"Vis Kameleon pour tablier de plancher composite - GRK Fasteners\",\"isPartOf\":{\"@id\":\"https:\/\/grkfasteners.ca\/fr\/#website\"},\"primaryImageOfPage\":{\"@id\":\"https:\/\/grkfasteners.ca\/fr\/produit\/vis-kameleon-pour-tablier-de-plancher-composite\/#primaryimage\"},\"image\":{\"@id\":\"https:\/\/grkfasteners.ca\/fr\/produit\/vis-kameleon-pour-tablier-de-plancher-composite\/#primaryimage\"},\"thumbnailUrl\":\"https:\/\/grkfasteners.ca\/wp-content\/uploads\/sites\/4\/2020\/09\/GRK_Kameleon_Screws_1.png\",\"datePublished\":\"2020-09-04T20:24:03+00:00\",\"dateModified\":\"2021-06-09T19:27:35+00:00\",\"breadcrumb\":{\"@id\":\"https:\/\/grkfasteners.ca\/fr\/produit\/vis-kameleon-pour-tablier-de-plancher-composite\/#breadcrumb\"},\"inLanguage\":\"fr-FR\",\"potentialAction\":[{\"@type\":\"ReadAction\",\"target\":[\"https:\/\/grkfasteners.ca\/fr\/produit\/vis-kameleon-pour-tablier-de-plancher-composite\/\"]}]},{\"@type\":\"ImageObject\",\"inLanguage\":\"fr-FR\",\"@id\":\"https:\/\/grkfasteners.ca\/fr\/produit\/vis-kameleon-pour-tablier-de-plancher-composite\/#primaryimage\",\"url\":\"https:\/\/grkfasteners.ca\/wp-content\/uploads\/sites\/4\/2020\/09\/GRK_Kameleon_Screws_1.png\",\"contentUrl\":\"https:\/\/grkfasteners.ca\/wp-content\/uploads\/sites\/4\/2020\/09\/GRK_Kameleon_Screws_1.png\",\"width\":453,\"height\":453},{\"@type\":\"BreadcrumbList\",\"@id\":\"https:\/\/grkfasteners.ca\/fr\/produit\/vis-kameleon-pour-tablier-de-plancher-composite\/#breadcrumb\",\"itemListElement\":[{\"@type\":\"ListItem\",\"position\":1,\"name\":\"Home\",\"item\":\"https:\/\/grkfasteners.ca\/fr\/\"},{\"@type\":\"ListItem\",\"position\":2,\"name\":\"Boutique\",\"item\":\"https:\/\/grkfasteners.ca\/fr\/boutique\/\"},{\"@type\":\"ListItem\",\"position\":3,\"name\":\"Vis Kameleon pour tablier de plancher composite\"}]},{\"@type\":\"WebSite\",\"@id\":\"https:\/\/grkfasteners.ca\/fr\/#website\",\"url\":\"https:\/\/grkfasteners.ca\/fr\/\",\"name\":\"GRK Fasteners\",\"description\":\"Drive with Speed, Quality and Confidence\",\"potentialAction\":[{\"@type\":\"SearchAction\",\"target\":{\"@type\":\"EntryPoint\",\"urlTemplate\":\"https:\/\/grkfasteners.ca\/fr\/?s={search_term_string}\"},\"query-input\":{\"@type\":\"PropertyValueSpecification\",\"valueRequired\":true,\"valueName\":\"search_term_string\"}}],\"inLanguage\":\"fr-FR\"}]}<\/script>\n<!-- \/ Yoast SEO plugin. -->","yoast_head_json":{"title":"Vis Kameleon pour tablier de plancher composite - GRK Fasteners","robots":{"index":"index","follow":"follow","max-snippet":"max-snippet:-1","max-image-preview":"max-image-preview:large","max-video-preview":"max-video-preview:-1"},"canonical":"https:\/\/grkfasteners.ca\/fr\/produit\/vis-kameleon-pour-tablier-de-plancher-composite\/","og_locale":"fr_FR","og_type":"article","og_title":"Vis Kameleon pour tablier de plancher composite - GRK Fasteners","og_description":"Les t\u00eates s\u2019harmonisent avec le plancher sans effet de champignonnage. \u00c0 utiliser pour les planchers de tablier en plastique ou en composite. Ces vis sont offertes en une gamme de couleurs convenant aux terrasses. Notamment, les couleurs gris, brun et havane sont approuv\u00e9es pour l\u2019utilisation avec les planches Trex SelectMC.","og_url":"https:\/\/grkfasteners.ca\/fr\/produit\/vis-kameleon-pour-tablier-de-plancher-composite\/","og_site_name":"GRK Fasteners","article_modified_time":"2021-06-09T19:27:35+00:00","og_image":[{"width":453,"height":453,"url":"https:\/\/grkfasteners.ca\/wp-content\/uploads\/sites\/4\/2020\/09\/GRK_Kameleon_Screws_1.png","type":"image\/png"}],"twitter_card":"summary_large_image","twitter_misc":{"Dur\u00e9e de lecture estim\u00e9e":"2 minutes"},"schema":{"@context":"https:\/\/schema.org","@graph":[{"@type":"WebPage","@id":"https:\/\/grkfasteners.ca\/fr\/produit\/vis-kameleon-pour-tablier-de-plancher-composite\/","url":"https:\/\/grkfasteners.ca\/fr\/produit\/vis-kameleon-pour-tablier-de-plancher-composite\/","name":"Vis Kameleon pour tablier de plancher composite - GRK Fasteners","isPartOf":{"@id":"https:\/\/grkfasteners.ca\/fr\/#website"},"primaryImageOfPage":{"@id":"https:\/\/grkfasteners.ca\/fr\/produit\/vis-kameleon-pour-tablier-de-plancher-composite\/#primaryimage"},"image":{"@id":"https:\/\/grkfasteners.ca\/fr\/produit\/vis-kameleon-pour-tablier-de-plancher-composite\/#primaryimage"},"thumbnailUrl":"https:\/\/grkfasteners.ca\/wp-content\/uploads\/sites\/4\/2020\/09\/GRK_Kameleon_Screws_1.png","datePublished":"2020-09-04T20:24:03+00:00","dateModified":"2021-06-09T19:27:35+00:00","breadcrumb":{"@id":"https:\/\/grkfasteners.ca\/fr\/produit\/vis-kameleon-pour-tablier-de-plancher-composite\/#breadcrumb"},"inLanguage":"fr-FR","potentialAction":[{"@type":"ReadAction","target":["https:\/\/grkfasteners.ca\/fr\/produit\/vis-kameleon-pour-tablier-de-plancher-composite\/"]}]},{"@type":"ImageObject","inLanguage":"fr-FR","@id":"https:\/\/grkfasteners.ca\/fr\/produit\/vis-kameleon-pour-tablier-de-plancher-composite\/#primaryimage","url":"https:\/\/grkfasteners.ca\/wp-content\/uploads\/sites\/4\/2020\/09\/GRK_Kameleon_Screws_1.png","contentUrl":"https:\/\/grkfasteners.ca\/wp-content\/uploads\/sites\/4\/2020\/09\/GRK_Kameleon_Screws_1.png","width":453,"height":453},{"@type":"BreadcrumbList","@id":"https:\/\/grkfasteners.ca\/fr\/produit\/vis-kameleon-pour-tablier-de-plancher-composite\/#breadcrumb","itemListElement":[{"@type":"ListItem","position":1,"name":"Home","item":"https:\/\/grkfasteners.ca\/fr\/"},{"@type":"ListItem","position":2,"name":"Boutique","item":"https:\/\/grkfasteners.ca\/fr\/boutique\/"},{"@type":"ListItem","position":3,"name":"Vis Kameleon pour tablier de plancher composite"}]},{"@type":"WebSite","@id":"https:\/\/grkfasteners.ca\/fr\/#website","url":"https:\/\/grkfasteners.ca\/fr\/","name":"GRK Fasteners","description":"Drive with Speed, Quality and Confidence","potentialAction":[{"@type":"SearchAction","target":{"@type":"EntryPoint","urlTemplate":"https:\/\/grkfasteners.ca\/fr\/?s={search_term_string}"},"query-input":{"@type":"PropertyValueSpecification","valueRequired":true,"valueName":"search_term_string"}}],"inLanguage":"fr-FR"}]}},"_links":{"self":[{"href":"https:\/\/grkfasteners.ca\/fr\/wp-json\/wp\/v2\/product\/7519","targetHints":{"allow":["GET"]}}],"collection":[{"href":"https:\/\/grkfasteners.ca\/fr\/wp-json\/wp\/v2\/product"}],"about":[{"href":"https:\/\/grkfasteners.ca\/fr\/wp-json\/wp\/v2\/types\/product"}],"wp:featuredmedia":[{"embeddable":true,"href":"https:\/\/grkfasteners.ca\/fr\/wp-json\/wp\/v2\/media\/7466"}],"wp:attachment":[{"href":"https:\/\/grkfasteners.ca\/fr\/wp-json\/wp\/v2\/media?parent=7519"}],"wp:term":[{"taxonomy":"product_brand","embeddable":true,"href":"https:\/\/grkfasteners.ca\/fr\/wp-json\/wp\/v2\/product_brand?post=7519"},{"taxonomy":"product_cat","embeddable":true,"href":"https:\/\/grkfasteners.ca\/fr\/wp-json\/wp\/v2\/product_cat?post=7519"},{"taxonomy":"product_tag","embeddable":true,"href":"https:\/\/grkfasteners.ca\/fr\/wp-json\/wp\/v2\/product_tag?post=7519"}],"curies":[{"name":"wp","href":"https:\/\/api.w.org\/{rel}","templated":true}]}}