{"id":7517,"date":"2020-09-04T20:24:03","date_gmt":"2020-09-04T20:24:03","guid":{"rendered":"https:\/\/grkfasteners.ca\/product\/fin-trim-finishing-trim-head-screw\/"},"modified":"2021-06-09T17:55:56","modified_gmt":"2021-06-09T17:55:56","slug":"vis-fin-trim-de-finition-des-boiseries","status":"publish","type":"product","link":"https:\/\/grkfasteners.ca\/fr\/produit\/vis-fin-trim-de-finition-des-boiseries\/","title":{"rendered":"Vis FIN\/Trim de finition des boiseries"},"content":{"rendered":"<h4><strong>La plus petite t\u00eate offerte sur le march\u00e9 pour une finition nette<\/strong><\/h4>\n<p>Les vis Trim<sup>MC<\/sup> de GRK sont un excellent choix pour la plupart des applications en menuiserie de m\u00eame que pour les montants d\u2019extension de fen\u00eatres et plus encore. Les vis Trim<sup>MC<\/sup> comportent la plus petite t\u00eate de vis offerte pour des vis de 30 \u00e0 125\u00a0mm (1-1\/4 \u00e0 5\u00a0po) de longueur. Les t\u00eates de vis Trim<sup>MC<\/sup> incroyablement petites et le dessin des filets W-Cut pr\u00e9viennent les fissures dans le mat\u00e9riau. Les vis Fin\/Trim<sup>MC<\/sup> sont \u00e9galement offertes en fini blanc poudr\u00e9 pour s\u2019harmoniser avec l\u2019habillage de bois blanc.<\/p>\n<p>Elles sont autotaraudeuses, \u00e9liminant le pr\u00e9-per\u00e7age, ont un filetage W-Cut<sup>MC<\/sup> pour r\u00e9duire la torsion d\u2019installation, et sont dot\u00e9es de notre enduit Climatek<sup>MC<\/sup> conforme au code\u00a0AC257. Elles sont approuv\u00e9es par le code ESR en vertu du rapport ICC\u00a0ESR-3201.<\/p>\n<h2><strong>AVANTAGES<\/strong><\/h2>\n<ul>\n<li><strong>Empreinte hexalobulaire encastr\u00e9e\u00a0: <\/strong>aucun d\u00e9nudage, avec six (6) points de contact.<\/li>\n<li><strong>T\u00eate pour boiseries\u00a0:<\/strong> pour une finition d\u2019apparence nette.<\/li>\n<li><strong>W-Cut<\/strong><strong><sup>MC<\/sup><\/strong><strong> : <\/strong>torsion basse, entra\u00eenement plus ais\u00e9.<\/li>\n<li><strong>Zip-Tip<\/strong><strong><sup>MC<\/sup><\/strong><strong> : <\/strong>aucun pr\u00e9-per\u00e7age, p\u00e9n\u00e9tration plus rapide.<\/li>\n<li><strong>Approuv\u00e9es dans le rapport\u00a0ESR-3201 <\/strong>pour les usages structuraux.<\/li>\n<li><strong>Acier c\u00e9ment\u00e9\u00a0:<\/strong> pour une r\u00e9sistance tr\u00e8s \u00e9lev\u00e9e \u00e0 la traction, \u00e0 la torsion et au cisaillement.<\/li>\n<li><strong>L\u2019enduit Climatek<sup>MC<\/sup> est conforme au code\u00a0AC257<\/strong> pour une utilisation avec le bois trait\u00e9.<\/li>\n<li>Pour l\u2019utilisation int\u00e9rieure\/ext\u00e9rieure.<\/li>\n<li>Offertes enduites de <strong>Climatek<sup>MC<\/sup> <\/strong>ou rev\u00eatues d\u2019un fini blanc poudr\u00e9.<\/li>\n<\/ul>\n<h2><strong>Tableau de s\u00e9lection<\/strong><\/h2>\n\n<table id=\"tablepress-15\" class=\"tablepress tablepress-id-15 tablepress-responsive tbody-has-connected-cells\">\n<thead>\n<tr class=\"row-1\">\n\t<th class=\"column-1\"><strong>DIM. IMP\u00c9R. (NORM.)<br \/>\n(DIA.X LONG.)<\/strong><\/th><th class=\"column-2\"><strong>DIM. M\u00c9TRIQUE<br \/>\n(DIA.X LONG.)<\/strong><\/th><th class=\"column-3\"><strong>NO DE PI\u00c8CE, EN VRAC<\/strong><\/th><th class=\"column-4\"><strong>VRAC<br \/>\nQT\u00c9\/BO\u00ceTE.<\/strong><\/th><th class=\"column-5\"><strong>NO DE PI\u00c8CE,<br \/>\nPRO-PAK<\/strong><\/th><th class=\"column-6\"><strong>PRO-PAK<br \/>\nQT\u00c9\/SEAU<\/strong><\/th><th class=\"column-7\"><strong>NO DE PI\u00c8CE,<br \/>\nHANDY-PAK<\/strong><\/th><th class=\"column-8\"><strong>HANDY-PAK<br \/>\nDIM. CONT.\/QT\u00c9<\/strong><\/th>\n<\/tr>\n<\/thead>\n<tbody class=\"row-striping row-hover\">\n<tr class=\"row-2\">\n\t<td class=\"column-1\">N\u00ba 8 x 1-1\/4 po<\/td><td class=\"column-2\">4,0 x 30<\/td><td class=\"column-3\">-<\/td><td class=\"column-4\">-<\/td><td class=\"column-5\">-<\/td><td class=\"column-6\">-<\/td><td class=\"column-7\">17720<\/td><td class=\"column-8\">S\/100<\/td>\n<\/tr>\n<tr class=\"row-3\">\n\t<td class=\"column-1\">N\u00ba 8 x 1-1\/2 po<\/td><td class=\"column-2\">4,0 x 40<\/td><td class=\"column-3\">-<\/td><td class=\"column-4\">-<\/td><td class=\"column-5\">-<\/td><td class=\"column-6\">-<\/td><td class=\"column-7\">17724<\/td><td class=\"column-8\">S\/100<\/td>\n<\/tr>\n<tr class=\"row-4\">\n\t<td class=\"column-1\">N\u00ba 8 x 2 po<\/td><td class=\"column-2\">4,0 x 50<\/td><td class=\"column-3\">-<\/td><td class=\"column-4\">-<\/td><td class=\"column-5\">-<\/td><td class=\"column-6\">-<\/td><td class=\"column-7\">17728<\/td><td class=\"column-8\">S\/100<\/td>\n<\/tr>\n<tr class=\"row-5\">\n\t<td class=\"column-1\">N\u00ba 8 x 2-1\/2 po<\/td><td class=\"column-2\">4,0 x 63<\/td><td class=\"column-3\">15730<\/td><td class=\"column-4\">3500<\/td><td class=\"column-5\">16730<\/td><td class=\"column-6\">605<\/td><td class=\"column-7\">17730<\/td><td class=\"column-8\">S\/100<\/td>\n<\/tr>\n<tr class=\"row-6\">\n\t<td class=\"column-1\">N\u00ba 8 x 2-3\/4 po<\/td><td class=\"column-2\">4,0 x 70<\/td><td class=\"column-3\">-<\/td><td class=\"column-4\">-<\/td><td class=\"column-5\">-<\/td><td class=\"column-6\">-<\/td><td class=\"column-7\">17732<\/td><td class=\"column-8\">S\/100<\/td>\n<\/tr>\n<tr class=\"row-7\">\n\t<td class=\"column-1\">N\u00ba 8 x 3-1\/8 po<\/td><td class=\"column-2\">4,0 x 80<\/td><td class=\"column-3\">15734<\/td><td class=\"column-4\">2500<\/td><td class=\"column-5\">-<\/td><td class=\"column-6\">-<\/td><td class=\"column-7\">17734<\/td><td class=\"column-8\">M\/100<\/td>\n<\/tr>\n<tr class=\"row-8\">\n\t<td class=\"column-1\">N\u00ba 9 x 3-1\/8 po<\/td><td class=\"column-2\">4,5 x 80<\/td><td class=\"column-3\">15756<\/td><td class=\"column-4\">1900<\/td><td class=\"column-5\">-<\/td><td class=\"column-6\">-<\/td><td class=\"column-7\">-<\/td><td class=\"column-8\">-<\/td>\n<\/tr>\n<tr class=\"row-9\">\n\t<td class=\"column-1\">N\u00ba 9 x 4 po<\/td><td class=\"column-2\">4,5 x 100<\/td><td class=\"column-3\">15760<\/td><td class=\"column-4\">1000<\/td><td class=\"column-5\">-<\/td><td class=\"column-6\">-<\/td><td class=\"column-7\">17760<\/td><td class=\"column-8\">M\/100<\/td>\n<\/tr>\n<tr class=\"row-10\">\n\t<td class=\"column-1\">N\u00ba 9 x 5 po<\/td><td class=\"column-2\">4,5 x 125<\/td><td class=\"column-3\">-<\/td><td class=\"column-4\">-<\/td><td class=\"column-5\">-<\/td><td class=\"column-6\">-<\/td><td class=\"column-7\">17766<\/td><td class=\"column-8\">M\/100<\/td>\n<\/tr>\n<tr class=\"row-11\">\n\t<td colspan=\"8\" class=\"column-1\"><strong>VIS BLANCHES FIN\/TRIM\u2122<\/strong><\/td>\n<\/tr>\n<tr class=\"row-12\">\n\t<td class=\"column-1\">N\u00ba 8 x 2-1\/2 po<\/td><td class=\"column-2\">4,0 x 63<\/td><td class=\"column-3\">15830<\/td><td class=\"column-4\">3500<\/td><td class=\"column-5\">-<\/td><td class=\"column-6\">-<\/td><td class=\"column-7\">17830<\/td><td class=\"column-8\">S\/100<\/td>\n<\/tr>\n<\/tbody>\n<\/table>\n\n<p><strong>REMARQUE\u00a0:<\/strong> Les emballages Pro-Pak doivent \u00eatre command\u00e9s par multiple de deux. M\u00e8che de 2 po incluse dans les Pro-Pak, m\u00e8ches de 1 po dans les Handy-Pak.<\/p>\n","protected":false},"excerpt":{"rendered":"<p>La plus petite t\u00eate offerte sur le march\u00e9 pour une finition nette. Parfaites pour les travaux de finition int\u00e9rieurs et ext\u00e9rieurs comme les balustrades de terrasse, les garnitures ext\u00e9rieures, les escaliers, rampes, garnitures de fen\u00eatres et de portes, les plinthes, les moulures de plafond et l\u2019assemblage d\u2019armoires. Pour utilisation g\u00e9n\u00e9rale, dont avec le bois trait\u00e9 sous pression.<\/p>\n","protected":false},"featured_media":7457,"template":"","meta":{"_acf_changed":false,"inline_featured_image":false},"product_brand":[],"product_cat":[158],"product_tag":[],"class_list":{"0":"post-7517","1":"product","2":"type-product","3":"status-publish","4":"has-post-thumbnail","6":"product_cat-screws-fr","8":"first","9":"instock","10":"product-type-simple"},"acf":[],"yoast_head":"<!-- This site is optimized with the Yoast SEO plugin v27.2 - https:\/\/yoast.com\/product\/yoast-seo-wordpress\/ -->\n<title>Vis FIN\/Trim de finition des boiseries - GRK Fasteners<\/title>\n<meta name=\"robots\" content=\"index, follow, max-snippet:-1, max-image-preview:large, max-video-preview:-1\" \/>\n<link rel=\"canonical\" href=\"https:\/\/grkfasteners.ca\/fr\/produit\/vis-fin-trim-de-finition-des-boiseries\/\" \/>\n<meta property=\"og:locale\" content=\"fr_FR\" \/>\n<meta property=\"og:type\" content=\"article\" \/>\n<meta property=\"og:title\" content=\"Vis FIN\/Trim de finition des boiseries - GRK Fasteners\" \/>\n<meta property=\"og:description\" content=\"La plus petite t\u00eate offerte sur le march\u00e9 pour une finition nette. Parfaites pour les travaux de finition int\u00e9rieurs et ext\u00e9rieurs comme les balustrades de terrasse, les garnitures ext\u00e9rieures, les escaliers, rampes, garnitures de fen\u00eatres et de portes, les plinthes, les moulures de plafond et l\u2019assemblage d\u2019armoires. Pour utilisation g\u00e9n\u00e9rale, dont avec le bois trait\u00e9 sous pression.\" \/>\n<meta property=\"og:url\" content=\"https:\/\/grkfasteners.ca\/fr\/produit\/vis-fin-trim-de-finition-des-boiseries\/\" \/>\n<meta property=\"og:site_name\" content=\"GRK Fasteners\" \/>\n<meta property=\"article:modified_time\" content=\"2021-06-09T17:55:56+00:00\" \/>\n<meta property=\"og:image\" content=\"https:\/\/grkfasteners.ca\/wp-content\/uploads\/sites\/4\/2020\/09\/GRK_FIN_TRIM_Screws.png\" \/>\n\t<meta property=\"og:image:width\" content=\"453\" \/>\n\t<meta property=\"og:image:height\" content=\"453\" \/>\n\t<meta property=\"og:image:type\" content=\"image\/png\" \/>\n<meta name=\"twitter:card\" content=\"summary_large_image\" \/>\n<meta name=\"twitter:label1\" content=\"Dur\u00e9e de lecture estim\u00e9e\" \/>\n\t<meta name=\"twitter:data1\" content=\"1 minute\" \/>\n<script type=\"application\/ld+json\" class=\"yoast-schema-graph\">{\"@context\":\"https:\/\/schema.org\",\"@graph\":[{\"@type\":\"WebPage\",\"@id\":\"https:\/\/grkfasteners.ca\/fr\/produit\/vis-fin-trim-de-finition-des-boiseries\/\",\"url\":\"https:\/\/grkfasteners.ca\/fr\/produit\/vis-fin-trim-de-finition-des-boiseries\/\",\"name\":\"Vis FIN\/Trim de finition des boiseries - GRK Fasteners\",\"isPartOf\":{\"@id\":\"https:\/\/grkfasteners.ca\/fr\/#website\"},\"primaryImageOfPage\":{\"@id\":\"https:\/\/grkfasteners.ca\/fr\/produit\/vis-fin-trim-de-finition-des-boiseries\/#primaryimage\"},\"image\":{\"@id\":\"https:\/\/grkfasteners.ca\/fr\/produit\/vis-fin-trim-de-finition-des-boiseries\/#primaryimage\"},\"thumbnailUrl\":\"https:\/\/grkfasteners.ca\/wp-content\/uploads\/sites\/4\/2020\/09\/GRK_FIN_TRIM_Screws.png\",\"datePublished\":\"2020-09-04T20:24:03+00:00\",\"dateModified\":\"2021-06-09T17:55:56+00:00\",\"breadcrumb\":{\"@id\":\"https:\/\/grkfasteners.ca\/fr\/produit\/vis-fin-trim-de-finition-des-boiseries\/#breadcrumb\"},\"inLanguage\":\"fr-FR\",\"potentialAction\":[{\"@type\":\"ReadAction\",\"target\":[\"https:\/\/grkfasteners.ca\/fr\/produit\/vis-fin-trim-de-finition-des-boiseries\/\"]}]},{\"@type\":\"ImageObject\",\"inLanguage\":\"fr-FR\",\"@id\":\"https:\/\/grkfasteners.ca\/fr\/produit\/vis-fin-trim-de-finition-des-boiseries\/#primaryimage\",\"url\":\"https:\/\/grkfasteners.ca\/wp-content\/uploads\/sites\/4\/2020\/09\/GRK_FIN_TRIM_Screws.png\",\"contentUrl\":\"https:\/\/grkfasteners.ca\/wp-content\/uploads\/sites\/4\/2020\/09\/GRK_FIN_TRIM_Screws.png\",\"width\":453,\"height\":453},{\"@type\":\"BreadcrumbList\",\"@id\":\"https:\/\/grkfasteners.ca\/fr\/produit\/vis-fin-trim-de-finition-des-boiseries\/#breadcrumb\",\"itemListElement\":[{\"@type\":\"ListItem\",\"position\":1,\"name\":\"Home\",\"item\":\"https:\/\/grkfasteners.ca\/fr\/\"},{\"@type\":\"ListItem\",\"position\":2,\"name\":\"Boutique\",\"item\":\"https:\/\/grkfasteners.ca\/fr\/boutique\/\"},{\"@type\":\"ListItem\",\"position\":3,\"name\":\"Vis FIN\/Trim de finition des boiseries\"}]},{\"@type\":\"WebSite\",\"@id\":\"https:\/\/grkfasteners.ca\/fr\/#website\",\"url\":\"https:\/\/grkfasteners.ca\/fr\/\",\"name\":\"GRK Fasteners\",\"description\":\"Drive with Speed, Quality and Confidence\",\"potentialAction\":[{\"@type\":\"SearchAction\",\"target\":{\"@type\":\"EntryPoint\",\"urlTemplate\":\"https:\/\/grkfasteners.ca\/fr\/?s={search_term_string}\"},\"query-input\":{\"@type\":\"PropertyValueSpecification\",\"valueRequired\":true,\"valueName\":\"search_term_string\"}}],\"inLanguage\":\"fr-FR\"}]}<\/script>\n<!-- \/ Yoast SEO plugin. -->","yoast_head_json":{"title":"Vis FIN\/Trim de finition des boiseries - GRK Fasteners","robots":{"index":"index","follow":"follow","max-snippet":"max-snippet:-1","max-image-preview":"max-image-preview:large","max-video-preview":"max-video-preview:-1"},"canonical":"https:\/\/grkfasteners.ca\/fr\/produit\/vis-fin-trim-de-finition-des-boiseries\/","og_locale":"fr_FR","og_type":"article","og_title":"Vis FIN\/Trim de finition des boiseries - GRK Fasteners","og_description":"La plus petite t\u00eate offerte sur le march\u00e9 pour une finition nette. Parfaites pour les travaux de finition int\u00e9rieurs et ext\u00e9rieurs comme les balustrades de terrasse, les garnitures ext\u00e9rieures, les escaliers, rampes, garnitures de fen\u00eatres et de portes, les plinthes, les moulures de plafond et l\u2019assemblage d\u2019armoires. Pour utilisation g\u00e9n\u00e9rale, dont avec le bois trait\u00e9 sous pression.","og_url":"https:\/\/grkfasteners.ca\/fr\/produit\/vis-fin-trim-de-finition-des-boiseries\/","og_site_name":"GRK Fasteners","article_modified_time":"2021-06-09T17:55:56+00:00","og_image":[{"width":453,"height":453,"url":"https:\/\/grkfasteners.ca\/wp-content\/uploads\/sites\/4\/2020\/09\/GRK_FIN_TRIM_Screws.png","type":"image\/png"}],"twitter_card":"summary_large_image","twitter_misc":{"Dur\u00e9e de lecture estim\u00e9e":"1 minute"},"schema":{"@context":"https:\/\/schema.org","@graph":[{"@type":"WebPage","@id":"https:\/\/grkfasteners.ca\/fr\/produit\/vis-fin-trim-de-finition-des-boiseries\/","url":"https:\/\/grkfasteners.ca\/fr\/produit\/vis-fin-trim-de-finition-des-boiseries\/","name":"Vis FIN\/Trim de finition des boiseries - GRK Fasteners","isPartOf":{"@id":"https:\/\/grkfasteners.ca\/fr\/#website"},"primaryImageOfPage":{"@id":"https:\/\/grkfasteners.ca\/fr\/produit\/vis-fin-trim-de-finition-des-boiseries\/#primaryimage"},"image":{"@id":"https:\/\/grkfasteners.ca\/fr\/produit\/vis-fin-trim-de-finition-des-boiseries\/#primaryimage"},"thumbnailUrl":"https:\/\/grkfasteners.ca\/wp-content\/uploads\/sites\/4\/2020\/09\/GRK_FIN_TRIM_Screws.png","datePublished":"2020-09-04T20:24:03+00:00","dateModified":"2021-06-09T17:55:56+00:00","breadcrumb":{"@id":"https:\/\/grkfasteners.ca\/fr\/produit\/vis-fin-trim-de-finition-des-boiseries\/#breadcrumb"},"inLanguage":"fr-FR","potentialAction":[{"@type":"ReadAction","target":["https:\/\/grkfasteners.ca\/fr\/produit\/vis-fin-trim-de-finition-des-boiseries\/"]}]},{"@type":"ImageObject","inLanguage":"fr-FR","@id":"https:\/\/grkfasteners.ca\/fr\/produit\/vis-fin-trim-de-finition-des-boiseries\/#primaryimage","url":"https:\/\/grkfasteners.ca\/wp-content\/uploads\/sites\/4\/2020\/09\/GRK_FIN_TRIM_Screws.png","contentUrl":"https:\/\/grkfasteners.ca\/wp-content\/uploads\/sites\/4\/2020\/09\/GRK_FIN_TRIM_Screws.png","width":453,"height":453},{"@type":"BreadcrumbList","@id":"https:\/\/grkfasteners.ca\/fr\/produit\/vis-fin-trim-de-finition-des-boiseries\/#breadcrumb","itemListElement":[{"@type":"ListItem","position":1,"name":"Home","item":"https:\/\/grkfasteners.ca\/fr\/"},{"@type":"ListItem","position":2,"name":"Boutique","item":"https:\/\/grkfasteners.ca\/fr\/boutique\/"},{"@type":"ListItem","position":3,"name":"Vis FIN\/Trim de finition des boiseries"}]},{"@type":"WebSite","@id":"https:\/\/grkfasteners.ca\/fr\/#website","url":"https:\/\/grkfasteners.ca\/fr\/","name":"GRK Fasteners","description":"Drive with Speed, Quality and Confidence","potentialAction":[{"@type":"SearchAction","target":{"@type":"EntryPoint","urlTemplate":"https:\/\/grkfasteners.ca\/fr\/?s={search_term_string}"},"query-input":{"@type":"PropertyValueSpecification","valueRequired":true,"valueName":"search_term_string"}}],"inLanguage":"fr-FR"}]}},"_links":{"self":[{"href":"https:\/\/grkfasteners.ca\/fr\/wp-json\/wp\/v2\/product\/7517","targetHints":{"allow":["GET"]}}],"collection":[{"href":"https:\/\/grkfasteners.ca\/fr\/wp-json\/wp\/v2\/product"}],"about":[{"href":"https:\/\/grkfasteners.ca\/fr\/wp-json\/wp\/v2\/types\/product"}],"wp:featuredmedia":[{"embeddable":true,"href":"https:\/\/grkfasteners.ca\/fr\/wp-json\/wp\/v2\/media\/7457"}],"wp:attachment":[{"href":"https:\/\/grkfasteners.ca\/fr\/wp-json\/wp\/v2\/media?parent=7517"}],"wp:term":[{"taxonomy":"product_brand","embeddable":true,"href":"https:\/\/grkfasteners.ca\/fr\/wp-json\/wp\/v2\/product_brand?post=7517"},{"taxonomy":"product_cat","embeddable":true,"href":"https:\/\/grkfasteners.ca\/fr\/wp-json\/wp\/v2\/product_cat?post=7517"},{"taxonomy":"product_tag","embeddable":true,"href":"https:\/\/grkfasteners.ca\/fr\/wp-json\/wp\/v2\/product_tag?post=7517"}],"curies":[{"name":"wp","href":"https:\/\/api.w.org\/{rel}","templated":true}]}}