{"id":7516,"date":"2020-09-04T20:24:03","date_gmt":"2020-09-04T20:24:03","guid":{"rendered":"https:\/\/grkfasteners.ca\/product\/low-profile-cabinet-screw\/"},"modified":"2021-06-09T17:33:16","modified_gmt":"2021-06-09T17:33:16","slug":"vis-low-profile-cabinet","status":"publish","type":"product","link":"https:\/\/grkfasteners.ca\/fr\/produit\/vis-low-profile-cabinet\/","title":{"rendered":"Vis Low Profile Cabinet"},"content":{"rendered":"<h4><strong>La t\u00eate \u00e0 rondelle int\u00e9gr\u00e9e se presse tout contre le mat\u00e9riau<\/strong><\/h4>\n<p>Ces vis sont d\u2019une minceur suffisante pour pr\u00e9venir les fissures dans pratiquement tous les mat\u00e9riaux, tout en offrant une robustesse suffisante pour garantir une installation solide. La conception de t\u00eate de vis avec rondelle se presse toute contre la surface du mat\u00e9riau.<\/p>\n<p>Les constructeurs ont d\u00e9couvert que les vis Cabinet<sup>MC<\/sup> courtes peuvent parfois \u00eatre utilis\u00e9es dans les installations de rev\u00eatement en vinyle, faisant d\u2019elles l\u2019attache id\u00e9ale pour les utilisations \u00e0 l\u2019int\u00e9rieur comme \u00e0 l\u2019ext\u00e9rieur. La vis Cabinet peut aussi \u00eatre utilis\u00e9e pour les t\u00e2ches de charpente l\u00e9g\u00e8res o\u00f9 une vis \u00e0 diam\u00e8tre de tige plus mod\u00e9r\u00e9 est n\u00e9cessaire, mais o\u00f9 une force de traction, venue de la t\u00eate en rondelle, s\u2019impose aussi.<\/p>\n<h2><strong>AVANTAGES<\/strong><\/h2>\n<p>&nbsp;<\/p>\n<ul>\n<li><strong>Empreinte hexalobulaire encastr\u00e9e\u00a0: <\/strong>aucun d\u00e9nudage, avec six (6) points de contact.<\/li>\n<li><strong>T\u00eate en rondelle\u00a0:<\/strong> pour une tenue affleur\u00e9e nette et une installation robuste et s\u00fbre.<\/li>\n<li><strong>W-Cut<\/strong><strong><sup>MC<\/sup><\/strong><strong> : <\/strong>entra\u00eenement plus ais\u00e9 \u00e0 faible torsion, moins de fissures.<\/li>\n<li><strong>Zip-Tip<\/strong><strong><sup>MC<\/sup><\/strong><strong> : <\/strong>aucun pr\u00e9-per\u00e7age, p\u00e9n\u00e9tration plus rapide, moins de fissures.<\/li>\n<li><strong>Acier c\u00e9ment\u00e9\u00a0:<\/strong> pour une r\u00e9sistance tr\u00e8s \u00e9lev\u00e9e \u00e0 la traction, \u00e0 la torsion et au cisaillement.<\/li>\n<li><strong>L\u2019enduit Climatek<sup>MC<\/sup> est conforme au code\u00a0AC257<\/strong> pour une utilisation avec le bois trait\u00e9.<\/li>\n<li>Pour l\u2019utilisation int\u00e9rieure\/ext\u00e9rieure.<\/li>\n<\/ul>\n<h2><strong>Tableau de s\u00e9lection<\/strong><\/h2>\n\n<table id=\"tablepress-14\" class=\"tablepress tablepress-id-14 tablepress-responsive\">\n<thead>\n<tr class=\"row-1\">\n\t<th class=\"column-1\">DIM. IMP\u00c9R. (NORM.)<br \/>\n(DIA.X LONG.)<\/th><th class=\"column-2\">DIM. M\u00c9TRIQUE<br \/>\n(DIA.X LONG.)<\/th><th class=\"column-3\">NO DE PI\u00c8CE,<br \/>\nEN VRAC<\/th><th class=\"column-4\">VRAC<br \/>\nQT\u00c9\/BO\u00ceTE.<\/th><th class=\"column-5\">NO DE PI\u00c8CE,<br \/>\nHANDY-PAK<\/th><th class=\"column-6\">HANDY-PAK<br \/>\nDIM. CONT.\/QT\u00c9<\/th>\n<\/tr>\n<\/thead>\n<tbody class=\"row-striping\">\n<tr class=\"row-2\">\n\t<td class=\"column-1\">N\u00ba 8 x 1 po<\/td><td class=\"column-2\">4,0 x 25<\/td><td class=\"column-3\">-<\/td><td class=\"column-4\">-<\/td><td class=\"column-5\">12067<\/td><td class=\"column-6\">S\/100<\/td>\n<\/tr>\n<tr class=\"row-3\">\n\t<td class=\"column-1\">N\u00ba 8 x 1-1\/4 po<\/td><td class=\"column-2\">4,0 x 30<\/td><td class=\"column-3\">10069<\/td><td class=\"column-4\">4000<\/td><td class=\"column-5\">12069<\/td><td class=\"column-6\">S\/100<\/td>\n<\/tr>\n<tr class=\"row-4\">\n\t<td class=\"column-1\">N\u00ba 8 x 1-1\/2 po<\/td><td class=\"column-2\">4,0 x 40<\/td><td class=\"column-3\">-<\/td><td class=\"column-4\">-<\/td><td class=\"column-5\">12073<\/td><td class=\"column-6\">M\/100<\/td>\n<\/tr>\n<tr class=\"row-5\">\n\t<td class=\"column-1\">N\u00ba 8 x 1-3\/4 po<\/td><td class=\"column-2\">4,0 x 45<\/td><td class=\"column-3\">-<\/td><td class=\"column-4\">-<\/td><td class=\"column-5\">12075<\/td><td class=\"column-6\">M\/100<\/td>\n<\/tr>\n<tr class=\"row-6\">\n\t<td class=\"column-1\">N\u00ba 8 x 2 po<\/td><td class=\"column-2\">4,0 x 50<\/td><td class=\"column-3\">-<\/td><td class=\"column-4\">-<\/td><td class=\"column-5\">12077<\/td><td class=\"column-6\">M\/100<\/td>\n<\/tr>\n<tr class=\"row-7\">\n\t<td class=\"column-1\">N\u00ba 8 x 2-1\/2 po<\/td><td class=\"column-2\">4,0 x 63<\/td><td class=\"column-3\">-<\/td><td class=\"column-4\">-<\/td><td class=\"column-5\">12079<\/td><td class=\"column-6\">M\/100<\/td>\n<\/tr>\n<\/tbody>\n<\/table>\n\n<h6><strong>REMARQUE\u00a0: M\u00e8ches de 1\u00a0po dans les Handy-Pak.<\/strong><\/h6>\n","protected":false},"excerpt":{"rendered":"<p>Les vis Cabinet<sup>MC<\/sup> de GRK sont sp\u00e9cialement con\u00e7ues pour la construction et l\u2019installation d\u2019armoires. Les vis Cabinet<sup>MC<\/sup> sont fabriqu\u00e9es en calibre n<sup>o<\/sup>\u00a08 (4\u00a0mm) de diam\u00e8tre pour toute la commodit\u00e9 d\u2019une taille universelle. Id\u00e9ales pour les armoires\u2026 et tellement plus. \u00c9galement excellentes pour toute une gamme de travaux d\u2019int\u00e9rieur et d\u2019ext\u00e9rieur.<\/p>\n","protected":false},"featured_media":7454,"template":"","meta":{"_acf_changed":false,"inline_featured_image":false},"product_brand":[],"product_cat":[158],"product_tag":[],"class_list":{"0":"post-7516","1":"product","2":"type-product","3":"status-publish","4":"has-post-thumbnail","6":"product_cat-screws-fr","8":"first","9":"instock","10":"product-type-simple"},"acf":[],"yoast_head":"<!-- This site is optimized with the Yoast SEO plugin v27.2 - https:\/\/yoast.com\/product\/yoast-seo-wordpress\/ -->\n<title>Vis Low Profile Cabinet - GRK Fasteners<\/title>\n<meta name=\"robots\" content=\"index, follow, max-snippet:-1, max-image-preview:large, max-video-preview:-1\" \/>\n<link rel=\"canonical\" href=\"https:\/\/grkfasteners.ca\/fr\/produit\/vis-low-profile-cabinet\/\" \/>\n<meta property=\"og:locale\" content=\"fr_FR\" \/>\n<meta property=\"og:type\" content=\"article\" \/>\n<meta property=\"og:title\" content=\"Vis Low Profile Cabinet - GRK Fasteners\" \/>\n<meta property=\"og:description\" content=\"Les vis CabinetMC de GRK sont sp\u00e9cialement con\u00e7ues pour la construction et l\u2019installation d\u2019armoires. Les vis CabinetMC sont fabriqu\u00e9es en calibre no\u00a08 (4\u00a0mm) de diam\u00e8tre pour toute la commodit\u00e9 d\u2019une taille universelle. Id\u00e9ales pour les armoires\u2026 et tellement plus. \u00c9galement excellentes pour toute une gamme de travaux d\u2019int\u00e9rieur et d\u2019ext\u00e9rieur.\" \/>\n<meta property=\"og:url\" content=\"https:\/\/grkfasteners.ca\/fr\/produit\/vis-low-profile-cabinet\/\" \/>\n<meta property=\"og:site_name\" content=\"GRK Fasteners\" \/>\n<meta property=\"article:modified_time\" content=\"2021-06-09T17:33:16+00:00\" \/>\n<meta property=\"og:image\" content=\"https:\/\/grkfasteners.ca\/wp-content\/uploads\/sites\/4\/2020\/09\/GRK_LowProfile_Screws_2.png\" \/>\n\t<meta property=\"og:image:width\" content=\"453\" \/>\n\t<meta property=\"og:image:height\" content=\"453\" \/>\n\t<meta property=\"og:image:type\" content=\"image\/png\" \/>\n<meta name=\"twitter:card\" content=\"summary_large_image\" \/>\n<meta name=\"twitter:label1\" content=\"Dur\u00e9e de lecture estim\u00e9e\" \/>\n\t<meta name=\"twitter:data1\" content=\"1 minute\" \/>\n<script type=\"application\/ld+json\" class=\"yoast-schema-graph\">{\"@context\":\"https:\/\/schema.org\",\"@graph\":[{\"@type\":\"WebPage\",\"@id\":\"https:\/\/grkfasteners.ca\/fr\/produit\/vis-low-profile-cabinet\/\",\"url\":\"https:\/\/grkfasteners.ca\/fr\/produit\/vis-low-profile-cabinet\/\",\"name\":\"Vis Low Profile Cabinet - GRK Fasteners\",\"isPartOf\":{\"@id\":\"https:\/\/grkfasteners.ca\/fr\/#website\"},\"primaryImageOfPage\":{\"@id\":\"https:\/\/grkfasteners.ca\/fr\/produit\/vis-low-profile-cabinet\/#primaryimage\"},\"image\":{\"@id\":\"https:\/\/grkfasteners.ca\/fr\/produit\/vis-low-profile-cabinet\/#primaryimage\"},\"thumbnailUrl\":\"https:\/\/grkfasteners.ca\/wp-content\/uploads\/sites\/4\/2020\/09\/GRK_LowProfile_Screws_2.png\",\"datePublished\":\"2020-09-04T20:24:03+00:00\",\"dateModified\":\"2021-06-09T17:33:16+00:00\",\"breadcrumb\":{\"@id\":\"https:\/\/grkfasteners.ca\/fr\/produit\/vis-low-profile-cabinet\/#breadcrumb\"},\"inLanguage\":\"fr-FR\",\"potentialAction\":[{\"@type\":\"ReadAction\",\"target\":[\"https:\/\/grkfasteners.ca\/fr\/produit\/vis-low-profile-cabinet\/\"]}]},{\"@type\":\"ImageObject\",\"inLanguage\":\"fr-FR\",\"@id\":\"https:\/\/grkfasteners.ca\/fr\/produit\/vis-low-profile-cabinet\/#primaryimage\",\"url\":\"https:\/\/grkfasteners.ca\/wp-content\/uploads\/sites\/4\/2020\/09\/GRK_LowProfile_Screws_2.png\",\"contentUrl\":\"https:\/\/grkfasteners.ca\/wp-content\/uploads\/sites\/4\/2020\/09\/GRK_LowProfile_Screws_2.png\",\"width\":453,\"height\":453},{\"@type\":\"BreadcrumbList\",\"@id\":\"https:\/\/grkfasteners.ca\/fr\/produit\/vis-low-profile-cabinet\/#breadcrumb\",\"itemListElement\":[{\"@type\":\"ListItem\",\"position\":1,\"name\":\"Home\",\"item\":\"https:\/\/grkfasteners.ca\/fr\/\"},{\"@type\":\"ListItem\",\"position\":2,\"name\":\"Boutique\",\"item\":\"https:\/\/grkfasteners.ca\/fr\/boutique\/\"},{\"@type\":\"ListItem\",\"position\":3,\"name\":\"Vis Low Profile Cabinet\"}]},{\"@type\":\"WebSite\",\"@id\":\"https:\/\/grkfasteners.ca\/fr\/#website\",\"url\":\"https:\/\/grkfasteners.ca\/fr\/\",\"name\":\"GRK Fasteners\",\"description\":\"Drive with Speed, Quality and Confidence\",\"potentialAction\":[{\"@type\":\"SearchAction\",\"target\":{\"@type\":\"EntryPoint\",\"urlTemplate\":\"https:\/\/grkfasteners.ca\/fr\/?s={search_term_string}\"},\"query-input\":{\"@type\":\"PropertyValueSpecification\",\"valueRequired\":true,\"valueName\":\"search_term_string\"}}],\"inLanguage\":\"fr-FR\"}]}<\/script>\n<!-- \/ Yoast SEO plugin. -->","yoast_head_json":{"title":"Vis Low Profile Cabinet - GRK Fasteners","robots":{"index":"index","follow":"follow","max-snippet":"max-snippet:-1","max-image-preview":"max-image-preview:large","max-video-preview":"max-video-preview:-1"},"canonical":"https:\/\/grkfasteners.ca\/fr\/produit\/vis-low-profile-cabinet\/","og_locale":"fr_FR","og_type":"article","og_title":"Vis Low Profile Cabinet - GRK Fasteners","og_description":"Les vis CabinetMC de GRK sont sp\u00e9cialement con\u00e7ues pour la construction et l\u2019installation d\u2019armoires. Les vis CabinetMC sont fabriqu\u00e9es en calibre no\u00a08 (4\u00a0mm) de diam\u00e8tre pour toute la commodit\u00e9 d\u2019une taille universelle. Id\u00e9ales pour les armoires\u2026 et tellement plus. \u00c9galement excellentes pour toute une gamme de travaux d\u2019int\u00e9rieur et d\u2019ext\u00e9rieur.","og_url":"https:\/\/grkfasteners.ca\/fr\/produit\/vis-low-profile-cabinet\/","og_site_name":"GRK Fasteners","article_modified_time":"2021-06-09T17:33:16+00:00","og_image":[{"width":453,"height":453,"url":"https:\/\/grkfasteners.ca\/wp-content\/uploads\/sites\/4\/2020\/09\/GRK_LowProfile_Screws_2.png","type":"image\/png"}],"twitter_card":"summary_large_image","twitter_misc":{"Dur\u00e9e de lecture estim\u00e9e":"1 minute"},"schema":{"@context":"https:\/\/schema.org","@graph":[{"@type":"WebPage","@id":"https:\/\/grkfasteners.ca\/fr\/produit\/vis-low-profile-cabinet\/","url":"https:\/\/grkfasteners.ca\/fr\/produit\/vis-low-profile-cabinet\/","name":"Vis Low Profile Cabinet - GRK Fasteners","isPartOf":{"@id":"https:\/\/grkfasteners.ca\/fr\/#website"},"primaryImageOfPage":{"@id":"https:\/\/grkfasteners.ca\/fr\/produit\/vis-low-profile-cabinet\/#primaryimage"},"image":{"@id":"https:\/\/grkfasteners.ca\/fr\/produit\/vis-low-profile-cabinet\/#primaryimage"},"thumbnailUrl":"https:\/\/grkfasteners.ca\/wp-content\/uploads\/sites\/4\/2020\/09\/GRK_LowProfile_Screws_2.png","datePublished":"2020-09-04T20:24:03+00:00","dateModified":"2021-06-09T17:33:16+00:00","breadcrumb":{"@id":"https:\/\/grkfasteners.ca\/fr\/produit\/vis-low-profile-cabinet\/#breadcrumb"},"inLanguage":"fr-FR","potentialAction":[{"@type":"ReadAction","target":["https:\/\/grkfasteners.ca\/fr\/produit\/vis-low-profile-cabinet\/"]}]},{"@type":"ImageObject","inLanguage":"fr-FR","@id":"https:\/\/grkfasteners.ca\/fr\/produit\/vis-low-profile-cabinet\/#primaryimage","url":"https:\/\/grkfasteners.ca\/wp-content\/uploads\/sites\/4\/2020\/09\/GRK_LowProfile_Screws_2.png","contentUrl":"https:\/\/grkfasteners.ca\/wp-content\/uploads\/sites\/4\/2020\/09\/GRK_LowProfile_Screws_2.png","width":453,"height":453},{"@type":"BreadcrumbList","@id":"https:\/\/grkfasteners.ca\/fr\/produit\/vis-low-profile-cabinet\/#breadcrumb","itemListElement":[{"@type":"ListItem","position":1,"name":"Home","item":"https:\/\/grkfasteners.ca\/fr\/"},{"@type":"ListItem","position":2,"name":"Boutique","item":"https:\/\/grkfasteners.ca\/fr\/boutique\/"},{"@type":"ListItem","position":3,"name":"Vis Low Profile Cabinet"}]},{"@type":"WebSite","@id":"https:\/\/grkfasteners.ca\/fr\/#website","url":"https:\/\/grkfasteners.ca\/fr\/","name":"GRK Fasteners","description":"Drive with Speed, Quality and Confidence","potentialAction":[{"@type":"SearchAction","target":{"@type":"EntryPoint","urlTemplate":"https:\/\/grkfasteners.ca\/fr\/?s={search_term_string}"},"query-input":{"@type":"PropertyValueSpecification","valueRequired":true,"valueName":"search_term_string"}}],"inLanguage":"fr-FR"}]}},"_links":{"self":[{"href":"https:\/\/grkfasteners.ca\/fr\/wp-json\/wp\/v2\/product\/7516","targetHints":{"allow":["GET"]}}],"collection":[{"href":"https:\/\/grkfasteners.ca\/fr\/wp-json\/wp\/v2\/product"}],"about":[{"href":"https:\/\/grkfasteners.ca\/fr\/wp-json\/wp\/v2\/types\/product"}],"wp:featuredmedia":[{"embeddable":true,"href":"https:\/\/grkfasteners.ca\/fr\/wp-json\/wp\/v2\/media\/7454"}],"wp:attachment":[{"href":"https:\/\/grkfasteners.ca\/fr\/wp-json\/wp\/v2\/media?parent=7516"}],"wp:term":[{"taxonomy":"product_brand","embeddable":true,"href":"https:\/\/grkfasteners.ca\/fr\/wp-json\/wp\/v2\/product_brand?post=7516"},{"taxonomy":"product_cat","embeddable":true,"href":"https:\/\/grkfasteners.ca\/fr\/wp-json\/wp\/v2\/product_cat?post=7516"},{"taxonomy":"product_tag","embeddable":true,"href":"https:\/\/grkfasteners.ca\/fr\/wp-json\/wp\/v2\/product_tag?post=7516"}],"curies":[{"name":"wp","href":"https:\/\/api.w.org\/{rel}","templated":true}]}}