{"id":7515,"date":"2020-09-04T20:24:03","date_gmt":"2020-09-04T20:24:03","guid":{"rendered":"https:\/\/grkfasteners.ca\/product\/rss-rugged-structural-screw\/"},"modified":"2021-06-09T20:06:46","modified_gmt":"2021-06-09T20:06:46","slug":"vis-structurales-robustes-rss","status":"publish","type":"product","link":"https:\/\/grkfasteners.ca\/fr\/produit\/vis-structurales-robustes-rss\/","title":{"rendered":"Vis structurales robustes RSS"},"content":{"rendered":"<h2><strong>L&rsquo;option de rechange aux tirefonds, facile \u00e0 installer<\/strong><\/h2>\n<p>Les vis RSS<sup>MC<\/sup> de 3-1\/8\u00a0po et plus disposent d\u2019un filetage CEE Thread qui \u00e9largit le trou de la vis pour la portion non filet\u00e9e des \u00e9l\u00e9ments de fixation, permettant au bois de se stabiliser facilement et d\u2019accro\u00eetre la force de traction de la vis. Le filetage CEE Thread<sup>MC<\/sup> r\u00e9duit \u00e9galement la friction sur la tige de la vis pour \u00e9ventuellement r\u00e9duire la torsion d\u2019entra\u00eenement et la probabilit\u00e9 de fissurer le bois. C\u2019est pourquoi la vis RSS<sup>MC<\/sup> est une option de rechange efficace pour un tirefond.<\/p>\n<p>La t\u00eate de vis avec \u00e9cran int\u00e9gr\u00e9 (t\u00eate de vis \u00e0 rondelle) n\u2019a aucun rebord tranchant comme les tirefonds traditionnels. L\u2019\u00e9paule suppl\u00e9mentaire (diam\u00e8tre nominal) sous la rondelle permet de centrer la vis RSS<sup>MC<\/sup> dans de la quincaillerie d\u00e9j\u00e0 perc\u00e9e comme des charni\u00e8res et des plaques de connexion.<\/p>\n<h2><strong>AVANTAGES<\/strong><\/h2>\n<ul>\n<li><strong>Empreinte hexalobulaire encastr\u00e9e\u00a0: <\/strong>aucun d\u00e9nudage, avec six (6) points de contact.<\/li>\n<li><strong>CEE Thread<\/strong><strong><sup>MC<\/sup><\/strong><strong>\u00a0: <\/strong>agrandit les trous pour r\u00e9duire les fissures, torsion d\u2019installation.<\/li>\n<li><strong>W-Cut<\/strong><strong><sup>MC<\/sup><\/strong><strong> : <\/strong>entra\u00eenement plus ais\u00e9 \u00e0 faible torsion, moins de fissures.<\/li>\n<li><strong>Zip-Tip<\/strong><strong><sup>MC<\/sup><\/strong><strong> : <\/strong>aucun pr\u00e9-per\u00e7age, p\u00e9n\u00e9tration plus rapide, moins de fissures.<\/li>\n<li><strong>T\u00eate \u00e0 rondelle\u00a0: <\/strong>pour un maintien exceptionnel.<\/li>\n<li><strong>Creux de d\u00e9coupe\u00a0:<\/strong> g\u00e9n\u00e8rent un trou net, r\u00e9duisent les fissures et percent avec pr\u00e9cision.<\/li>\n<li><strong>Acier c\u00e9ment\u00e9\u00a0:<\/strong> pour une r\u00e9sistance tr\u00e8s \u00e9lev\u00e9e \u00e0 la traction, \u00e0 la torsion et au cisaillement.<\/li>\n<li><strong>L\u2019enduit Climatek<sup>MC<\/sup> est conforme au code\u00a0AC257<\/strong> pour une utilisation avec le bois trait\u00e9.<\/li>\n<li>Pour une utilisation int\u00e9rieure\/ext\u00e9rieure dans les poutres porteuses, les lisses, les rampes d\u2019escalier, les poteaux de terrasse, le mat\u00e9riel pour terrain de jeu et autres usages professionnels.<\/li>\n<li><strong>ICC ESR\u00a02442\u00a0: <\/strong>Les valeurs structurales et la r\u00e9sistance \u00e0 la corrosion des vis RSS ont \u00e9t\u00e9 \u00e9valu\u00e9es en conformit\u00e9 avec l\u2019International Building Code (IBC) et l\u2019International Residential Code (IRC). Les attaches RSS sont en t\u00eate de l\u2019industrie pour la force et la r\u00e9sistance \u00e0 la corrosion.<\/li>\n<\/ul>\n<h2><strong>Tableau de s\u00e9lection<\/strong><\/h2>\n<p style=\"text-align: left;\"><div id=\"tablepress-22-scroll-wrapper\" class=\"tablepress-scroll-wrapper\">\n\n<table id=\"tablepress-22\" class=\"tablepress tablepress-id-22 tablepress-responsive tbody-has-connected-cells\">\n<tbody>\n<tr class=\"row-1\">\n\t<td class=\"column-1\"><strong>TIGE<br \/>\nDIAM\u00c8TRE<\/strong><\/td><td class=\"column-2\"><strong>FILETAGE<br \/>\nDIAM\u00c8TRE<\/strong><\/td><td class=\"column-3\"><strong>LONGUEUR<\/strong><\/td><td class=\"column-4\"><strong>EN VRAC<br \/>\nN\u00ba DE PI\u00c8CE<\/strong><\/td><td class=\"column-5\"><strong>EN VRAC<br \/>\nQT\u00c9. EN BO\u00ceTE<\/strong><\/td><td class=\"column-6\"><strong>PRO-PAK<br \/>\nN\u00ba DE PI\u00c8CE<\/strong><\/td><td class=\"column-7\"><strong>PRO-PAK<br \/>\nQT\u00c9. EN SEAU<\/strong><\/td><td class=\"column-8\"><strong>HANDY-PAK<br \/>\nN\u00ba DE PI\u00c8CE<\/strong><\/td><td class=\"column-9\"><strong>HANDY-PAK<br \/>\nEMBALLAGE<br \/>\nTAILLE\/QT\u00c9<\/strong><\/td>\n<\/tr>\n<tr class=\"row-2\">\n\t<td rowspan=\"3\" class=\"column-1\">0,138<\/td><td rowspan=\"3\" class=\"column-2\">0,194 <br \/>\n(No 10)<\/td><td class=\"column-3\">1-1\/2 po<\/td><td class=\"column-4\">10127*<\/td><td class=\"column-5\">2300<\/td><td class=\"column-6\">-<\/td><td class=\"column-7\">-<\/td><td class=\"column-8\">-<\/td><td class=\"column-9\">-<\/td>\n<\/tr>\n<tr class=\"row-3\">\n\t<td class=\"column-3\">2-3\/4 po<\/td><td class=\"column-4\">10135<\/td><td class=\"column-5\">1000<\/td><td class=\"column-6\">-<\/td><td class=\"column-7\">-<\/td><td class=\"column-8\">-<\/td><td class=\"column-9\">-<\/td>\n<\/tr>\n<tr class=\"row-4\">\n\t<td class=\"column-3\">3-1\/8 po<\/td><td class=\"column-4\">10137<\/td><td class=\"column-5\">800<\/td><td class=\"column-6\">-<\/td><td class=\"column-7\">-<\/td><td class=\"column-8\">12137<\/td><td class=\"column-9\">M\/50<\/td>\n<\/tr>\n<tr class=\"row-5\">\n\t<td rowspan=\"5\" class=\"column-1\"><br \/>\n0,169<\/td><td rowspan=\"5\" class=\"column-2\"><br \/>\n0,25 <br \/>\n(1\/4 po)<\/td><td class=\"column-3\">1-1\/2 po<\/td><td class=\"column-4\">10151*<\/td><td class=\"column-5\">1000<\/td><td class=\"column-6\">-<\/td><td class=\"column-7\">-<\/td><td class=\"column-8\">12151<\/td><td class=\"column-9\">M\/50<\/td>\n<\/tr>\n<tr class=\"row-6\">\n\t<td class=\"column-3\">2 po<\/td><td class=\"column-4\">10155*<\/td><td class=\"column-5\">800<\/td><td class=\"column-6\">-<\/td><td class=\"column-7\">-<\/td><td class=\"column-8\">12155<\/td><td class=\"column-9\">M\/50<\/td>\n<\/tr>\n<tr class=\"row-7\">\n\t<td class=\"column-3\">2-1\/2 po<\/td><td class=\"column-4\">10157<\/td><td class=\"column-5\">700<\/td><td class=\"column-6\">-<\/td><td class=\"column-7\">-<\/td><td class=\"column-8\">12157<\/td><td class=\"column-9\">M\/50<\/td>\n<\/tr>\n<tr class=\"row-8\">\n\t<td class=\"column-3\">3-1\/8 po<\/td><td class=\"column-4\">10161<\/td><td class=\"column-5\">500<\/td><td class=\"column-6\">-<\/td><td class=\"column-7\">-<\/td><td class=\"column-8\">12161<\/td><td class=\"column-9\">M\/50<\/td>\n<\/tr>\n<tr class=\"row-9\">\n\t<td class=\"column-3\">3-1\/2 po<\/td><td class=\"column-4\">10163<\/td><td class=\"column-5\">400<\/td><td class=\"column-6\">-<\/td><td class=\"column-7\">-<\/td><td class=\"column-8\">12163<\/td><td class=\"column-9\">M\/50<\/td>\n<\/tr>\n<tr class=\"row-10\">\n\t<td rowspan=\"7\" class=\"column-1\"><br \/>\n<br \/>\n<br \/>\n0,1988<\/td><td rowspan=\"7\" class=\"column-2\"><br \/>\n<br \/>\n<br \/>\n0,3125 <br \/>\n(5\/16 po)<\/td><td class=\"column-3\">2-1\/2 po<\/td><td class=\"column-4\">10217<\/td><td class=\"column-5\">600<\/td><td class=\"column-6\">12217<\/td><td class=\"column-7\">100<\/td><td class=\"column-8\">-<\/td><td class=\"column-9\">-<\/td>\n<\/tr>\n<tr class=\"row-11\">\n\t<td class=\"column-3\">2-3\/4 po<\/td><td class=\"column-4\">10219<\/td><td class=\"column-5\">500<\/td><td class=\"column-6\">12219<\/td><td class=\"column-7\">100<\/td><td class=\"column-8\">-<\/td><td class=\"column-9\">-<\/td>\n<\/tr>\n<tr class=\"row-12\">\n\t<td class=\"column-3\">3-1\/8 po<\/td><td class=\"column-4\">10221<\/td><td class=\"column-5\">500<\/td><td class=\"column-6\">12221<\/td><td class=\"column-7\">100<\/td><td class=\"column-8\">-<\/td><td class=\"column-9\">-<\/td>\n<\/tr>\n<tr class=\"row-13\">\n\t<td class=\"column-3\">3-1\/2 po<\/td><td class=\"column-4\">10223<\/td><td class=\"column-5\">500<\/td><td class=\"column-6\">12223<\/td><td class=\"column-7\">100<\/td><td class=\"column-8\">-<\/td><td class=\"column-9\">-<\/td>\n<\/tr>\n<tr class=\"row-14\">\n\t<td class=\"column-3\">4 po<\/td><td class=\"column-4\">10225<\/td><td class=\"column-5\">400<\/td><td class=\"column-6\">12225<\/td><td class=\"column-7\">100<\/td><td class=\"column-8\">-<\/td><td class=\"column-9\">-<\/td>\n<\/tr>\n<tr class=\"row-15\">\n\t<td class=\"column-3\">5-1\/8 po<\/td><td class=\"column-4\">10231<\/td><td class=\"column-5\">300<\/td><td class=\"column-6\">12231<\/td><td class=\"column-7\">50<\/td><td class=\"column-8\">-<\/td><td class=\"column-9\">-<\/td>\n<\/tr>\n<tr class=\"row-16\">\n\t<td class=\"column-3\">6 po<\/td><td class=\"column-4\">10235<\/td><td class=\"column-5\">300<\/td><td class=\"column-6\">12235<\/td><td class=\"column-7\">50<\/td><td class=\"column-8\">-<\/td><td class=\"column-9\">-<\/td>\n<\/tr>\n<tr class=\"row-17\">\n\t<td rowspan=\"10\" class=\"column-1\"><br \/>\n<br \/>\n<br \/>\n<br \/>\n<br \/>\n0,2228<\/td><td rowspan=\"10\" class=\"column-2\"><br \/>\n<br \/>\n<br \/>\n<br \/>\n<br \/>\n0,375 <br \/>\n(3\/8 po)<\/td><td class=\"column-3\">3-1\/8 po<\/td><td class=\"column-4\">10273<\/td><td class=\"column-5\">400<\/td><td class=\"column-6\">12273<\/td><td class=\"column-7\">50<\/td><td class=\"column-8\">-<\/td><td class=\"column-9\">-<\/td>\n<\/tr>\n<tr class=\"row-18\">\n\t<td class=\"column-3\">4 po<\/td><td class=\"column-4\">10275<\/td><td class=\"column-5\">400<\/td><td class=\"column-6\">12275<\/td><td class=\"column-7\">50<\/td><td class=\"column-8\">-<\/td><td class=\"column-9\">-<\/td>\n<\/tr>\n<tr class=\"row-19\">\n\t<td class=\"column-3\">5-1\/8 po<\/td><td class=\"column-4\">10278<\/td><td class=\"column-5\">300<\/td><td class=\"column-6\">12278<\/td><td class=\"column-7\">50<\/td><td class=\"column-8\">-<\/td><td class=\"column-9\">-<\/td>\n<\/tr>\n<tr class=\"row-20\">\n\t<td class=\"column-3\">6 po<\/td><td class=\"column-4\">10281<\/td><td class=\"column-5\">300<\/td><td class=\"column-6\">12281<\/td><td class=\"column-7\">50<\/td><td class=\"column-8\">-<\/td><td class=\"column-9\">-<\/td>\n<\/tr>\n<tr class=\"row-21\">\n\t<td class=\"column-3\">7-1\/4 po<\/td><td class=\"column-4\">10285<\/td><td class=\"column-5\">200<\/td><td class=\"column-6\">12285<\/td><td class=\"column-7\">50<\/td><td class=\"column-8\">-<\/td><td class=\"column-9\">-<\/td>\n<\/tr>\n<tr class=\"row-22\">\n\t<td class=\"column-3\">8 po<\/td><td class=\"column-4\">10287<\/td><td class=\"column-5\">300<\/td><td class=\"column-6\">12287<\/td><td class=\"column-7\">50<\/td><td class=\"column-8\">-<\/td><td class=\"column-9\">-<\/td>\n<\/tr>\n<tr class=\"row-23\">\n\t<td class=\"column-3\">10 po<\/td><td class=\"column-4\">10293<\/td><td class=\"column-5\">300<\/td><td class=\"column-6\">12293<\/td><td class=\"column-7\">50<\/td><td class=\"column-8\">-<\/td><td class=\"column-9\">-<\/td>\n<\/tr>\n<tr class=\"row-24\">\n\t<td class=\"column-3\">12 po<\/td><td class=\"column-4\">10299<\/td><td class=\"column-5\">300<\/td><td class=\"column-6\">12299<\/td><td class=\"column-7\">50<\/td><td class=\"column-8\">-<\/td><td class=\"column-9\">-<\/td>\n<\/tr>\n<tr class=\"row-25\">\n\t<td class=\"column-3\">14-1\/8 po<\/td><td class=\"column-4\">10307<\/td><td class=\"column-5\">200<\/td><td class=\"column-6\">12307<\/td><td class=\"column-7\">50<\/td><td class=\"column-8\">-<\/td><td class=\"column-9\">-<\/td>\n<\/tr>\n<tr class=\"row-26\">\n\t<td class=\"column-3\">16 po<\/td><td class=\"column-4\">10311<\/td><td class=\"column-5\">100<\/td><td class=\"column-6\">12311<\/td><td class=\"column-7\">50<\/td><td class=\"column-8\">-<\/td><td class=\"column-9\">-<\/td>\n<\/tr>\n<\/tbody>\n<\/table>\n\n<\/div>\n<p style=\"text-align: left;\"><div id=\"tablepress-23-scroll-wrapper\" class=\"tablepress-scroll-wrapper\">\n\n<table id=\"tablepress-23\" class=\"tablepress tablepress-id-23 tablepress-responsive tbody-has-connected-cells\">\n<tbody>\n<tr class=\"row-1\">\n\t<td class=\"column-1\"><strong>TIGE<br \/>\nDIAM\u00c8TRE<\/strong><\/td><td class=\"column-2\"><strong>FILETAGE<br \/>\nDIAM\u00c8TRE<\/strong><\/td><td class=\"column-3\"><strong>LONGUEUR<\/strong><\/td><td class=\"column-4\"><strong>EN VRAC<br \/>\nN\u00ba DE PI\u00c8CE<\/strong><\/td><td class=\"column-5\"><strong>EN VRAC<br \/>\nQT\u00c9. EN BO\u00ceTE<\/strong><\/td><td class=\"column-6\"><strong>HANDY-PAK<br \/>\nN\u00ba DE PI\u00c8CE<\/strong><\/td><td class=\"column-7\"><strong>HANDY-PAK<br \/>\nEMBALLAGE<br \/>\nTAILLE\/QT\u00c9<\/strong><\/td>\n<\/tr>\n<tr class=\"row-2\">\n\t<td colspan=\"7\" class=\"column-1\"><strong>RSS \u2013 VIS POUR SOLIVES ET FERMES<\/strong><\/td>\n<\/tr>\n<tr class=\"row-3\">\n\t<td rowspan=\"2\" class=\"column-1\">0,173<\/td><td rowspan=\"2\" class=\"column-2\">0,25 <br \/>\n(1\/4 po)<\/td><td class=\"column-3\">3-3\/8 po<\/td><td class=\"column-4\">91727\u2020<\/td><td class=\"column-5\">400<\/td><td class=\"column-6\">-<\/td><td class=\"column-7\">-<\/td>\n<\/tr>\n<tr class=\"row-4\">\n\t<td class=\"column-3\">5 po<\/td><td class=\"column-4\">91735<\/td><td class=\"column-5\">300<\/td><td class=\"column-6\">-<\/td><td class=\"column-7\">-<\/td>\n<\/tr>\n<tr class=\"row-5\">\n\t<td colspan=\"7\" class=\"column-1\"><strong>RSS LTF \u2013 VIS POUR CHARPENTE EN BOIS<\/strong><\/td>\n<\/tr>\n<tr class=\"row-6\">\n\t<td rowspan=\"5\" class=\"column-1\">0,22<\/td><td rowspan=\"5\" class=\"column-2\">0,31 <br \/>\n(3\/8 po)<\/td><td class=\"column-3\">8 po<\/td><td class=\"column-4\">91287<\/td><td class=\"column-5\">300<\/td><td class=\"column-6\">93287<\/td><td class=\"column-7\">M\/50<\/td>\n<\/tr>\n<tr class=\"row-7\">\n\t<td class=\"column-3\">10 po<\/td><td class=\"column-4\">91293<\/td><td class=\"column-5\">300<\/td><td class=\"column-6\">93293<\/td><td class=\"column-7\">M\/50<\/td>\n<\/tr>\n<tr class=\"row-8\">\n\t<td class=\"column-3\">12 po<\/td><td class=\"column-4\">91299<\/td><td class=\"column-5\">300<\/td><td class=\"column-6\">93299<\/td><td class=\"column-7\">M\/50<\/td>\n<\/tr>\n<tr class=\"row-9\">\n\t<td class=\"column-3\">15 po<\/td><td class=\"column-4\">91308<\/td><td class=\"column-5\">300<\/td><td class=\"column-6\">93308<\/td><td class=\"column-7\">M\/50<\/td>\n<\/tr>\n<tr class=\"row-10\">\n\t<td class=\"column-3\">20 po<\/td><td class=\"column-4\">-<\/td><td class=\"column-5\">-<\/td><td class=\"column-6\">93323<\/td><td class=\"column-7\">M\/25<\/td>\n<\/tr>\n<\/tbody>\n<\/table>\n\n<\/div>\n<p style=\"text-align: left;\"><div id=\"tablepress-24-scroll-wrapper\" class=\"tablepress-scroll-wrapper\">\n\n<table id=\"tablepress-24\" class=\"tablepress tablepress-id-24 tablepress-responsive tbody-has-connected-cells\">\n<tbody>\n<tr class=\"row-1\">\n\t<td class=\"column-1\"><strong>TIGE<br \/>\nDIAM\u00c8TRE<\/strong><\/td><td class=\"column-2\"><strong>FILETAGE<br \/>\nDIAM\u00c8TRE<\/strong><\/td><td class=\"column-3\"><strong>LONGUEUR<\/strong><\/td><td class=\"column-4\"><strong>N\u00ba DE PI\u00c8CE<\/strong><\/td><td class=\"column-5\"><strong>QT\u00c9<\/strong><\/td>\n<\/tr>\n<tr class=\"row-2\">\n\t<td colspan=\"5\" class=\"column-1\"><strong>RSS EN EMBALLAGE ALV\u00c9OL\u00c9<\/strong><\/td>\n<\/tr>\n<tr class=\"row-3\">\n\t<td rowspan=\"4\" class=\"column-1\">0,1988<\/td><td rowspan=\"4\" class=\"column-2\">0,3125 <br \/>\n(5\/16 po)<\/td><td class=\"column-3\">3-1\/8 po<\/td><td class=\"column-4\">13221<\/td><td class=\"column-5\">15<\/td>\n<\/tr>\n<tr class=\"row-4\">\n\t<td class=\"column-3\">4 po<\/td><td class=\"column-4\">13225<\/td><td class=\"column-5\">12<\/td>\n<\/tr>\n<tr class=\"row-5\">\n\t<td class=\"column-3\">5-1\/8 po<\/td><td class=\"column-4\">13231<\/td><td class=\"column-5\">10<\/td>\n<\/tr>\n<tr class=\"row-6\">\n\t<td class=\"column-3\">6 po<\/td><td class=\"column-4\">13235<\/td><td class=\"column-5\">8<\/td>\n<\/tr>\n<tr class=\"row-7\">\n\t<td colspan=\"5\" class=\"column-1\"><strong>RSS HANDY-PAK PLUS PETIT FORMAT<\/strong><\/td>\n<\/tr>\n<tr class=\"row-8\">\n\t<td rowspan=\"4\" class=\"column-1\">0,1988<\/td><td rowspan=\"4\" class=\"column-2\">0,3125 <br \/>\n(5\/16 po)<\/td><td class=\"column-3\">3-1\/8 po<\/td><td class=\"column-4\">14221<\/td><td class=\"column-5\">M\/25<\/td>\n<\/tr>\n<tr class=\"row-9\">\n\t<td class=\"column-3\">4 po<\/td><td class=\"column-4\">14225<\/td><td class=\"column-5\">M\/25<\/td>\n<\/tr>\n<tr class=\"row-10\">\n\t<td class=\"column-3\">5-1\/8 po<\/td><td class=\"column-4\">14231<\/td><td class=\"column-5\">M\/20<\/td>\n<\/tr>\n<tr class=\"row-11\">\n\t<td class=\"column-3\">6 po<\/td><td class=\"column-4\">14235<\/td><td class=\"column-5\">M\/20<\/td>\n<\/tr>\n<\/tbody>\n<\/table>\n\n<\/div>\n<p>REMARQUE\u00a0: Les emballages Pro-Pak doivent \u00eatre command\u00e9s par multiple de deux.<br \/>\n*\u00a0N\u2019est pas offert avec la caract\u00e9ristique Zip-Tip<sup>MC<\/sup>. \u2020\u00a0Sans caract\u00e9ristique CEE-THREAD<sup>MC<\/sup> ajout\u00e9e. M\u00e8che de 2\u00a0po incluse dans les Pro-Pak, m\u00e8ches de 1\u00a0po dans les Handy-Pak.<\/p>\n","protected":false},"excerpt":{"rendered":"<p>La vis RSS<sup>MC<\/sup> de GRK est fabriqu\u00e9e en acier tremp\u00e9 sp\u00e9cial pour une r\u00e9sistance tr\u00e8s \u00e9lev\u00e9e \u00e0 la traction, au couple et au cisaillement. Les pointes et les filets tranchants rentrent imm\u00e9diatement dans le mat\u00e9riau (y compris le bois dur), r\u00e9duisant le risque de fissures caus\u00e9 par des tiges plus petites.<\/p>\n","protected":false},"featured_media":7450,"template":"","meta":{"_acf_changed":false,"inline_featured_image":false},"product_brand":[],"product_cat":[158],"product_tag":[],"class_list":{"0":"post-7515","1":"product","2":"type-product","3":"status-publish","4":"has-post-thumbnail","6":"product_cat-screws-fr","8":"first","9":"instock","10":"product-type-simple"},"acf":[],"yoast_head":"<!-- This site is optimized with the Yoast SEO plugin v27.2 - https:\/\/yoast.com\/product\/yoast-seo-wordpress\/ -->\n<title>Vis structurales robustes RSS - GRK Fasteners<\/title>\n<meta name=\"robots\" content=\"index, follow, max-snippet:-1, max-image-preview:large, max-video-preview:-1\" \/>\n<link rel=\"canonical\" href=\"https:\/\/grkfasteners.ca\/fr\/produit\/vis-structurales-robustes-rss\/\" \/>\n<meta property=\"og:locale\" content=\"fr_FR\" \/>\n<meta property=\"og:type\" content=\"article\" \/>\n<meta property=\"og:title\" content=\"Vis structurales robustes RSS - GRK Fasteners\" \/>\n<meta property=\"og:description\" content=\"La vis RSSMC de GRK est fabriqu\u00e9e en acier tremp\u00e9 sp\u00e9cial pour une r\u00e9sistance tr\u00e8s \u00e9lev\u00e9e \u00e0 la traction, au couple et au cisaillement. Les pointes et les filets tranchants rentrent imm\u00e9diatement dans le mat\u00e9riau (y compris le bois dur), r\u00e9duisant le risque de fissures caus\u00e9 par des tiges plus petites.\" \/>\n<meta property=\"og:url\" content=\"https:\/\/grkfasteners.ca\/fr\/produit\/vis-structurales-robustes-rss\/\" \/>\n<meta property=\"og:site_name\" content=\"GRK Fasteners\" \/>\n<meta property=\"article:modified_time\" content=\"2021-06-09T20:06:46+00:00\" \/>\n<meta property=\"og:image\" content=\"https:\/\/grkfasteners.ca\/wp-content\/uploads\/sites\/4\/2020\/09\/GRK_RSS_Screws_4.png\" \/>\n\t<meta property=\"og:image:width\" content=\"453\" \/>\n\t<meta property=\"og:image:height\" content=\"453\" \/>\n\t<meta property=\"og:image:type\" content=\"image\/png\" \/>\n<meta name=\"twitter:card\" content=\"summary_large_image\" \/>\n<meta name=\"twitter:label1\" content=\"Dur\u00e9e de lecture estim\u00e9e\" \/>\n\t<meta name=\"twitter:data1\" content=\"2 minutes\" \/>\n<script type=\"application\/ld+json\" class=\"yoast-schema-graph\">{\"@context\":\"https:\/\/schema.org\",\"@graph\":[{\"@type\":\"WebPage\",\"@id\":\"https:\/\/grkfasteners.ca\/fr\/produit\/vis-structurales-robustes-rss\/\",\"url\":\"https:\/\/grkfasteners.ca\/fr\/produit\/vis-structurales-robustes-rss\/\",\"name\":\"Vis structurales robustes RSS - GRK Fasteners\",\"isPartOf\":{\"@id\":\"https:\/\/grkfasteners.ca\/fr\/#website\"},\"primaryImageOfPage\":{\"@id\":\"https:\/\/grkfasteners.ca\/fr\/produit\/vis-structurales-robustes-rss\/#primaryimage\"},\"image\":{\"@id\":\"https:\/\/grkfasteners.ca\/fr\/produit\/vis-structurales-robustes-rss\/#primaryimage\"},\"thumbnailUrl\":\"https:\/\/grkfasteners.ca\/wp-content\/uploads\/sites\/4\/2020\/09\/GRK_RSS_Screws_4.png\",\"datePublished\":\"2020-09-04T20:24:03+00:00\",\"dateModified\":\"2021-06-09T20:06:46+00:00\",\"breadcrumb\":{\"@id\":\"https:\/\/grkfasteners.ca\/fr\/produit\/vis-structurales-robustes-rss\/#breadcrumb\"},\"inLanguage\":\"fr-FR\",\"potentialAction\":[{\"@type\":\"ReadAction\",\"target\":[\"https:\/\/grkfasteners.ca\/fr\/produit\/vis-structurales-robustes-rss\/\"]}]},{\"@type\":\"ImageObject\",\"inLanguage\":\"fr-FR\",\"@id\":\"https:\/\/grkfasteners.ca\/fr\/produit\/vis-structurales-robustes-rss\/#primaryimage\",\"url\":\"https:\/\/grkfasteners.ca\/wp-content\/uploads\/sites\/4\/2020\/09\/GRK_RSS_Screws_4.png\",\"contentUrl\":\"https:\/\/grkfasteners.ca\/wp-content\/uploads\/sites\/4\/2020\/09\/GRK_RSS_Screws_4.png\",\"width\":453,\"height\":453},{\"@type\":\"BreadcrumbList\",\"@id\":\"https:\/\/grkfasteners.ca\/fr\/produit\/vis-structurales-robustes-rss\/#breadcrumb\",\"itemListElement\":[{\"@type\":\"ListItem\",\"position\":1,\"name\":\"Home\",\"item\":\"https:\/\/grkfasteners.ca\/fr\/\"},{\"@type\":\"ListItem\",\"position\":2,\"name\":\"Boutique\",\"item\":\"https:\/\/grkfasteners.ca\/fr\/boutique\/\"},{\"@type\":\"ListItem\",\"position\":3,\"name\":\"Vis structurales robustes RSS\"}]},{\"@type\":\"WebSite\",\"@id\":\"https:\/\/grkfasteners.ca\/fr\/#website\",\"url\":\"https:\/\/grkfasteners.ca\/fr\/\",\"name\":\"GRK Fasteners\",\"description\":\"Drive with Speed, Quality and Confidence\",\"potentialAction\":[{\"@type\":\"SearchAction\",\"target\":{\"@type\":\"EntryPoint\",\"urlTemplate\":\"https:\/\/grkfasteners.ca\/fr\/?s={search_term_string}\"},\"query-input\":{\"@type\":\"PropertyValueSpecification\",\"valueRequired\":true,\"valueName\":\"search_term_string\"}}],\"inLanguage\":\"fr-FR\"}]}<\/script>\n<!-- \/ Yoast SEO plugin. -->","yoast_head_json":{"title":"Vis structurales robustes RSS - GRK Fasteners","robots":{"index":"index","follow":"follow","max-snippet":"max-snippet:-1","max-image-preview":"max-image-preview:large","max-video-preview":"max-video-preview:-1"},"canonical":"https:\/\/grkfasteners.ca\/fr\/produit\/vis-structurales-robustes-rss\/","og_locale":"fr_FR","og_type":"article","og_title":"Vis structurales robustes RSS - GRK Fasteners","og_description":"La vis RSSMC de GRK est fabriqu\u00e9e en acier tremp\u00e9 sp\u00e9cial pour une r\u00e9sistance tr\u00e8s \u00e9lev\u00e9e \u00e0 la traction, au couple et au cisaillement. Les pointes et les filets tranchants rentrent imm\u00e9diatement dans le mat\u00e9riau (y compris le bois dur), r\u00e9duisant le risque de fissures caus\u00e9 par des tiges plus petites.","og_url":"https:\/\/grkfasteners.ca\/fr\/produit\/vis-structurales-robustes-rss\/","og_site_name":"GRK Fasteners","article_modified_time":"2021-06-09T20:06:46+00:00","og_image":[{"width":453,"height":453,"url":"https:\/\/grkfasteners.ca\/wp-content\/uploads\/sites\/4\/2020\/09\/GRK_RSS_Screws_4.png","type":"image\/png"}],"twitter_card":"summary_large_image","twitter_misc":{"Dur\u00e9e de lecture estim\u00e9e":"2 minutes"},"schema":{"@context":"https:\/\/schema.org","@graph":[{"@type":"WebPage","@id":"https:\/\/grkfasteners.ca\/fr\/produit\/vis-structurales-robustes-rss\/","url":"https:\/\/grkfasteners.ca\/fr\/produit\/vis-structurales-robustes-rss\/","name":"Vis structurales robustes RSS - GRK Fasteners","isPartOf":{"@id":"https:\/\/grkfasteners.ca\/fr\/#website"},"primaryImageOfPage":{"@id":"https:\/\/grkfasteners.ca\/fr\/produit\/vis-structurales-robustes-rss\/#primaryimage"},"image":{"@id":"https:\/\/grkfasteners.ca\/fr\/produit\/vis-structurales-robustes-rss\/#primaryimage"},"thumbnailUrl":"https:\/\/grkfasteners.ca\/wp-content\/uploads\/sites\/4\/2020\/09\/GRK_RSS_Screws_4.png","datePublished":"2020-09-04T20:24:03+00:00","dateModified":"2021-06-09T20:06:46+00:00","breadcrumb":{"@id":"https:\/\/grkfasteners.ca\/fr\/produit\/vis-structurales-robustes-rss\/#breadcrumb"},"inLanguage":"fr-FR","potentialAction":[{"@type":"ReadAction","target":["https:\/\/grkfasteners.ca\/fr\/produit\/vis-structurales-robustes-rss\/"]}]},{"@type":"ImageObject","inLanguage":"fr-FR","@id":"https:\/\/grkfasteners.ca\/fr\/produit\/vis-structurales-robustes-rss\/#primaryimage","url":"https:\/\/grkfasteners.ca\/wp-content\/uploads\/sites\/4\/2020\/09\/GRK_RSS_Screws_4.png","contentUrl":"https:\/\/grkfasteners.ca\/wp-content\/uploads\/sites\/4\/2020\/09\/GRK_RSS_Screws_4.png","width":453,"height":453},{"@type":"BreadcrumbList","@id":"https:\/\/grkfasteners.ca\/fr\/produit\/vis-structurales-robustes-rss\/#breadcrumb","itemListElement":[{"@type":"ListItem","position":1,"name":"Home","item":"https:\/\/grkfasteners.ca\/fr\/"},{"@type":"ListItem","position":2,"name":"Boutique","item":"https:\/\/grkfasteners.ca\/fr\/boutique\/"},{"@type":"ListItem","position":3,"name":"Vis structurales robustes RSS"}]},{"@type":"WebSite","@id":"https:\/\/grkfasteners.ca\/fr\/#website","url":"https:\/\/grkfasteners.ca\/fr\/","name":"GRK Fasteners","description":"Drive with Speed, Quality and Confidence","potentialAction":[{"@type":"SearchAction","target":{"@type":"EntryPoint","urlTemplate":"https:\/\/grkfasteners.ca\/fr\/?s={search_term_string}"},"query-input":{"@type":"PropertyValueSpecification","valueRequired":true,"valueName":"search_term_string"}}],"inLanguage":"fr-FR"}]}},"_links":{"self":[{"href":"https:\/\/grkfasteners.ca\/fr\/wp-json\/wp\/v2\/product\/7515","targetHints":{"allow":["GET"]}}],"collection":[{"href":"https:\/\/grkfasteners.ca\/fr\/wp-json\/wp\/v2\/product"}],"about":[{"href":"https:\/\/grkfasteners.ca\/fr\/wp-json\/wp\/v2\/types\/product"}],"wp:featuredmedia":[{"embeddable":true,"href":"https:\/\/grkfasteners.ca\/fr\/wp-json\/wp\/v2\/media\/7450"}],"wp:attachment":[{"href":"https:\/\/grkfasteners.ca\/fr\/wp-json\/wp\/v2\/media?parent=7515"}],"wp:term":[{"taxonomy":"product_brand","embeddable":true,"href":"https:\/\/grkfasteners.ca\/fr\/wp-json\/wp\/v2\/product_brand?post=7515"},{"taxonomy":"product_cat","embeddable":true,"href":"https:\/\/grkfasteners.ca\/fr\/wp-json\/wp\/v2\/product_cat?post=7515"},{"taxonomy":"product_tag","embeddable":true,"href":"https:\/\/grkfasteners.ca\/fr\/wp-json\/wp\/v2\/product_tag?post=7515"}],"curies":[{"name":"wp","href":"https:\/\/api.w.org\/{rel}","templated":true}]}}