{"id":7514,"date":"2020-09-04T20:24:03","date_gmt":"2020-09-04T20:24:03","guid":{"rendered":"https:\/\/grkfasteners.ca\/product\/r4-multi-purpose-screw\/"},"modified":"2021-06-09T18:40:25","modified_gmt":"2021-06-09T18:40:25","slug":"vis-de-charpente-polyvalentes-r4","status":"publish","type":"product","link":"https:\/\/grkfasteners.ca\/fr\/produit\/vis-de-charpente-polyvalentes-r4\/","title":{"rendered":"Vis de charpente polyvalentes R4"},"content":{"rendered":"<h4><strong>Charpentez avec aisance et confiance<\/strong><\/h4>\n<p>La vis autotaraudeuse\u00a0R4<sup>MC<\/sup> de GRK comporte une surface d\u2019appui brevet\u00e9 avec des dents tranchantes (en dents de scie) et six creux ind\u00e9pendants sous la t\u00eate. Ensemble, ils fonctionnent comme la lame d\u2019une scie circulaire, repoussant la poussi\u00e8re de per\u00e7age du bord du trou de la vis tout en per\u00e7ant un trou parfaitement net m\u00eame dans les mat\u00e9riaux les plus cassants, sans fissurer le traitement de surface.<\/p>\n<p>Cette conception am\u00e9liore la polyvalence de la vis\u00a0R4<sup>MC<\/sup> en permettant \u00e0 l\u2019attache de fraiser m\u00eame dans les bois les plus durs. La t\u00eate de la vis ferme pr\u00e9cis\u00e9ment le trou sans laisser de fibres endommag\u00e9es autour de la t\u00eate. Les vis\u00a0R4<sup>MC<\/sup> de 2\u00a0pouces ou plus comportent quatre filets CEE Thread<sup>MC<\/sup>. Ils augmentent le diam\u00e8tre du trou de la vis pour la section lisse de l\u2019attache, permettant au bois de se stabiliser facilement. Ceci augmente la force d\u2019incursion de la vis et r\u00e9duit la friction sur la tige de la vis, ce qui diminue la torsion de vissage.<\/p>\n<h2><strong>AVANTAGES<\/strong><\/h2>\n<ul>\n<li><strong>Empreinte hexalobulaire encastr\u00e9e\u00a0: <\/strong>aucun d\u00e9nudage, avec six (6) points de contact.<\/li>\n<li><strong>CEE Thread<sup>MC<\/sup>\u00a0: <\/strong>agrandit les trous pour r\u00e9duire les fissures, torsion d\u2019installation.<\/li>\n<li><strong>W-Cut<sup>MC<\/sup> : <\/strong>entra\u00eenement plus ais\u00e9 \u00e0 faible torsion, moins de fissures.<\/li>\n<li><strong>Zip-Tip<sup>MC<\/sup> : <\/strong>aucun pr\u00e9-per\u00e7age, p\u00e9n\u00e9tration plus rapide, moins de fissures.<\/li>\n<li><strong>Creux de d\u00e9coupe\u00a0: <\/strong>g\u00e9n\u00e8rent un trou net, r\u00e9duisent les fissures et percent avec pr\u00e9cision.<\/li>\n<li><strong>Approuv\u00e9es dans le rapport\u00a0ESR-3201 <\/strong>pour les usages structuraux.<\/li>\n<li><strong>Acier c\u00e9ment\u00e9\u00a0:<\/strong> pour une r\u00e9sistance tr\u00e8s \u00e9lev\u00e9e \u00e0 la traction, \u00e0 la torsion et au cisaillement.<\/li>\n<li><strong>L\u2019enduit Climatek<sup>MC<\/sup> est conforme au code\u00a0AC257<\/strong> pour une utilisation avec le bois trait\u00e9.<\/li>\n<\/ul>\n<h2><strong>Tableau de s\u00e9lection<\/strong><\/h2>\n<div id=\"tablepress-18-scroll-wrapper\" class=\"tablepress-scroll-wrapper\">\n\n<table id=\"tablepress-18\" class=\"tablepress tablepress-id-18 tablepress-responsive\">\n<tbody>\n<tr class=\"row-1\">\n\t<td class=\"column-1\"><strong>U.S. (STD.)<br \/>\nDIMENSION<br \/>\n(DIA. X LONGUEUR)<\/strong><\/td><td class=\"column-2\"><strong>DIMENSION<br \/>\nM\u00c9TRIQUE<br \/>\n(DIA. X LONGUEUR)<\/strong><\/td><td class=\"column-3\"><strong>EN VRAC<br \/>\nNO DE PI\u00c8CE<\/strong><\/td><td class=\"column-4\"><strong>EN VRAC<br \/>\nBO\u00ceTE QT\u00c9.<\/strong><\/td><td class=\"column-5\"><strong>PRO-PAK<br \/>\nNO DE PI\u00c8CE<\/strong><\/td><td class=\"column-6\"><strong>PRO-PAK<br \/>\nSEAU QT\u00c9.<\/strong><\/td><td class=\"column-7\"><strong>HANDY-PAK<br \/>\nNO DE PI\u00c8CE<\/strong><\/td><td class=\"column-8\"><strong>HANDY-PAK<br \/>\nEMB. TAILLE\/QT\u00c9.<strong><\/td>\n<\/tr>\n<tr class=\"row-2\">\n\t<td class=\"column-1\">N\u00ba 8 x 1-1\/2 po<\/td><td class=\"column-2\">4,0 x 40<\/td><td class=\"column-3\">-<\/td><td class=\"column-4\">-<\/td><td class=\"column-5\">01073<\/td><td class=\"column-6\">1000<\/td><td class=\"column-7\">-<\/td><td class=\"column-8\">-<\/td>\n<\/tr>\n<tr class=\"row-3\">\n\t<td class=\"column-1\">N\u00ba 8 x 2 po<\/td><td class=\"column-2\">4,0 x 50<\/td><td class=\"column-3\">-<\/td><td class=\"column-4\">-<\/td><td class=\"column-5\">01077<\/td><td class=\"column-6\">850<\/td><td class=\"column-7\">02077<\/td><td class=\"column-8\">S\/100<\/td>\n<\/tr>\n<tr class=\"row-4\">\n\t<td class=\"column-1\">N\u00ba 9 x 1-3\/4 po<\/td><td class=\"column-2\">4,5 x 45<\/td><td class=\"column-3\">-<\/td><td class=\"column-4\">-<\/td><td class=\"column-5\">-<\/td><td class=\"column-6\">-<\/td><td class=\"column-7\">02097<\/td><td class=\"column-8\">S\/100<\/td>\n<\/tr>\n<tr class=\"row-5\">\n\t<td class=\"column-1\">N\u00ba 9 x 2 po<\/td><td class=\"column-2\">4,5 x 50<\/td><td class=\"column-3\">00099<\/td><td class=\"column-4\">3700<\/td><td class=\"column-5\">01099<\/td><td class=\"column-6\">690<\/td><td class=\"column-7\">-<\/td><td class=\"column-8\">-<\/td>\n<\/tr>\n<tr class=\"row-6\">\n\t<td class=\"column-1\">N\u00ba 9 x 2-1\/2 po<\/td><td class=\"column-2\">4,5 x 63<\/td><td class=\"column-3\">00101<\/td><td class=\"column-4\">2900<\/td><td class=\"column-5\">01101<\/td><td class=\"column-6\">575<\/td><td class=\"column-7\">02101<\/td><td class=\"column-8\">M\/100<\/td>\n<\/tr>\n<tr class=\"row-7\">\n\t<td class=\"column-1\">N\u00ba 9 x 2-3\/4 po<\/td><td class=\"column-2\">4,5 x 70<\/td><td class=\"column-3\">-<\/td><td class=\"column-4\">-<\/td><td class=\"column-5\">01103<\/td><td class=\"column-6\">480<\/td><td class=\"column-7\">-<\/td><td class=\"column-8\">-<\/td>\n<\/tr>\n<tr class=\"row-8\">\n\t<td class=\"column-1\">N\u00ba 9 x 3-1\/8 po<\/td><td class=\"column-2\">4,5 x 80<\/td><td class=\"column-3\">00105<\/td><td class=\"column-4\">1900<\/td><td class=\"column-5\">01105<\/td><td class=\"column-6\">425<\/td><td class=\"column-7\">02105<\/td><td class=\"column-8\">M\/100<\/td>\n<\/tr>\n<tr class=\"row-9\">\n\t<td class=\"column-1\">N\u00ba 10 x 2-1\/2 po<\/td><td class=\"column-2\">5,0 x 63<\/td><td class=\"column-3\">00133<\/td><td class=\"column-4\">2500<\/td><td class=\"column-5\">01133<\/td><td class=\"column-6\">470<\/td><td class=\"column-7\">-<\/td><td class=\"column-8\">-<\/td>\n<\/tr>\n<tr class=\"row-10\">\n\t<td class=\"column-1\">N\u00ba 10 x 2-3\/4 po<\/td><td class=\"column-2\">5,0 x 70<\/td><td class=\"column-3\">00135<\/td><td class=\"column-4\">2000<\/td><td class=\"column-5\">-<\/td><td class=\"column-6\">-<\/td><td class=\"column-7\">-<\/td><td class=\"column-8\">-<\/td>\n<\/tr>\n<tr class=\"row-11\">\n\t<td class=\"column-1\">N\u00ba 10 x 3-1\/8 po<\/td><td class=\"column-2\">5,0 x 80<\/td><td class=\"column-3\">00137<\/td><td class=\"column-4\">1500<\/td><td class=\"column-5\">01137<\/td><td class=\"column-6\">350<\/td><td class=\"column-7\">02137<\/td><td class=\"column-8\">M\/100<\/td>\n<\/tr>\n<tr class=\"row-12\">\n\t<td class=\"column-1\">N\u00ba 10 x 3-1\/2 po<\/td><td class=\"column-2\">5,0 x 90<\/td><td class=\"column-3\">00139<\/td><td class=\"column-4\">1200<\/td><td class=\"column-5\">01139<\/td><td class=\"column-6\">300<\/td><td class=\"column-7\">02139<\/td><td class=\"column-8\">M\/50<\/td>\n<\/tr>\n<tr class=\"row-13\">\n\t<td class=\"column-1\">N\u00ba 10 x 4 po<\/td><td class=\"column-2\">5,0 x 100<\/td><td class=\"column-3\">00141<\/td><td class=\"column-4\">1000<\/td><td class=\"column-5\">01141<\/td><td class=\"column-6\">270<\/td><td class=\"column-7\">02141<\/td><td class=\"column-8\">M\/50<\/td>\n<\/tr>\n<tr class=\"row-14\">\n\t<td class=\"column-1\">N\u00ba 10 x 4-3\/4 po<\/td><td class=\"column-2\">5,0 x 120<\/td><td class=\"column-3\">00143<\/td><td class=\"column-4\">800<\/td><td class=\"column-5\">01143<\/td><td class=\"column-6\">230<\/td><td class=\"column-7\">02143<\/td><td class=\"column-8\">M\/50<\/td>\n<\/tr>\n<tr class=\"row-15\">\n\t<td class=\"column-1\">N\u00ba 12\/14 x 4 po<\/td><td class=\"column-2\">6,0 x 100<\/td><td class=\"column-3\">00165<\/td><td class=\"column-4\">800<\/td><td class=\"column-5\">-<\/td><td class=\"column-6\">-<\/td><td class=\"column-7\">-<\/td><td class=\"column-8\">-<\/td>\n<\/tr>\n<tr class=\"row-16\">\n\t<td class=\"column-1\">N\u00ba 12\/14 x 5-5\/8 po<\/td><td class=\"column-2\">6,0 x 140<\/td><td class=\"column-3\">00173<\/td><td class=\"column-4\">600<\/td><td class=\"column-5\">-<\/td><td class=\"column-6\">-<\/td><td class=\"column-7\">02173<\/td><td class=\"column-8\">M\/50<\/td>\n<\/tr>\n<tr class=\"row-17\">\n\t<td class=\"column-1\">N\u00ba 12\/14 x 6-3\/8 po<\/td><td class=\"column-2\">6,0 x 160<\/td><td class=\"column-3\">00177<\/td><td class=\"column-4\">1000<\/td><td class=\"column-5\">-<\/td><td class=\"column-6\">-<\/td><td class=\"column-7\">02177<\/td><td class=\"column-8\">M\/9<\/td>\n<\/tr>\n<tr class=\"row-18\">\n\t<td class=\"column-1\">N\u00ba 12\/14 x 7-1\/4 po<\/td><td class=\"column-2\">6,0 x 180<\/td><td class=\"column-3\">00179<\/td><td class=\"column-4\">1000<\/td><td class=\"column-5\">-<\/td><td class=\"column-6\">-<\/td><td class=\"column-7\">02179<\/td><td class=\"column-8\">M\/9<\/td>\n<\/tr>\n<tr class=\"row-19\">\n\t<td class=\"column-1\">N\u00ba 12\/14 x 8 po<\/td><td class=\"column-2\">6,0 x 200<\/td><td class=\"column-3\">00181<\/td><td class=\"column-4\">500<\/td><td class=\"column-5\">-<\/td><td class=\"column-6\">-<\/td><td class=\"column-7\">02181<\/td><td class=\"column-8\">M\/9<\/td>\n<\/tr>\n<tr class=\"row-20\">\n\t<td class=\"column-1\">N\u00ba 12\/14 x 10 po<\/td><td class=\"column-2\">6,0 x 250<\/td><td class=\"column-3\">-<\/td><td class=\"column-4\">-<\/td><td class=\"column-5\">-<\/td><td class=\"column-6\">-<\/td><td class=\"column-7\">02187<\/td><td class=\"column-8\">M\/12<\/td>\n<\/tr>\n<tr class=\"row-21\">\n\t<td class=\"column-1\">N\u00ba 12\/14 x 12 po<\/td><td class=\"column-2\">6,0 x 300<\/td><td class=\"column-3\">-<\/td><td class=\"column-4\">-<\/td><td class=\"column-5\">-<\/td><td class=\"column-6\">-<\/td><td class=\"column-7\">02193<\/td><td class=\"column-8\">M\/12<\/td>\n<\/tr>\n<\/tbody>\n<\/table>\n\n<\/div><!-- #tablepress-18 from cache -->\n<p>M\u00e8che de 2 po incluse dans les Pro-Pak, m\u00e8ches de 1 po dans les Handy-Pak.<\/p>\n<p>*\u00a0N\u2019est pas offert avec la caract\u00e9ristique Zip-Tip<sup>MC<\/sup>.<\/p>\n<p>REMARQUE : Les emballages Pro-Pak doivent \u00eatre command\u00e9s par multiple de deux.<\/p>\n","protected":false},"excerpt":{"rendered":"<p>Charpentez avec aisance et confiance. Vis polyvalentes pour le bois, les panneaux d\u2019agglom\u00e9r\u00e9, la t\u00f4le, les panneaux de fibrociment, les planches de bois et de mat\u00e9riau stratifi\u00e9 et la m\u00e9lamine. Elles sont autotaraudeuses, \u00e9liminant ainsi le pr\u00e9-per\u00e7age, et comportent une surface d\u2019appui avec des dents tranchantes, avec W-Cut<sup>MC<\/sup> pour r\u00e9duire les fissures, avec filetage CEE Thread<sup>MC<\/sup> pour \u00e9liminer les fissures et r\u00e9duire la torsion d\u2019installation, et sont dot\u00e9es de notre enduit Climatek<sup>MC<\/sup> conforme au code\u00a0AC257.<\/p>\n","protected":false},"featured_media":7446,"template":"","meta":{"_acf_changed":false,"inline_featured_image":false},"product_brand":[],"product_cat":[158],"product_tag":[],"class_list":{"0":"post-7514","1":"product","2":"type-product","3":"status-publish","4":"has-post-thumbnail","6":"product_cat-screws-fr","8":"first","9":"instock","10":"product-type-simple"},"acf":[],"yoast_head":"<!-- This site is optimized with the Yoast SEO plugin v27.2 - https:\/\/yoast.com\/product\/yoast-seo-wordpress\/ -->\n<title>Vis de charpente polyvalentes R4 - GRK Fasteners<\/title>\n<meta name=\"robots\" content=\"index, follow, max-snippet:-1, max-image-preview:large, max-video-preview:-1\" \/>\n<link rel=\"canonical\" href=\"https:\/\/grkfasteners.ca\/fr\/produit\/vis-de-charpente-polyvalentes-r4\/\" \/>\n<meta property=\"og:locale\" content=\"fr_FR\" \/>\n<meta property=\"og:type\" content=\"article\" \/>\n<meta property=\"og:title\" content=\"Vis de charpente polyvalentes R4 - GRK Fasteners\" \/>\n<meta property=\"og:description\" content=\"Charpentez avec aisance et confiance. Vis polyvalentes pour le bois, les panneaux d\u2019agglom\u00e9r\u00e9, la t\u00f4le, les panneaux de fibrociment, les planches de bois et de mat\u00e9riau stratifi\u00e9 et la m\u00e9lamine. Elles sont autotaraudeuses, \u00e9liminant ainsi le pr\u00e9-per\u00e7age, et comportent une surface d\u2019appui avec des dents tranchantes, avec W-CutMC pour r\u00e9duire les fissures, avec filetage CEE ThreadMC pour \u00e9liminer les fissures et r\u00e9duire la torsion d\u2019installation, et sont dot\u00e9es de notre enduit ClimatekMC conforme au code\u00a0AC257.\" \/>\n<meta property=\"og:url\" content=\"https:\/\/grkfasteners.ca\/fr\/produit\/vis-de-charpente-polyvalentes-r4\/\" \/>\n<meta property=\"og:site_name\" content=\"GRK Fasteners\" \/>\n<meta property=\"article:modified_time\" content=\"2021-06-09T18:40:25+00:00\" \/>\n<meta property=\"og:image\" content=\"https:\/\/grkfasteners.ca\/wp-content\/uploads\/sites\/4\/2020\/09\/GRK_R4_Screws_2.png\" \/>\n\t<meta property=\"og:image:width\" content=\"453\" \/>\n\t<meta property=\"og:image:height\" content=\"453\" \/>\n\t<meta property=\"og:image:type\" content=\"image\/png\" \/>\n<meta name=\"twitter:card\" content=\"summary_large_image\" \/>\n<meta name=\"twitter:label1\" content=\"Dur\u00e9e de lecture estim\u00e9e\" \/>\n\t<meta name=\"twitter:data1\" content=\"2 minutes\" \/>\n<script type=\"application\/ld+json\" class=\"yoast-schema-graph\">{\"@context\":\"https:\/\/schema.org\",\"@graph\":[{\"@type\":\"WebPage\",\"@id\":\"https:\/\/grkfasteners.ca\/fr\/produit\/vis-de-charpente-polyvalentes-r4\/\",\"url\":\"https:\/\/grkfasteners.ca\/fr\/produit\/vis-de-charpente-polyvalentes-r4\/\",\"name\":\"Vis de charpente polyvalentes R4 - GRK Fasteners\",\"isPartOf\":{\"@id\":\"https:\/\/grkfasteners.ca\/fr\/#website\"},\"primaryImageOfPage\":{\"@id\":\"https:\/\/grkfasteners.ca\/fr\/produit\/vis-de-charpente-polyvalentes-r4\/#primaryimage\"},\"image\":{\"@id\":\"https:\/\/grkfasteners.ca\/fr\/produit\/vis-de-charpente-polyvalentes-r4\/#primaryimage\"},\"thumbnailUrl\":\"https:\/\/grkfasteners.ca\/wp-content\/uploads\/sites\/4\/2020\/09\/GRK_R4_Screws_2.png\",\"datePublished\":\"2020-09-04T20:24:03+00:00\",\"dateModified\":\"2021-06-09T18:40:25+00:00\",\"breadcrumb\":{\"@id\":\"https:\/\/grkfasteners.ca\/fr\/produit\/vis-de-charpente-polyvalentes-r4\/#breadcrumb\"},\"inLanguage\":\"fr-FR\",\"potentialAction\":[{\"@type\":\"ReadAction\",\"target\":[\"https:\/\/grkfasteners.ca\/fr\/produit\/vis-de-charpente-polyvalentes-r4\/\"]}]},{\"@type\":\"ImageObject\",\"inLanguage\":\"fr-FR\",\"@id\":\"https:\/\/grkfasteners.ca\/fr\/produit\/vis-de-charpente-polyvalentes-r4\/#primaryimage\",\"url\":\"https:\/\/grkfasteners.ca\/wp-content\/uploads\/sites\/4\/2020\/09\/GRK_R4_Screws_2.png\",\"contentUrl\":\"https:\/\/grkfasteners.ca\/wp-content\/uploads\/sites\/4\/2020\/09\/GRK_R4_Screws_2.png\",\"width\":453,\"height\":453},{\"@type\":\"BreadcrumbList\",\"@id\":\"https:\/\/grkfasteners.ca\/fr\/produit\/vis-de-charpente-polyvalentes-r4\/#breadcrumb\",\"itemListElement\":[{\"@type\":\"ListItem\",\"position\":1,\"name\":\"Home\",\"item\":\"https:\/\/grkfasteners.ca\/fr\/\"},{\"@type\":\"ListItem\",\"position\":2,\"name\":\"Boutique\",\"item\":\"https:\/\/grkfasteners.ca\/fr\/boutique\/\"},{\"@type\":\"ListItem\",\"position\":3,\"name\":\"Vis de charpente polyvalentes R4\"}]},{\"@type\":\"WebSite\",\"@id\":\"https:\/\/grkfasteners.ca\/fr\/#website\",\"url\":\"https:\/\/grkfasteners.ca\/fr\/\",\"name\":\"GRK Fasteners\",\"description\":\"Drive with Speed, Quality and Confidence\",\"potentialAction\":[{\"@type\":\"SearchAction\",\"target\":{\"@type\":\"EntryPoint\",\"urlTemplate\":\"https:\/\/grkfasteners.ca\/fr\/?s={search_term_string}\"},\"query-input\":{\"@type\":\"PropertyValueSpecification\",\"valueRequired\":true,\"valueName\":\"search_term_string\"}}],\"inLanguage\":\"fr-FR\"}]}<\/script>\n<!-- \/ Yoast SEO plugin. -->","yoast_head_json":{"title":"Vis de charpente polyvalentes R4 - GRK Fasteners","robots":{"index":"index","follow":"follow","max-snippet":"max-snippet:-1","max-image-preview":"max-image-preview:large","max-video-preview":"max-video-preview:-1"},"canonical":"https:\/\/grkfasteners.ca\/fr\/produit\/vis-de-charpente-polyvalentes-r4\/","og_locale":"fr_FR","og_type":"article","og_title":"Vis de charpente polyvalentes R4 - GRK Fasteners","og_description":"Charpentez avec aisance et confiance. Vis polyvalentes pour le bois, les panneaux d\u2019agglom\u00e9r\u00e9, la t\u00f4le, les panneaux de fibrociment, les planches de bois et de mat\u00e9riau stratifi\u00e9 et la m\u00e9lamine. Elles sont autotaraudeuses, \u00e9liminant ainsi le pr\u00e9-per\u00e7age, et comportent une surface d\u2019appui avec des dents tranchantes, avec W-CutMC pour r\u00e9duire les fissures, avec filetage CEE ThreadMC pour \u00e9liminer les fissures et r\u00e9duire la torsion d\u2019installation, et sont dot\u00e9es de notre enduit ClimatekMC conforme au code\u00a0AC257.","og_url":"https:\/\/grkfasteners.ca\/fr\/produit\/vis-de-charpente-polyvalentes-r4\/","og_site_name":"GRK Fasteners","article_modified_time":"2021-06-09T18:40:25+00:00","og_image":[{"width":453,"height":453,"url":"https:\/\/grkfasteners.ca\/wp-content\/uploads\/sites\/4\/2020\/09\/GRK_R4_Screws_2.png","type":"image\/png"}],"twitter_card":"summary_large_image","twitter_misc":{"Dur\u00e9e de lecture estim\u00e9e":"2 minutes"},"schema":{"@context":"https:\/\/schema.org","@graph":[{"@type":"WebPage","@id":"https:\/\/grkfasteners.ca\/fr\/produit\/vis-de-charpente-polyvalentes-r4\/","url":"https:\/\/grkfasteners.ca\/fr\/produit\/vis-de-charpente-polyvalentes-r4\/","name":"Vis de charpente polyvalentes R4 - GRK Fasteners","isPartOf":{"@id":"https:\/\/grkfasteners.ca\/fr\/#website"},"primaryImageOfPage":{"@id":"https:\/\/grkfasteners.ca\/fr\/produit\/vis-de-charpente-polyvalentes-r4\/#primaryimage"},"image":{"@id":"https:\/\/grkfasteners.ca\/fr\/produit\/vis-de-charpente-polyvalentes-r4\/#primaryimage"},"thumbnailUrl":"https:\/\/grkfasteners.ca\/wp-content\/uploads\/sites\/4\/2020\/09\/GRK_R4_Screws_2.png","datePublished":"2020-09-04T20:24:03+00:00","dateModified":"2021-06-09T18:40:25+00:00","breadcrumb":{"@id":"https:\/\/grkfasteners.ca\/fr\/produit\/vis-de-charpente-polyvalentes-r4\/#breadcrumb"},"inLanguage":"fr-FR","potentialAction":[{"@type":"ReadAction","target":["https:\/\/grkfasteners.ca\/fr\/produit\/vis-de-charpente-polyvalentes-r4\/"]}]},{"@type":"ImageObject","inLanguage":"fr-FR","@id":"https:\/\/grkfasteners.ca\/fr\/produit\/vis-de-charpente-polyvalentes-r4\/#primaryimage","url":"https:\/\/grkfasteners.ca\/wp-content\/uploads\/sites\/4\/2020\/09\/GRK_R4_Screws_2.png","contentUrl":"https:\/\/grkfasteners.ca\/wp-content\/uploads\/sites\/4\/2020\/09\/GRK_R4_Screws_2.png","width":453,"height":453},{"@type":"BreadcrumbList","@id":"https:\/\/grkfasteners.ca\/fr\/produit\/vis-de-charpente-polyvalentes-r4\/#breadcrumb","itemListElement":[{"@type":"ListItem","position":1,"name":"Home","item":"https:\/\/grkfasteners.ca\/fr\/"},{"@type":"ListItem","position":2,"name":"Boutique","item":"https:\/\/grkfasteners.ca\/fr\/boutique\/"},{"@type":"ListItem","position":3,"name":"Vis de charpente polyvalentes R4"}]},{"@type":"WebSite","@id":"https:\/\/grkfasteners.ca\/fr\/#website","url":"https:\/\/grkfasteners.ca\/fr\/","name":"GRK Fasteners","description":"Drive with Speed, Quality and Confidence","potentialAction":[{"@type":"SearchAction","target":{"@type":"EntryPoint","urlTemplate":"https:\/\/grkfasteners.ca\/fr\/?s={search_term_string}"},"query-input":{"@type":"PropertyValueSpecification","valueRequired":true,"valueName":"search_term_string"}}],"inLanguage":"fr-FR"}]}},"_links":{"self":[{"href":"https:\/\/grkfasteners.ca\/fr\/wp-json\/wp\/v2\/product\/7514","targetHints":{"allow":["GET"]}}],"collection":[{"href":"https:\/\/grkfasteners.ca\/fr\/wp-json\/wp\/v2\/product"}],"about":[{"href":"https:\/\/grkfasteners.ca\/fr\/wp-json\/wp\/v2\/types\/product"}],"wp:featuredmedia":[{"embeddable":true,"href":"https:\/\/grkfasteners.ca\/fr\/wp-json\/wp\/v2\/media\/7446"}],"wp:attachment":[{"href":"https:\/\/grkfasteners.ca\/fr\/wp-json\/wp\/v2\/media?parent=7514"}],"wp:term":[{"taxonomy":"product_brand","embeddable":true,"href":"https:\/\/grkfasteners.ca\/fr\/wp-json\/wp\/v2\/product_brand?post=7514"},{"taxonomy":"product_cat","embeddable":true,"href":"https:\/\/grkfasteners.ca\/fr\/wp-json\/wp\/v2\/product_cat?post=7514"},{"taxonomy":"product_tag","embeddable":true,"href":"https:\/\/grkfasteners.ca\/fr\/wp-json\/wp\/v2\/product_tag?post=7514"}],"curies":[{"name":"wp","href":"https:\/\/api.w.org\/{rel}","templated":true}]}}