{"id":7541,"date":"2018-12-17T08:46:49","date_gmt":"2018-12-17T08:46:49","guid":{"rendered":"https:\/\/grkfasteners.ca\/about\/"},"modified":"2021-01-22T17:40:36","modified_gmt":"2021-01-22T17:40:36","slug":"a-propos","status":"publish","type":"page","link":"https:\/\/grkfasteners.ca\/fr\/a-propos\/","title":{"rendered":"\u00c0 Propos de GRK"},"content":{"rendered":"<div class=\"wpb-content-wrapper\"><p>[vc_row row_content_width=\u00a0\u00bbgrid\u00a0\u00bb row_btt_skin=\u00a0\u00bblight\u00a0\u00bb row_background_text_position=\u00a0\u00bbfront\u00a0\u00bb row_skin=\u00a0\u00bbdark\u00a0\u00bb][vc_column][vc_column_text]<\/p>\n<h3 class=\"mkdf-st-title\" style=\"color: #8b1538;\">Nous offrons vitesse, qualit\u00e9 et confiance depuis plus de 25 ans<\/h3>\n<p>&nbsp;<\/p>\n<p>En 1983, Uli Walther a \u00e9t\u00e9 embauch\u00e9 par le fabricant de vis allemand Reisser Schraubentechnik GmbH \u00e0 Kuenzelsau, en Allemagne, pour g\u00e9rer les op\u00e9rations suisses de Reisser. Apr\u00e8s avoir g\u00e9r\u00e9 avec succ\u00e8s le site de Moehlin, en Suisse, Uli s&rsquo;est vu offrir le poste de directeur g\u00e9n\u00e9ral des op\u00e9rations nord-am\u00e9ricaines.<\/p>\n<p>En juin 1990, la famille Walther a visit\u00e9 quatre communaut\u00e9s de l&rsquo;Ontario sur une liste restreinte. Bien que les responsables du d\u00e9veloppement \u00e9conomique dans d&rsquo;autres villes aient travaill\u00e9 dur pour que Reisser s&rsquo;y installe ; en fin de compte, les Walther ont estim\u00e9 que Thunder Bay avait le plus \u00e0 offrir \u00e0 leur famille et \u00e0 leur entreprise. GRK Canada Limited a \u00e9t\u00e9 fond\u00e9e en septembre 1990.<\/p>\n<p>Les ann\u00e9es 1990 \u00e0 1992 ont \u00e9t\u00e9 tr\u00e8s difficiles pour GRK. L&rsquo;ing\u00e9rence du si\u00e8ge allemand et la faillite de Reisser Schraubentechnik GmbH en 1992 ont laiss\u00e9 peu d&rsquo;options \u00e0 la famille Walther. Ainsi, en janvier 1993, Uli, Gerda et trois investisseurs bas\u00e9s \u00e0 Thunder Bay ont pris possession de GRK.<\/p>\n<p>Au fil des ann\u00e9es, le succ\u00e8s de GRK a continu\u00e9 de cro\u00eetre. Les partenaires grossistes et les d\u00e9taillants de mat\u00e9riaux de construction dans tous les coins des \u00c9tats-Unis voyaient l&rsquo;int\u00e9r\u00eat de fournir \u00ab les vis les plus r\u00e9sistantes de l&rsquo;industrie \u00bb \u00e0 leurs clients.<\/p>\n<p>Le succ\u00e8s de GRK aux \u00c9tats-Unis a attir\u00e9 l&rsquo;attention des entreprises de mat\u00e9riaux de construction et de fixations d&rsquo;autres continents. \u00c0 partir de la fin des ann\u00e9es 1990, GRK a entam\u00e9 des relations avec des partenaires grossistes au Japon et en Europe, ce qui a finalement n\u00e9cessit\u00e9 la cr\u00e9ation d&rsquo;un bureau de vente allemand, situ\u00e9 \u00e0 Egringen, en Allemagne, \u00e0 seulement quelques kilom\u00e8tres de la ville natale des Walthers, Binzen. Naturellement, cette soci\u00e9t\u00e9 s&rsquo;appelait GRK Europe GmbH.<\/p>\n<p>GRK a continu\u00e9 de prosp\u00e9rer, ajoutant de nouveaux produits, plus d&#8217;employ\u00e9s et agrandissant consid\u00e9rablement ses installations \u00e0 Thunder Bay. Ceci n&rsquo;est pas seulement d\u00fb au travail acharn\u00e9 de Walther, mais \u00e9galement au d\u00e9vouement de tous les employ\u00e9s et repr\u00e9sentants des ventes qui travaillent pour faire de GRK le nom le plus important du secteur des fixations de construction de haute qualit\u00e9. Au printemps 2011, GRK a \u00e9t\u00e9 acquis par ITW Construction Canada.<\/p>\n<p><a href=\"https:\/\/grkfasteners.ca\/fr\/\" target=\"_blank\" rel=\"noopener\">GRK Fasteners<\/a>, une unit\u00e9 commerciale <a href=\"https:\/\/itwconstruction.ca\/fr\/\" target=\"_blank\" rel=\"noopener\">d&rsquo;ITW Construction Products Canada<\/a>, une division d&rsquo;<a href=\"https:\/\/itw.com\" target=\"_blank\" rel=\"noopener\">Illinois Tool Works<\/a>, est un chef de file dans la fabrication d&rsquo;attaches structurelles pour le bois et d&rsquo;autres vis \u00e0 bois sp\u00e9cialis\u00e9es. GRK propose une gamme compl\u00e8te d\u2019attaches pour de nombreuses applications diff\u00e9rentes et une gamme de tailles qui ne peuvent \u00eatre \u00e9gal\u00e9es par les gammes de produits combin\u00e9es de deux concurrents. Tous les produits GRK sont uniques et font l\u2019objet d\u2019au moins un brevet. GRK vise toujours \u00e0 am\u00e9liorer ses attaches existantes et \u00e0 d\u00e9velopper de nouveaux produits passionnants pour les professionnels et les bricoleurs du monde entier. GRK est une entreprise fond\u00e9e sur l&rsquo;innovation et la qualit\u00e9 et elle continuera d&rsquo;\u00eatre guid\u00e9e par son engagement envers l&rsquo;invention et l&rsquo;\u00e9tablissement de normes toujours plus strictes.<\/p>\n<p>Pour en savoir plus sur le produit ou pour trouver un d\u00e9taillant, veuillez visiter <a href=\"https:\/\/grkfasteners.ca\/fr\/\" target=\"_blank\" rel=\"noopener\">www.grkfasteners.ca<\/a> ou composer le <a href=\"tel:+18003876472\" target=\"_blank\" rel=\"noopener\">800-387-6472<\/a>.[\/vc_column_text][\/vc_column][vc_column][\/vc_column][\/vc_row][vc_row row_content_width=\u00a0\u00bbgrid\u00a0\u00bb row_btt_skin=\u00a0\u00bblight\u00a0\u00bb row_background_text_position=\u00a0\u00bbfront\u00a0\u00bb][vc_column width=\u00a0\u00bb1\/2&Prime;]<div class=\"mkdf-banner-holder  mkdf-hover-background-color mkdf-banner-info-default\">\n    <div class=\"mkdf-banner-image\">\n            <\/div>\n    <div class=\"mkdf-banner-text-holder\" style=\"padding: 35px 22px 31px 0\">\n\t    <div class=\"mkdf-banner-text-outer\">\n\t\t    <div class=\"mkdf-banner-text-inner\">\n\t\t        \t\t            <h5 class=\"mkdf-banner-subtitle\" style=\"font-size: 12px;color: #57585b\">\n\t\t\t            OUR PRODUCTS\t\t            <\/h5>\n\t\t        \t\t        \t\t            <h4 class=\"mkdf-banner-title\" style=\"color: #8b1538;margin-top: -3px\">\n\t\t                Screws\t                <\/h4>\n\t\t        \t\t\t\t                    <a itemprop=\"url\" href=\"\/product-category\/screws\/\" target=\"_self\"  class=\"mkdf-btn mkdf-btn-medium mkdf-btn-simple\"  >\n    <span class=\"mkdf-btn-text\"><\/span>\n    <\/a>\t\t        \t\t\t<\/div>\n\t\t<\/div>\n\t<\/div>\n\t        <a itemprop=\"url\" class=\"mkdf-banner-link\" href=\"\/product-category\/screws\/\" target=\"_self\"><\/a>\n    <div class=\"mkdf-banner-bottom-line\" ><\/div>\n<\/div>[vc_empty_space][\/vc_column][vc_column width=\u00a0\u00bb1\/2&Prime;]<div class=\"mkdf-banner-holder  mkdf-hover-background-color mkdf-banner-info-default\">\n    <div class=\"mkdf-banner-image\">\n            <\/div>\n    <div class=\"mkdf-banner-text-holder\" style=\"padding: 35px 22px 31px 0\">\n\t    <div class=\"mkdf-banner-text-outer\">\n\t\t    <div class=\"mkdf-banner-text-inner\">\n\t\t        \t\t            <h5 class=\"mkdf-banner-subtitle\" style=\"font-size: 12px;color: #57585b\">\n\t\t\t            OUR PRODUCTS\t\t            <\/h5>\n\t\t        \t\t        \t\t            <h4 class=\"mkdf-banner-title\" style=\"color: #8b1538;margin-top: -3px\">\n\t\t                Bits\t                <\/h4>\n\t\t        \t\t\t\t                    <a itemprop=\"url\" href=\"\/product-category\/bits\/\" target=\"_self\"  class=\"mkdf-btn mkdf-btn-medium mkdf-btn-simple\"  >\n    <span class=\"mkdf-btn-text\"><\/span>\n    <\/a>\t\t        \t\t\t<\/div>\n\t\t<\/div>\n\t<\/div>\n\t        <a itemprop=\"url\" class=\"mkdf-banner-link\" href=\"\/product-category\/bits\/\" target=\"_self\"><\/a>\n    <div class=\"mkdf-banner-bottom-line\" ><\/div>\n<\/div>[vc_empty_space][\/vc_column][\/vc_row]<\/p>\n<\/div>","protected":false},"excerpt":{"rendered":"<p>[vc_row row_content_width=\u00a0\u00bbgrid\u00a0\u00bb row_btt_skin=\u00a0\u00bblight\u00a0\u00bb row_background_text_position=\u00a0\u00bbfront\u00a0\u00bb row_skin=\u00a0\u00bbdark\u00a0\u00bb][vc_column][vc_column_text] Nous offrons vitesse, qualit\u00e9 et confiance depuis plus de 25 ans &nbsp; En 1983, Uli Walther a \u00e9t\u00e9 embauch\u00e9 par le fabricant de vis allemand Reisser Schraubentechnik GmbH \u00e0 Kuenzelsau, en Allemagne, pour g\u00e9rer les [&hellip;]<\/p>\n","protected":false},"author":1,"featured_media":0,"parent":0,"menu_order":0,"comment_status":"closed","ping_status":"closed","template":"full-width.php","meta":{"_acf_changed":false,"inline_featured_image":false,"footnotes":""},"class_list":["post-7541","page","type-page","status-publish","hentry"],"acf":[],"yoast_head":"<!-- This site is optimized with the Yoast SEO plugin v27.2 - https:\/\/yoast.com\/product\/yoast-seo-wordpress\/ -->\n<title>\u00c0 Propos de GRK - GRK Fasteners<\/title>\n<meta name=\"description\" content=\"GRK Fasteners, a business unit of ITW Construction Products Canada, a division of Illinois Tool Works, is a leading manufacturer of structural wood fasteners and other specialty wood screws.\" \/>\n<meta name=\"robots\" content=\"index, follow, max-snippet:-1, max-image-preview:large, max-video-preview:-1\" \/>\n<link rel=\"canonical\" href=\"https:\/\/grkfasteners.ca\/fr\/a-propos\/\" \/>\n<meta property=\"og:locale\" content=\"fr_FR\" \/>\n<meta property=\"og:type\" content=\"article\" \/>\n<meta property=\"og:title\" content=\"\u00c0 Propos de GRK - GRK Fasteners\" \/>\n<meta property=\"og:description\" content=\"GRK Fasteners, a business unit of ITW Construction Products Canada, a division of Illinois Tool Works, is a leading manufacturer of structural wood fasteners and other specialty wood screws.\" \/>\n<meta property=\"og:url\" content=\"https:\/\/grkfasteners.ca\/fr\/a-propos\/\" \/>\n<meta property=\"og:site_name\" content=\"GRK Fasteners\" \/>\n<meta property=\"article:modified_time\" content=\"2021-01-22T17:40:36+00:00\" \/>\n<meta name=\"twitter:card\" content=\"summary_large_image\" \/>\n<meta name=\"twitter:label1\" content=\"Dur\u00e9e de lecture estim\u00e9e\" \/>\n\t<meta name=\"twitter:data1\" content=\"3 minutes\" \/>\n<script type=\"application\/ld+json\" class=\"yoast-schema-graph\">{\"@context\":\"https:\/\/schema.org\",\"@graph\":[{\"@type\":\"WebPage\",\"@id\":\"https:\/\/grkfasteners.ca\/fr\/a-propos\/\",\"url\":\"https:\/\/grkfasteners.ca\/fr\/a-propos\/\",\"name\":\"\u00c0 Propos de GRK - GRK Fasteners\",\"isPartOf\":{\"@id\":\"https:\/\/grkfasteners.ca\/fr\/#website\"},\"datePublished\":\"2018-12-17T08:46:49+00:00\",\"dateModified\":\"2021-01-22T17:40:36+00:00\",\"description\":\"GRK Fasteners, a business unit of ITW Construction Products Canada, a division of Illinois Tool Works, is a leading manufacturer of structural wood fasteners and other specialty wood screws.\",\"breadcrumb\":{\"@id\":\"https:\/\/grkfasteners.ca\/fr\/a-propos\/#breadcrumb\"},\"inLanguage\":\"fr-FR\",\"potentialAction\":[{\"@type\":\"ReadAction\",\"target\":[\"https:\/\/grkfasteners.ca\/fr\/a-propos\/\"]}]},{\"@type\":\"BreadcrumbList\",\"@id\":\"https:\/\/grkfasteners.ca\/fr\/a-propos\/#breadcrumb\",\"itemListElement\":[{\"@type\":\"ListItem\",\"position\":1,\"name\":\"Home\",\"item\":\"https:\/\/grkfasteners.ca\/fr\/\"},{\"@type\":\"ListItem\",\"position\":2,\"name\":\"\u00c0 Propos de GRK\"}]},{\"@type\":\"WebSite\",\"@id\":\"https:\/\/grkfasteners.ca\/fr\/#website\",\"url\":\"https:\/\/grkfasteners.ca\/fr\/\",\"name\":\"GRK Fasteners\",\"description\":\"Drive with Speed, Quality and Confidence\",\"potentialAction\":[{\"@type\":\"SearchAction\",\"target\":{\"@type\":\"EntryPoint\",\"urlTemplate\":\"https:\/\/grkfasteners.ca\/fr\/?s={search_term_string}\"},\"query-input\":{\"@type\":\"PropertyValueSpecification\",\"valueRequired\":true,\"valueName\":\"search_term_string\"}}],\"inLanguage\":\"fr-FR\"}]}<\/script>\n<!-- \/ Yoast SEO plugin. -->","yoast_head_json":{"title":"\u00c0 Propos de GRK - GRK Fasteners","description":"GRK Fasteners, a business unit of ITW Construction Products Canada, a division of Illinois Tool Works, is a leading manufacturer of structural wood fasteners and other specialty wood screws.","robots":{"index":"index","follow":"follow","max-snippet":"max-snippet:-1","max-image-preview":"max-image-preview:large","max-video-preview":"max-video-preview:-1"},"canonical":"https:\/\/grkfasteners.ca\/fr\/a-propos\/","og_locale":"fr_FR","og_type":"article","og_title":"\u00c0 Propos de GRK - GRK Fasteners","og_description":"GRK Fasteners, a business unit of ITW Construction Products Canada, a division of Illinois Tool Works, is a leading manufacturer of structural wood fasteners and other specialty wood screws.","og_url":"https:\/\/grkfasteners.ca\/fr\/a-propos\/","og_site_name":"GRK Fasteners","article_modified_time":"2021-01-22T17:40:36+00:00","twitter_card":"summary_large_image","twitter_misc":{"Dur\u00e9e de lecture estim\u00e9e":"3 minutes"},"schema":{"@context":"https:\/\/schema.org","@graph":[{"@type":"WebPage","@id":"https:\/\/grkfasteners.ca\/fr\/a-propos\/","url":"https:\/\/grkfasteners.ca\/fr\/a-propos\/","name":"\u00c0 Propos de GRK - GRK Fasteners","isPartOf":{"@id":"https:\/\/grkfasteners.ca\/fr\/#website"},"datePublished":"2018-12-17T08:46:49+00:00","dateModified":"2021-01-22T17:40:36+00:00","description":"GRK Fasteners, a business unit of ITW Construction Products Canada, a division of Illinois Tool Works, is a leading manufacturer of structural wood fasteners and other specialty wood screws.","breadcrumb":{"@id":"https:\/\/grkfasteners.ca\/fr\/a-propos\/#breadcrumb"},"inLanguage":"fr-FR","potentialAction":[{"@type":"ReadAction","target":["https:\/\/grkfasteners.ca\/fr\/a-propos\/"]}]},{"@type":"BreadcrumbList","@id":"https:\/\/grkfasteners.ca\/fr\/a-propos\/#breadcrumb","itemListElement":[{"@type":"ListItem","position":1,"name":"Home","item":"https:\/\/grkfasteners.ca\/fr\/"},{"@type":"ListItem","position":2,"name":"\u00c0 Propos de GRK"}]},{"@type":"WebSite","@id":"https:\/\/grkfasteners.ca\/fr\/#website","url":"https:\/\/grkfasteners.ca\/fr\/","name":"GRK Fasteners","description":"Drive with Speed, Quality and Confidence","potentialAction":[{"@type":"SearchAction","target":{"@type":"EntryPoint","urlTemplate":"https:\/\/grkfasteners.ca\/fr\/?s={search_term_string}"},"query-input":{"@type":"PropertyValueSpecification","valueRequired":true,"valueName":"search_term_string"}}],"inLanguage":"fr-FR"}]}},"_links":{"self":[{"href":"https:\/\/grkfasteners.ca\/fr\/wp-json\/wp\/v2\/pages\/7541","targetHints":{"allow":["GET"]}}],"collection":[{"href":"https:\/\/grkfasteners.ca\/fr\/wp-json\/wp\/v2\/pages"}],"about":[{"href":"https:\/\/grkfasteners.ca\/fr\/wp-json\/wp\/v2\/types\/page"}],"author":[{"embeddable":true,"href":"https:\/\/grkfasteners.ca\/fr\/wp-json\/wp\/v2\/users\/1"}],"replies":[{"embeddable":true,"href":"https:\/\/grkfasteners.ca\/fr\/wp-json\/wp\/v2\/comments?post=7541"}],"version-history":[{"count":0,"href":"https:\/\/grkfasteners.ca\/fr\/wp-json\/wp\/v2\/pages\/7541\/revisions"}],"wp:attachment":[{"href":"https:\/\/grkfasteners.ca\/fr\/wp-json\/wp\/v2\/media?parent=7541"}],"curies":[{"name":"wp","href":"https:\/\/api.w.org\/{rel}","templated":true}]}}